{"id":949,"date":"2025-03-15T21:07:21","date_gmt":"2025-03-15T21:07:21","guid":{"rendered":"https:\/\/keysdock.com\/?post_type=product&#038;p=949"},"modified":"2025-10-19T07:29:23","modified_gmt":"2025-10-19T07:29:23","slug":"office-2019-professional-plus-key-licenta","status":"publish","type":"product","link":"https:\/\/keysdock.tajnaveza.net\/ro\/produs\/office-2019-professional-plus-key-licenta\/","title":{"rendered":"Office 2019 Professional Plus Product Key Licenta"},"content":{"rendered":"<p><strong>Microsoft Office 2019 Professional Plus - Cea mai bun\u0103 suit\u0103 de productivitate pentru \u00eentreprinderi \u0219i profesioni\u0219ti<\/strong><\/p>\n<h3><strong>Descriere<\/strong><\/h3>\n<p>Microsoft Office 2019 Professional Plus este un <strong>suit\u0103 de productivitate puternic\u0103, bogat\u0103 \u00een func\u021bii \u0219i de nivel enterprise<\/strong> concepute pentru <strong>\u00eentreprinderi, profesioni\u0219ti \u0219i organiza\u021bii<\/strong> care necesit\u0103 <strong>instrumente avansate de creare a documentelor, gestionare a datelor \u0219i colaborare<\/strong>. Cu \u00eembun\u0103t\u0103\u021birea <strong>caracteristici de securitate, conectivitate cloud \u0219i productivitate<\/strong>, Office 2019 Professional Plus ofer\u0103 o interfa\u021b\u0103 perfect\u0103 <strong>experien\u021b\u0103 de lucru offline \u0219i online<\/strong> f\u0103r\u0103 a necesita un abonament.<\/p>\n<p>Aceasta <strong>achizi\u021bie unic\u0103<\/strong> edi\u021bia este perfect\u0103 pentru cei care au nevoie de <strong>fiabilitate pe termen lung \u0219i aplica\u021bii Office puternice<\/strong> f\u0103r\u0103 actualiz\u0103ri frecvente sau dependen\u021be de cloud.<\/p>\n<h3><strong>Aplica\u021bii incluse<\/strong><\/h3>\n<ul>\n<li><strong>Cuv\u00e2nt 2019<\/strong> - Procesare avansat\u0103 de text cu instrumente \u00eembun\u0103t\u0103\u021bite de colaborare \u0219i formatare.<\/li>\n<li><strong>Excel 2019<\/strong> - Foi de calcul \u00eembun\u0103t\u0103\u021bite cu <strong>noi func\u021bii de analiz\u0103 a datelor, Power Query, Power Pivot \u0219i grafice<\/strong>.<\/li>\n<li><strong>PowerPoint 2019<\/strong> - Crea\u021bi prezent\u0103ri captivante cu <strong>Tranzi\u021bie Morph, export video 4K \u0219i func\u021bie Zoom<\/strong>.<\/li>\n<li><strong>Outlook 2019<\/strong> - Gestionarea eficient\u0103 a e-mailului \u0219i a calendarului cu <strong>Inbox concentrat \u0219i c\u0103utare \u00eembun\u0103t\u0103\u021bit\u0103<\/strong>.<\/li>\n<li><strong>Access 2019<\/strong> - Un sistem puternic de gestionare a bazelor de date pentru <strong>urm\u0103rirea, automatizarea \u0219i raportarea datelor<\/strong>.<\/li>\n<li><strong>Editor 2019<\/strong> - Crea\u021bi materiale de marketing \u0219i publica\u021bii de afaceri de calitate profesional\u0103.<\/li>\n<li><strong>OneNote<\/strong> - Luare de noti\u021be digital\u0103 cu <strong>sincronizare \u00een cloud pentru organizare \u0219i accesibilitate<\/strong>.<\/li>\n<li><strong>Skype pentru afaceri<\/strong> - Instrumente de comunicare integrate pentru <strong>videoconferin\u021be \u0219i mesagerie<\/strong>.<\/li>\n<\/ul>\n<h3><strong>Caracteristici principale<\/strong><\/h3>\n<p>\u2705 <strong>Achizi\u021bie o singur\u0103 dat\u0103, f\u0103r\u0103 abonament<\/strong> - <strong>De\u021bine\u021bi Office 2019 permanent<\/strong> f\u0103r\u0103 taxe recurente.<br \/>\n\u2705 <strong>Instrumente de productivitate \u00eembun\u0103t\u0103\u021bite<\/strong> - <strong>Func\u021bii bazate pe inteligen\u021b\u0103 artificial\u0103<\/strong> \u00een Word, Excel \u0219i Outlook pentru o mai bun\u0103 eficien\u021b\u0103.<br \/>\n\u2705 <strong>Op\u021biuni de stocare local\u0103 \u0219i \u00een cloud<\/strong> - Salvarea \u0219i accesarea documentelor <strong>local sau prin OneDrive &amp; SharePoint<\/strong>.<br \/>\n\u2705 <strong>Analiza avansat\u0103 a datelor \u00een Excel<\/strong> - Utilizare <strong>XLOOKUP, grafice noi \u0219i Power Query<\/strong> pentru o mai bun\u0103 \u00een\u021belegere a datelor.<br \/>\n\u2705 <strong>Gestionarea mai inteligent\u0103 a e-mailurilor \u00een Outlook<\/strong> - <strong>Inbox concentrat, @men\u021biuni \u0219i func\u021bii de calendar \u00eembun\u0103t\u0103\u021bite<\/strong>.<br \/>\n\u2705 <strong>Caracteristici de colaborare \u00eembun\u0103t\u0103\u021bite<\/strong> - <strong>Coautorat \u00een timp real<\/strong> \u00een Word \u0219i PowerPoint pentru lucrul \u00een echip\u0103.<br \/>\n\u2705 <strong>Securitate \u0219i conformitate \u00eembun\u0103t\u0103\u021bite<\/strong> - <strong>Prevenirea pierderii de date (DLP), autentificarea cu mai mul\u021bi factori \u0219i criptarea fi\u0219ierelor \u00eencorporate<\/strong>.<br \/>\n\u2705 <strong>Interfa\u021b\u0103 utilizator modernizat\u0103<\/strong> - A <strong>design mai curat, mai intuitiv<\/strong> pentru cre\u0219terea productivit\u0103\u021bii.<br \/>\n\u2705 <strong>Performan\u021b\u0103 \u0219i stabilitate mai bune<\/strong> - R\u0103spuns mai rapid al aplica\u021biei, <strong>timpi de pornire optimiza\u021bi \u0219i multitasking \u00eembun\u0103t\u0103\u021bit<\/strong>.<\/p>\n<h3><strong>Cerin\u021be minime de sistem<\/strong><\/h3>\n<ul>\n<li class=\"translation-block\"><strong>Procesor<\/strong>: 1,6 GHz sau mai rapid, procesor dual-core<\/li>\n<li class=\"translation-block\"><strong>RAM<\/strong>: 4 GB (64 de bi\u021bi) \/ 2 GB (32 de bi\u021bi)<\/li>\n<li class=\"translation-block\"><strong>Storage<\/strong>: 4 GB spa\u021biu disponibil pe disc<\/li>\n<li class=\"translation-block\"><strong>Display<\/strong>: rezolu\u021bie 1280\u00d7768 sau mai mare<\/li>\n<li><strong>Sistem de operare<\/strong>: Windows 10, Windows 11, Windows Server 2019<\/li>\n<li class=\"translation-block\"><strong>Graphics<\/strong>: DirectX 9 sau ulterior cu driver WDDM 2.0+<\/li>\n<li class=\"translation-block\"><strong>Conectare la internet<\/strong>: Necesar\u0103 pentru activare, actualiz\u0103ri \u0219i servicii cloud<\/li>\n<\/ul>\n<h3><strong>De ce s\u0103 alege\u021bi Microsoft Office 2019 Professional Plus?<\/strong><\/h3>\n<p>\ud83d\udd39 <strong>Cel mai bun pentru \u00eentreprinderi \u0219i utilizatori avansa\u021bi<\/strong> - Plin de func\u021bii pentru <strong>crearea de documente, gestionarea datelor \u0219i comunicarea profesional\u0103<\/strong>.<br \/>\n\ud83d\udd39 <strong>F\u0103r\u0103 taxe recurente<\/strong> - <strong>Achizi\u021bie unic\u0103<\/strong> asigur\u0103 un raport cost-eficacitate \u00een timp.<br \/>\n\ud83d\udd39 <strong>Integrare perfect\u0103<\/strong> - Func\u021bioneaz\u0103 cu <strong>OneDrive, SharePoint \u0219i Exchange<\/strong> pentru productivitatea afacerii.<br \/>\n\ud83d\udd39 <strong>Instrumente puternice de date<\/strong> - Avansat <strong>Func\u021bii Excel, tranzi\u021bii PowerPoint \u0219i automatizare Outlook<\/strong>.<br \/>\n\ud83d\udd39 <strong>Fiabil \u0219i sigur<\/strong> - <strong>Securitate \u0219i conformitate la nivel de \u00eentreprindere<\/strong> pentru a proteja datele de afaceri sensibile.<\/p>\n<p>Actualiza\u021bi la <strong>Microsoft Office 2019 Professional Plus<\/strong> ast\u0103zi \u0219i experimenta\u021bi <strong>o suit\u0103 de productivitate puternic\u0103, sigur\u0103 \u0219i eficient\u0103<\/strong> construit pentru \u00eentreprinderile moderne! \ud83d\ude80\ud83d\udcbb\ud83d\udcca<\/p>","protected":false},"excerpt":{"rendered":"<p>Microsoft Office 2019 Professional Plus \u2013 The Ultimate Productivity Suite for Businesses &amp; Professionals Description Microsoft Office 2019 Professional Plus is a powerful, feature-rich, and enterprise-level productivity suite designed for businesses, professionals, and organizations that require advanced document creation, data management, and collaboration tools. With enhanced security, cloud connectivity, and productivity features, Office 2019 Professional [&hellip;]<\/p>","protected":false},"featured_media":1080,"comment_status":"open","ping_status":"closed","template":"","meta":{"_gspb_post_css":""},"product_brand":[],"product_cat":[62],"product_tag":[63],"class_list":{"0":"post-949","1":"product","2":"type-product","3":"status-publish","4":"has-post-thumbnail","6":"product_cat-office","7":"product_tag-office-pc","9":"first","10":"instock","11":"shipping-taxable","12":"product-type-external"},"_links":{"self":[{"href":"https:\/\/keysdock.tajnaveza.net\/ro\/wp-json\/wp\/v2\/product\/949","targetHints":{"allow":["GET"]}}],"collection":[{"href":"https:\/\/keysdock.tajnaveza.net\/ro\/wp-json\/wp\/v2\/product"}],"about":[{"href":"https:\/\/keysdock.tajnaveza.net\/ro\/wp-json\/wp\/v2\/types\/product"}],"replies":[{"embeddable":true,"href":"https:\/\/keysdock.tajnaveza.net\/ro\/wp-json\/wp\/v2\/comments?post=949"}],"wp:featuredmedia":[{"embeddable":true,"href":"https:\/\/keysdock.tajnaveza.net\/ro\/wp-json\/wp\/v2\/media\/1080"}],"wp:attachment":[{"href":"https:\/\/keysdock.tajnaveza.net\/ro\/wp-json\/wp\/v2\/media?parent=949"}],"wp:term":[{"taxonomy":"product_brand","embeddable":true,"href":"https:\/\/keysdock.tajnaveza.net\/ro\/wp-json\/wp\/v2\/product_brand?post=949"},{"taxonomy":"product_cat","embeddable":true,"href":"https:\/\/keysdock.tajnaveza.net\/ro\/wp-json\/wp\/v2\/product_cat?post=949"},{"taxonomy":"product_tag","embeddable":true,"href":"https:\/\/keysdock.tajnaveza.net\/ro\/wp-json\/wp\/v2\/product_tag?post=949"}],"curies":[{"name":"wp","href":"https:\/\/api.w.org\/{rel}","templated":true}]}}