{"id":955,"date":"2025-03-15T21:07:21","date_gmt":"2025-03-15T21:07:21","guid":{"rendered":"https:\/\/keysdock.com\/?post_type=product&#038;p=955"},"modified":"2025-10-19T07:25:56","modified_gmt":"2025-10-19T07:25:56","slug":"visio-2019-professional-key-licenta","status":"publish","type":"product","link":"https:\/\/keysdock.tajnaveza.net\/ro\/produs\/visio-2019-professional-key-licenta\/","title":{"rendered":"Visio 2019 Professional Product Key Licenta"},"content":{"rendered":"<p><strong>Microsoft Visio 2019 Professional - Diagramare \u0219i vizualizare avansat\u0103 a datelor<\/strong><\/p>\n<h3><strong>Descriere<\/strong><\/h3>\n<p>Microsoft Visio 2019 Professional este un <strong>software puternic de diagramare \u0219i vizualizare<\/strong> concepute pentru <strong>profesioni\u0219ti din domeniul afacerilor, speciali\u0219ti IT, ingineri \u0219i designeri<\/strong> care trebuie s\u0103 creeze <strong>diagrame de flux detaliate, organigrame, diagrame de re\u021bea, planuri de etaj \u0219i h\u0103r\u021bi ale proceselor<\/strong>. Cu <strong>automatizare inteligent\u0103, \u0219abloane avansate \u0219i integrare perfect\u0103 cu Microsoft 365<\/strong>, ajut\u0103 utilizatorii <strong>proiectarea, vizualizarea \u0219i partajarea eficient\u0103 a informa\u021biilor complexe<\/strong>.<\/p>\n<p>Aceast\u0103 edi\u021bie include <strong>colaborare \u00een timp real, personalizare avansat\u0103 a formei \u0219i caracteristici \u00eembun\u0103t\u0103\u021bite de conectare a datelor<\/strong>, ceea ce \u00eel face ideal pentru <strong>echipe care lucreaz\u0103 la proiecte tehnice \u0219i de afaceri<\/strong>.<\/p>\n<h3><strong>Caracteristici principale<\/strong><\/h3>\n<p>\u2705 <strong>Instrumente de diagramare de nivel profesional<\/strong> - Crea\u021bi <strong>diagrame de flux, h\u0103r\u021bi mentale, diagrame organiza\u021bionale \u0219i diagrame de re\u021bea<\/strong> cu u\u0219urin\u021b\u0103.<br \/>\n\u2705 <strong>Vizuale bazate pe date<\/strong> - <strong>Conectarea la surse de date \u00een timp real precum Excel, SQL Server \u0219i SharePoint<\/strong> pentru vizualizare dinamic\u0103.<br \/>\n\u2705 <strong>Colaborare \u0219i coautorat \u00eembun\u0103t\u0103\u021bite<\/strong> - Lucru pe diagrame <strong>simultan cu membrii echipei \u00een timp real<\/strong>.<br \/>\n\u2705 <strong>SmartShapes &amp; AutoConnect<\/strong> - <strong>Ajusta\u021bi automat formele \u0219i conectorii<\/strong> pentru un design mai profesional.<br \/>\n\u2705 <strong>Instrumente UML \u0219i Wireframing \u00eencorporate<\/strong> - Crea\u021bi <strong>arhitectur\u0103 software, schi\u021be de aplica\u021bii \u0219i modelarea bazelor de date<\/strong> utilizarea instrumentelor UML standard din industrie.<br \/>\n\u2705 <strong>Integrare \u00een cloud \u0219i compatibilitate cu Microsoft 365<\/strong> - Partaja\u021bi \u0219i edita\u021bi cu u\u0219urin\u021b\u0103 diagrame cu <strong>OneDrive, SharePoint \u0219i Teams<\/strong>.<br \/>\n\u2705 <strong>\u0218abloane \u0219i \u0219abloane avansate<\/strong> - Pre-construit <strong>\u0219abloane pentru afaceri, IT, inginerie \u0219i planuri<\/strong> pentru crearea rapid\u0103 de diagrame.<br \/>\n\u2705 <strong>Op\u021biuni de export \u0219i compatibilitate<\/strong> - Salva\u021bi \u0219i exporta\u021bi diagrame \u00een formate multiple, inclusiv <strong>Fi\u0219iere PDF, PNG \u0219i AutoCAD<\/strong>.<br \/>\n\u2705 <strong>Securitate \u0219i conformitate la nivel de \u00eentreprindere<\/strong> - P\u0103stra\u021bi datele proiectului \u00een siguran\u021b\u0103 cu <strong>caracteristici de securitate integrate<\/strong>.<br \/>\n\u2705 <strong>Vizualizare \u0219i editare Visio Online<\/strong> - <strong>Colabora\u021bi prin intermediul unui browser web<\/strong> f\u0103r\u0103 a necesita aplica\u021bia desktop.<\/p>\n<h3><strong>Edi\u021bii disponibile<\/strong><\/h3>\n<p>\ud83d\udd39 <strong>Visio Standard 2019<\/strong> - Ideal pentru <strong>utilizatori individuali<\/strong> care au nevoie de instrumente de baz\u0103 pentru realizarea diagramelor.<br \/>\n\ud83d\udd39 <strong>Visio Professional 2019<\/strong> - Include <strong>colaborare \u00een echip\u0103, integrare de date \u0219i func\u021bii avansate de diagramare<\/strong>, f\u0103c\u00e2ndu-l cel mai bun pentru <strong>\u00eentreprinderi \u0219i profesioni\u0219ti IT<\/strong>.<\/p>\n<h3><strong>Cerin\u021be minime de sistem<\/strong><\/h3>\n<ul>\n<li class=\"translation-block\"><strong>Procesor<\/strong>: 1,6 GHz sau mai rapid, procesor dual-core<\/li>\n<li class=\"translation-block\"><strong>RAM<\/strong>: 4 GB (64 de bi\u021bi) \/ 2 GB (32 de bi\u021bi)<\/li>\n<li class=\"translation-block\"><strong>Storage<\/strong>: 4 GB spa\u021biu disponibil pe disc<\/li>\n<li class=\"translation-block\"><strong>Display<\/strong>: rezolu\u021bie 1280\u00d7768 sau mai mare<\/li>\n<li><strong>Sistem de operare<\/strong>: Windows 10, Windows 11, Windows Server 2019<\/li>\n<li class=\"translation-block\"><strong>Graphics<\/strong>: DirectX 9 sau ulterior cu driver WDDM 2.0+<\/li>\n<li><strong>Conexiune la internet<\/strong>: Necesar pentru activare, actualiz\u0103ri \u0219i colaborare \u00een cloud<\/li>\n<\/ul>\n<h3><strong>De ce s\u0103 alege\u021bi Microsoft Visio 2019 Professional?<\/strong><\/h3>\n<p>\ud83d\udd39 <strong>Capabilit\u0103\u021bi avansate de diagramare<\/strong> - <strong>Crea\u021bi imagini detaliate, bazate pe date \u0219i profesionale<\/strong>.<br \/>\n\ud83d\udd39 <strong>Colaborare \u00een timp real \u0219i suport cloud<\/strong> - <strong>Lucra\u021bi cu echipele f\u0103r\u0103 efort prin integrarea Microsoft 365<\/strong>.<br \/>\n\ud83d\udd39 <strong>Conectarea \u0219i automatizarea inteligent\u0103 a datelor<\/strong> - <strong>Actualizarea automat\u0103 a diagramelor pe baza surselor de date externe<\/strong>.<br \/>\n\ud83d\udd39 <strong>Ideal pentru utilizatorii de afaceri \u0219i tehnici<\/strong> - Cel mai bun pentru <strong>Profesioni\u0219ti IT, ingineri, proiectan\u021bi \u0219i manageri de proiect<\/strong>.<br \/>\n\ud83d\udd39 <strong>Achizi\u021bie o singur\u0103 dat\u0103, f\u0103r\u0103 abonament necesar<\/strong> - <strong>Acces pe via\u021b\u0103<\/strong> cu o singur\u0103 achizi\u021bie.<\/p>\n<p>Actualiza\u021bi la <strong>Microsoft Visio 2019 Professional<\/strong> ast\u0103zi \u0219i <strong>transformarea datelor complexe \u00een diagrame vizuale clare, profesionale<\/strong>! \ud83d\ude80\ud83d\udcca\ud83d\udccc<\/p>","protected":false},"excerpt":{"rendered":"<p>Microsoft Visio 2019 Professional \u2013 Advanced Diagramming &amp; Data Visualization Description Microsoft Visio 2019 Professional is a powerful diagramming and visualization software designed for business professionals, IT specialists, engineers, and designers who need to create detailed flowcharts, organizational charts, network diagrams, floor plans, and process maps. With intelligent automation, advanced templates, and seamless integration with [&hellip;]<\/p>","protected":false},"featured_media":990,"comment_status":"open","ping_status":"closed","template":"","meta":{"_gspb_post_css":""},"product_brand":[],"product_cat":[65],"product_tag":[66],"class_list":{"0":"post-955","1":"product","2":"type-product","3":"status-publish","4":"has-post-thumbnail","6":"product_cat-misc","7":"product_tag-visio","9":"first","10":"instock","11":"shipping-taxable","12":"product-type-external"},"_links":{"self":[{"href":"https:\/\/keysdock.tajnaveza.net\/ro\/wp-json\/wp\/v2\/product\/955","targetHints":{"allow":["GET"]}}],"collection":[{"href":"https:\/\/keysdock.tajnaveza.net\/ro\/wp-json\/wp\/v2\/product"}],"about":[{"href":"https:\/\/keysdock.tajnaveza.net\/ro\/wp-json\/wp\/v2\/types\/product"}],"replies":[{"embeddable":true,"href":"https:\/\/keysdock.tajnaveza.net\/ro\/wp-json\/wp\/v2\/comments?post=955"}],"wp:featuredmedia":[{"embeddable":true,"href":"https:\/\/keysdock.tajnaveza.net\/ro\/wp-json\/wp\/v2\/media\/990"}],"wp:attachment":[{"href":"https:\/\/keysdock.tajnaveza.net\/ro\/wp-json\/wp\/v2\/media?parent=955"}],"wp:term":[{"taxonomy":"product_brand","embeddable":true,"href":"https:\/\/keysdock.tajnaveza.net\/ro\/wp-json\/wp\/v2\/product_brand?post=955"},{"taxonomy":"product_cat","embeddable":true,"href":"https:\/\/keysdock.tajnaveza.net\/ro\/wp-json\/wp\/v2\/product_cat?post=955"},{"taxonomy":"product_tag","embeddable":true,"href":"https:\/\/keysdock.tajnaveza.net\/ro\/wp-json\/wp\/v2\/product_tag?post=955"}],"curies":[{"name":"wp","href":"https:\/\/api.w.org\/{rel}","templated":true}]}}