{"id":966,"date":"2025-03-15T21:07:43","date_gmt":"2025-03-15T21:07:43","guid":{"rendered":"https:\/\/keysdock.com\/?post_type=product&#038;p=966"},"modified":"2025-10-19T07:32:55","modified_gmt":"2025-10-19T07:32:55","slug":"project-2021-professional-key-licenta","status":"publish","type":"product","link":"https:\/\/keysdock.tajnaveza.net\/ro\/produs\/project-2021-professional-key-licenta\/","title":{"rendered":"Project 2021 Professional Product Key Licenta"},"content":{"rendered":"<p><strong>Cump\u0103r\u0103 licen\u021ba Project 2021 Professional la cel mai bun pre\u0163 \u2013 activare pe via\u0163\u0103 garantat\u0103.<\/strong><\/p>\n<h3><strong>Descriere<\/strong><\/h3>\n<p>Microsoft Project 2021 Professional este un <strong>software avansat de gestionare a proiectelor<\/strong> concepute pentru <strong>afaceri, \u00eentreprinderi \u0219i manageri de proiect profesioni\u0219ti<\/strong> care necesit\u0103 <strong>planificarea, urm\u0103rirea \u0219i executarea eficient\u0103 a proiectelor<\/strong>. Cu <strong>Programare bazat\u0103 pe AI, integrare \u00een cloud, colaborare \u00een timp real \u0219i analize \u00eembun\u0103t\u0103\u021bite<\/strong>, acesta prevede <strong>instrumente puternice pentru a men\u021bine proiectele la termen \u0219i \u00een limitele bugetului<\/strong>.<\/p>\n<p>Aceast\u0103 edi\u021bie este <strong>ideal pentru echipele care lucreaz\u0103 la proiecte complexe sau la scar\u0103 larg\u0103<\/strong>, oferind o integrare perfect\u0103 cu <strong>Microsoft Teams, SharePoint \u0219i Microsoft 365<\/strong> pentru o colaborare \u00eembun\u0103t\u0103\u021bit\u0103.<\/p>\n<h3><strong>Caracteristici principale<\/strong><\/h3>\n<p>\u2705 <strong>Programare \u0219i automatizare a sarcinilor \u00eembun\u0103t\u0103\u021bite prin inteligen\u021b\u0103 artificial\u0103<\/strong> - Seteaz\u0103 automat <strong>dependen\u021bele sarcinilor, duratele \u0219i c\u0103ile critice<\/strong>.<br \/>\n\u2705 <strong>Diagrame Gantt interactive \u0219i vizualiz\u0103ri cronologice<\/strong> - Ofer\u0103 <strong>urm\u0103rirea vizual\u0103 a progresului proiectului, a etapelor \u0219i a termenelor limit\u0103<\/strong>.<br \/>\n\u2705 <strong>Managementul avansat al resurselor \u0219i costurilor<\/strong> - Atribui\u021bi \u0219i monitoriza\u021bi <strong>bugete, sarcini de lucru \u0219i utilizarea resurselor<\/strong>.<br \/>\n\u2705 <strong>Colaborare f\u0103r\u0103 \u00eentreruperi \u0219i integrare \u00een cloud<\/strong> - Func\u021bioneaz\u0103 cu <strong>Microsoft Teams, SharePoint \u0219i OneDrive<\/strong> pentru a \u00eembun\u0103t\u0103\u021bi coordonarea proiectelor.<br \/>\n\u2705 <strong>\u0218abloane de proiect \u00eencorporate<\/strong> - \u00cencepe\u021bi rapid proiectele cu <strong>\u0219abloane pre-construite<\/strong> pentru diferite industrii.<br \/>\n\u2705 <strong>Instrumente puternice de raportare \u0219i tablouri de bord<\/strong> - Genera\u021bi <strong>sinteze ale progreselor, perspective financiare \u0219i evalu\u0103ri ale riscurilor<\/strong>.<br \/>\n\u2705 <strong>Vizualiz\u0103ri multiple ale proiectului<\/strong> - Alege\u021bi \u00eentre <strong>Gril\u0103, panou Kanban, Gantt \u0219i cronologie<\/strong> puncte de vedere pentru flexibilitate.<br \/>\n\u2705 <strong>Coautorat \u0219i editare \u00een timp real<\/strong> - Mai mul\u021bi membri ai echipei pot <strong>editarea \u0219i actualizarea simultan\u0103 a fi\u0219ierelor de proiect<\/strong>.<br \/>\n\u2705 <strong>Securitate avansat\u0103 \u0219i conformitate<\/strong> - Asigur\u0103 <strong>protec\u021bie de nivel enterprise pentru datele sensibile ale proiectelor<\/strong>.<br \/>\n\u2705 <strong>Integrarea informa\u021biilor de afaceri<\/strong> - Compatibil cu <strong>Power BI pentru informa\u021bii detaliate despre proiecte \u0219i raportare personalizat\u0103<\/strong>.<\/p>\n<h3><strong>Edi\u021bii disponibile<\/strong><\/h3>\n<p>\ud83d\udd39 <strong>Proiect Standard 2021<\/strong> - Cel mai bun pentru <strong>persoane care gestioneaz\u0103 proiecte de dimensiuni mici \u0219i medii<\/strong>.<br \/>\n\ud83d\udd39 <strong>Proiect profesional 2021<\/strong> - Include <strong>colaborare \u00een echip\u0103, gestionare avansat\u0103 a resurselor \u0219i suport cloud<\/strong>, ceea ce \u00eel face ideal pentru \u00eentreprinderi \u0219i echipe mari.<\/p>\n<h3><strong>Cerin\u021be minime de sistem<\/strong><\/h3>\n<ul>\n<li class=\"translation-block\"><strong>Procesor<\/strong>: 1,6 GHz sau mai rapid, procesor dual-core<\/li>\n<li class=\"translation-block\"><strong>RAM<\/strong>: 4 GB (64 de bi\u021bi) \/ 2 GB (32 de bi\u021bi)<\/li>\n<li class=\"translation-block\"><strong>Storage<\/strong>: 4 GB spa\u021biu disponibil pe disc<\/li>\n<li class=\"translation-block\"><strong>Display<\/strong>: rezolu\u021bie 1280\u00d7768 sau mai mare<\/li>\n<li><strong>Sistem de operare<\/strong>: Windows 10, Windows 11<\/li>\n<li class=\"translation-block\"><strong>Graphics<\/strong>: DirectX 9 sau ulterior cu driver WDDM 2.0+<\/li>\n<li><strong>Conexiune la internet<\/strong>: Necesar pentru activare, actualiz\u0103ri \u0219i colaborare \u00een cloud<\/li>\n<\/ul>\n<h3><strong>De ce s\u0103 alege\u021bi Microsoft Project 2021 Professional?<\/strong><\/h3>\n<p>\ud83d\udd39 <strong>Ideal pentru echipe \u0219i \u00eentreprinderi<\/strong> - <strong>Gestioneaz\u0103 proiecte complexe, cu mai multe echipe, cu colaborare \u00een timp real<\/strong>.<br \/>\n\ud83d\udd39 <strong>Automatizarea inteligent\u0103 a sarcinilor<\/strong> - <strong>Programarea bazat\u0103 pe AI optimizeaz\u0103 termenele \u0219i eficien\u021ba proiectelor<\/strong>.<br \/>\n\ud83d\udd39 <strong>Urm\u0103rirea complet\u0103 a performan\u021bei<\/strong> - <strong>Monitorizarea eficient\u0103 a bugetelor, a termenelor \u0219i a volumului de lucru<\/strong>.<br \/>\n\ud83d\udd39 <strong>Integrare perfect\u0103 cu Microsoft 365<\/strong> - Func\u021bioneaz\u0103 cu <strong>Excel, Outlook, Power BI \u0219i Microsoft Teams<\/strong>.<br \/>\n\ud83d\udd39 <strong>Achizi\u021bie o singur\u0103 dat\u0103, f\u0103r\u0103 abonament<\/strong> - <strong>Acces pe via\u021b\u0103<\/strong> f\u0103r\u0103 taxe recurente.<\/p>\n<p>Actualiza\u021bi la <strong>Microsoft Project 2021 Professional<\/strong> ast\u0103zi \u0219i lua\u021bi <strong>managementul proiectelor la nivelul urm\u0103tor<\/strong> cu instrumente puternice de planificare, urm\u0103rire \u0219i colaborare! \ud83d\ude80\ud83d\udcca\ud83d\udcc5<\/p>","protected":false},"excerpt":{"rendered":"<p>Microsoft Project 2021 Professional \u2013 The Ultimate Project Management Solution Description Microsoft Project 2021 Professional is an advanced project management software designed for businesses, enterprises, and professional project managers who require efficient planning, tracking, and execution of projects. With AI-powered scheduling, cloud integration, real-time collaboration, and enhanced analytics, it provides powerful tools to keep projects [&hellip;]<\/p>","protected":false},"featured_media":993,"comment_status":"open","ping_status":"closed","template":"","meta":{"_gspb_post_css":""},"product_brand":[],"product_cat":[65],"product_tag":[69],"class_list":{"0":"post-966","1":"product","2":"type-product","3":"status-publish","4":"has-post-thumbnail","6":"product_cat-misc","7":"product_tag-project","9":"first","10":"instock","11":"shipping-taxable","12":"product-type-external"},"_links":{"self":[{"href":"https:\/\/keysdock.tajnaveza.net\/ro\/wp-json\/wp\/v2\/product\/966","targetHints":{"allow":["GET"]}}],"collection":[{"href":"https:\/\/keysdock.tajnaveza.net\/ro\/wp-json\/wp\/v2\/product"}],"about":[{"href":"https:\/\/keysdock.tajnaveza.net\/ro\/wp-json\/wp\/v2\/types\/product"}],"replies":[{"embeddable":true,"href":"https:\/\/keysdock.tajnaveza.net\/ro\/wp-json\/wp\/v2\/comments?post=966"}],"wp:featuredmedia":[{"embeddable":true,"href":"https:\/\/keysdock.tajnaveza.net\/ro\/wp-json\/wp\/v2\/media\/993"}],"wp:attachment":[{"href":"https:\/\/keysdock.tajnaveza.net\/ro\/wp-json\/wp\/v2\/media?parent=966"}],"wp:term":[{"taxonomy":"product_brand","embeddable":true,"href":"https:\/\/keysdock.tajnaveza.net\/ro\/wp-json\/wp\/v2\/product_brand?post=966"},{"taxonomy":"product_cat","embeddable":true,"href":"https:\/\/keysdock.tajnaveza.net\/ro\/wp-json\/wp\/v2\/product_cat?post=966"},{"taxonomy":"product_tag","embeddable":true,"href":"https:\/\/keysdock.tajnaveza.net\/ro\/wp-json\/wp\/v2\/product_tag?post=966"}],"curies":[{"name":"wp","href":"https:\/\/api.w.org\/{rel}","templated":true}]}}