{"id":968,"date":"2025-03-15T21:07:43","date_gmt":"2025-03-15T21:07:43","guid":{"rendered":"https:\/\/keysdock.com\/?post_type=product&#038;p=968"},"modified":"2025-10-19T07:32:36","modified_gmt":"2025-10-19T07:32:36","slug":"visual-studio-professional-2022-key-licenta","status":"publish","type":"product","link":"https:\/\/keysdock.tajnaveza.net\/ro\/produs\/visual-studio-professional-2022-key-licenta\/","title":{"rendered":"Visual Studio Professional 2022 Product Key Licenta"},"content":{"rendered":"<p><strong>Cump\u0103r\u0103 licen\u021ba Visual Studio Professional 2022 la cel mai bun pre\u0163 \u2013 activare pe via\u0163\u0103 garantat\u0103.<\/strong><\/p>\n<h3><strong>Descriere<\/strong><\/h3>\n<p>Visual Studio Professional 2022 este un <strong>mediu de dezvoltare integrat (IDE) puternic, scalabil \u0219i asistat de inteligen\u021b\u0103 artificial\u0103<\/strong> concepute pentru <strong>dezvoltatori profesioni\u0219ti, echipe \u0219i \u00eentreprinderi<\/strong>. Cu <strong>depanare \u00eembun\u0103t\u0103\u021bit\u0103, colaborare \u00een timp real, integrare \u00een cloud \u0219i IntelliCode cu AI<\/strong>, acesta ofer\u0103 o experien\u021b\u0103 de dezvoltare simplificat\u0103 pentru <strong>crearea de aplica\u021bii moderne pentru web, desktop, mobil \u0219i cloud<\/strong>.<\/p>\n<p>Aceast\u0103 versiune este <strong>64 de bi\u021bi<\/strong>, f\u0103c\u00e2ndu-l cel mai eficient \u0219i <strong>de \u00eenalt\u0103 performan\u021b\u0103<\/strong> Visual Studio \u00eenc\u0103, capabil s\u0103 gestioneze <strong>proiecte mai mari \u0219i solu\u021bii complexe<\/strong> f\u0103r\u0103 \u00eencetiniri.<\/p>\n<h3><strong>Caracteristici principale<\/strong><\/h3>\n<p>\u2705 <strong>Arhitectur\u0103 pe 64 de bi\u021bi<\/strong> - M\u00e2nere <strong>proiecte mai mari cu performan\u021b\u0103 \u0219i stabilitate \u00eembun\u0103t\u0103\u021bite<\/strong>.<br \/>\n\u2705 <strong>IntelliCode alimentat cu inteligen\u021b\u0103 artificial\u0103<\/strong> - Asist\u0103 cu <strong>sugestii de cod, refactorizare \u0219i prevenirea erorilor<\/strong>.<br \/>\n\u2705 <strong>Depanare \u0219i diagnosticare avansate<\/strong> - Include <strong>Depanare live, IntelliTrace \u0219i depanare \u00een timp<\/strong>.<br \/>\n\u2705 <strong>Integrare perfect\u0103 Git &amp; GitHub<\/strong> - Built-in <strong>controlul versiunii<\/strong> \u0219i <strong>instrumente de colaborare \u00een echip\u0103<\/strong>.<br \/>\n\u2705 <strong>Dezvoltare multiplatform\u0103<\/strong> - Suporturi <strong>Windows, macOS, Android, iOS, Linux \u0219i Web<\/strong> aplica\u021bii.<br \/>\n\u2705 <strong>Dezvoltare \u00een cloud cu Azure<\/strong> - Crea\u021bi, implementa\u021bi \u0219i extinde\u021bi aplica\u021bii cu <strong>Integrare Microsoft Azure<\/strong>.<br \/>\n\u2705 <strong>Colaborare Live Share<\/strong> - Program \u00een perechi \u0219i cod de revizuire \u00een <strong>\u00een timp real cu membrii echipei<\/strong>.<br \/>\n\u2705 <strong>Instrumente puternice de testare<\/strong> - Include <strong>teste unitare, teste de sarcin\u0103 \u0219i cadre de testare a interfe\u021bei utilizator<\/strong>.<br \/>\n\u2705 <strong>Suport Blazor &amp; .NET 6+<\/strong> - Modern <strong>dezvoltare web \u0219i cloud<\/strong> cu <strong>ASP.NET Core, C# \u0219i Razor<\/strong>.<br \/>\n\u2705 <strong>Suport cuprinz\u0103tor pentru baze de date<\/strong> - Conecta\u021bi-v\u0103 cu <strong>SQL Server, MySQL, PostgreSQL<\/strong>, \u0219i multe altele.<br \/>\n\u2705 <strong>Pia\u021b\u0103 \u0219i extensii extinse<\/strong> - Personaliza\u021bi IDE-ul cu <strong>mii de plugin-uri \u0219i instrumente<\/strong>.<\/p>\n<h3><strong>Cerin\u021be minime de sistem<\/strong><\/h3>\n<ul>\n<li><strong>Procesor<\/strong>: 1,8 GHz sau mai rapid, recomandat pe 64 de bi\u021bi<\/li>\n<li><strong>RAM<\/strong>: 4 GB minim (16 GB recomandat)<\/li>\n<li><strong>Depozitare<\/strong>: 20 GB spa\u021biu liber minim<\/li>\n<li><strong>Grafic\u0103<\/strong>: DirectX 9 compatibil cu driverul WDDM 1.0<\/li>\n<li><strong>Afi\u0219aj<\/strong>: Rezolu\u021bie 1366\u00d7768 sau mai mare<\/li>\n<li><strong>Sistem de operare<\/strong>: Windows 10 (versiunea 1909+) \/ Windows 11 \/ Windows Server 2016, 2019, 2022<\/li>\n<li><strong>Conexiune la internet<\/strong>: Necesar pentru activare, actualiz\u0103ri \u0219i servicii online<\/li>\n<\/ul>\n<h3><strong>De ce s\u0103 alege\u021bi Visual Studio Professional 2022?<\/strong><\/h3>\n<p>\ud83d\udd39 <strong>Optimizat pentru proiecte mari<\/strong> - Arhitectura pe 64 de bi\u021bi asigur\u0103 <strong>performan\u021b\u0103 \u0219i scalabilitate mai bune<\/strong>.<br \/>\n\ud83d\udd39 <strong>Productivitate asistat\u0103 de IA<\/strong> - <strong>IntelliCode<\/strong> accelereaz\u0103 dezvoltarea cu <strong>sugestii inteligente de cod<\/strong>.<br \/>\n\ud83d\udd39 <strong>Debugging \u0219i testare \u00eembun\u0103t\u0103\u021bite<\/strong> - <strong>Depanare puternic\u0103, diagnosticare live \u0219i testare unitar\u0103<\/strong> pentru software de \u00eenalt\u0103 calitate.<br \/>\n\ud83d\udd39 <strong>Integrare perfect\u0103 \u00een cloud<\/strong> - <strong>Construi\u021bi aplica\u021bii native \u00een cloud<\/strong> cu <strong>Suport Azure, Docker \u0219i Kubernetes<\/strong>.<br \/>\n\ud83d\udd39 <strong>Cel mai bun pentru echipe \u0219i \u00eentreprinderi<\/strong> - <strong>Live Share, GitHub \u0219i DevOps<\/strong> instrumentele \u00eembun\u0103t\u0103\u021besc colaborarea \u0219i eficien\u021ba.<br \/>\n\ud83d\udd39 <strong>Suport\u0103 cele mai recente tehnologii<\/strong> - <strong>.NET 6+, C#, Python, JavaScript, TypeScript \u0219i altele<\/strong>.<\/p>\n<p>Actualiza\u021bi la <strong>Visual Studio Professional 2022<\/strong> ast\u0103zi \u0219i experimenta\u021bi <strong>dezvoltare mai rapid\u0103, mai inteligent\u0103 \u0219i mai eficient\u0103<\/strong>! \ud83d\ude80\ud83d\udcbb\u26a1<\/p>","protected":false},"excerpt":{"rendered":"<p>Visual Studio Professional 2022 \u2013 The Ultimate IDE for Professional Developers Description Visual Studio Professional 2022 is a powerful, scalable, and AI-assisted integrated development environment (IDE) designed for professional developers, teams, and enterprises. With enhanced debugging, real-time collaboration, cloud integration, and AI-powered IntelliCode, it provides a streamlined development experience for building modern applications for web, [&hellip;]<\/p>","protected":false},"featured_media":1004,"comment_status":"open","ping_status":"closed","template":"","meta":{"_gspb_post_css":""},"product_brand":[],"product_cat":[65],"product_tag":[70],"class_list":{"0":"post-968","1":"product","2":"type-product","3":"status-publish","4":"has-post-thumbnail","6":"product_cat-misc","7":"product_tag-visual-studio","9":"first","10":"instock","11":"shipping-taxable","12":"product-type-external"},"_links":{"self":[{"href":"https:\/\/keysdock.tajnaveza.net\/ro\/wp-json\/wp\/v2\/product\/968","targetHints":{"allow":["GET"]}}],"collection":[{"href":"https:\/\/keysdock.tajnaveza.net\/ro\/wp-json\/wp\/v2\/product"}],"about":[{"href":"https:\/\/keysdock.tajnaveza.net\/ro\/wp-json\/wp\/v2\/types\/product"}],"replies":[{"embeddable":true,"href":"https:\/\/keysdock.tajnaveza.net\/ro\/wp-json\/wp\/v2\/comments?post=968"}],"wp:featuredmedia":[{"embeddable":true,"href":"https:\/\/keysdock.tajnaveza.net\/ro\/wp-json\/wp\/v2\/media\/1004"}],"wp:attachment":[{"href":"https:\/\/keysdock.tajnaveza.net\/ro\/wp-json\/wp\/v2\/media?parent=968"}],"wp:term":[{"taxonomy":"product_brand","embeddable":true,"href":"https:\/\/keysdock.tajnaveza.net\/ro\/wp-json\/wp\/v2\/product_brand?post=968"},{"taxonomy":"product_cat","embeddable":true,"href":"https:\/\/keysdock.tajnaveza.net\/ro\/wp-json\/wp\/v2\/product_cat?post=968"},{"taxonomy":"product_tag","embeddable":true,"href":"https:\/\/keysdock.tajnaveza.net\/ro\/wp-json\/wp\/v2\/product_tag?post=968"}],"curies":[{"name":"wp","href":"https:\/\/api.w.org\/{rel}","templated":true}]}}