{"id":971,"date":"2025-03-15T21:07:43","date_gmt":"2025-03-15T21:07:43","guid":{"rendered":"https:\/\/keysdock.com\/?post_type=product&#038;p=971"},"modified":"2025-10-19T07:32:26","modified_gmt":"2025-10-19T07:32:26","slug":"outlook-2019-key-licenta","status":"publish","type":"product","link":"https:\/\/keysdock.tajnaveza.net\/ro\/produs\/outlook-2019-key-licenta\/","title":{"rendered":"Outlook 2019 Product Key Licenta"},"content":{"rendered":"<p><strong>Microsoft Outlook 2019 - Cea mai bun\u0103 solu\u021bie de e-mail \u0219i productivitate<\/strong><\/p>\n<h3><strong>Descriere<\/strong><\/h3>\n<p>Microsoft Outlook 2019 este un <strong>aplica\u021bie puternic\u0103 de e-mail \u0219i calendar<\/strong> concepute pentru <strong>profesioni\u0219ti, \u00eentreprinderi \u0219i persoane fizice<\/strong> care au nevoie de <strong>comunicare f\u0103r\u0103 \u00eentreruperi, planificare \u0219i gestionarea sarcinilor<\/strong>. Cu o interfa\u021b\u0103 u\u0219or de utilizat, <strong>caracteristici de securitate \u00eembun\u0103t\u0103\u021bite \u0219i performan\u021be \u00eembun\u0103t\u0103\u021bite<\/strong>, Outlook 2019 este solu\u021bia perfect\u0103 pentru gestionarea <strong>e-mailuri, \u00eent\u00e2lniri, contacte \u0219i sarcini \u00een mod eficient<\/strong>.<\/p>\n<p>Indiferent dac\u0103 lucra\u021bi \u00eentr-un birou sau de la distan\u021b\u0103, Outlook 2019 asigur\u0103 <strong>colaborare \u0219i organizare f\u0103r\u0103 probleme<\/strong>, men\u021bin\u00e2ndu-v\u0103 conectat \u0219i productiv.<\/p>\n<h3><strong>Caracteristici principale<\/strong><\/h3>\n<p>\u2705 <strong>Gestionarea ra\u021bionalizat\u0103 a e-mailurilor<\/strong> - Organiza\u021bi-v\u0103 c\u0103su\u021ba de primire cu <strong>Inbox, categorii \u0219i filtre focalizate<\/strong>.<br \/>\n\u2705 <strong>Calendar \u0219i programare \u00eembun\u0103t\u0103\u021bite<\/strong> - Programa\u021bi cu u\u0219urin\u021b\u0103 \u00eent\u00e2lniri, seta\u021bi memento-uri \u0219i sincroniza\u021bi calendare.<br \/>\n\u2705 <strong>Securitate avansat\u0103 \u0219i confiden\u021bialitate<\/strong> - Protec\u021bie \u00eencorporat\u0103 \u00eempotriva <strong>phishing, malware \u0219i spam<\/strong>.<br \/>\n\u2705 <strong>Suport pentru modul offline<\/strong> - Accesa\u021bi e-mailurile, calendarul \u0219i sarcinile <strong>f\u0103r\u0103 o conexiune la internet<\/strong>.<br \/>\n\u2705 <strong>Hub integrat de contacte \u0219i persoane<\/strong> - Gestiona\u021bi eficient contactele cu <strong>agende de adrese unificate<\/strong>.<br \/>\n\u2705 <strong>Func\u021bionalitate de c\u0103utare \u00eembun\u0103t\u0103\u021bit\u0103<\/strong> - G\u0103si\u021bi rapid e-mailuri, ata\u0219amente \u0219i evenimente din calendar.<br \/>\n\u2705 <strong>Integrarea sarcinilor \u0219i a notelor<\/strong> - R\u0103m\u00e2ne\u021bi productiv cu <strong>liste de sarcini, note adezive \u0219i memento-uri<\/strong>.<br \/>\n\u2705 <strong>Suport perfect pentru Microsoft 365 \u0219i Exchange<\/strong> - Func\u021bioneaz\u0103 cu <strong>Microsoft Exchange, OneDrive \u0219i SharePoint<\/strong>.<br \/>\n\u2705 <strong>Suport pentru mai multe conturi de e-mail<\/strong> - Gestiona\u021bi cu u\u0219urin\u021b\u0103 <strong>Conturi Gmail, Yahoo, Outlook.com \u0219i IMAP\/POP<\/strong>.<br \/>\n\u2705 <strong>Automatizarea r\u0103spunsurilor automate \u0219i a regulilor<\/strong> - Configurare <strong>r\u0103spunsuri din afara biroului, filtre \u0219i reguli de automatizare<\/strong>.<br \/>\n\u2705 <strong>Interfa\u021b\u0103 utilizator actualizat\u0103<\/strong> - A <strong>interfa\u021b\u0103 modern\u0103, f\u0103r\u0103 dezordine<\/strong> pentru o mai bun\u0103 lizibilitate \u0219i eficien\u021b\u0103.<\/p>\n<h3><strong>Cerin\u021be minime de sistem<\/strong><\/h3>\n<ul>\n<li><strong>Procesor<\/strong>: 1,6 GHz sau mai rapid, procesor cu 2 nuclee<\/li>\n<li class=\"translation-block\"><strong>RAM<\/strong>: 4 GB (64 de bi\u021bi) \/ 2 GB (32 de bi\u021bi)<\/li>\n<li class=\"translation-block\"><strong>Storage<\/strong>: 4 GB spa\u021biu disponibil pe disc<\/li>\n<li class=\"translation-block\"><strong>Display<\/strong>: rezolu\u021bie 1280\u00d7768 sau mai mare<\/li>\n<li><strong>Sistem de operare<\/strong>: Windows 10 \/ Windows 11 \/ Windows Server 2019<\/li>\n<li class=\"translation-block\"><strong>Graphics<\/strong>: DirectX 9 sau ulterior cu driver WDDM 2.0+<\/li>\n<li><strong>Conexiune la internet<\/strong>: Necesar pentru activare, actualiz\u0103ri \u0219i integrare \u00een cloud<\/li>\n<\/ul>\n<h3><strong>De ce s\u0103 alege\u021bi Microsoft Outlook 2019?<\/strong><\/h3>\n<p>\ud83d\udd39 <strong>Gestionarea profesional\u0103 a e-mailurilor<\/strong> - <strong>R\u0103m\u00e2ne\u021bi organizat<\/strong> cu sortare inteligent\u0103 a c\u0103su\u021bei de primire, filtre \u0219i urm\u0103rire a e-mailurilor.<br \/>\n\ud83d\udd39 <strong>Integrare perfect\u0103 a calendarului<\/strong> - Program <strong>\u00eent\u00e2lniri, memento-uri \u0219i evenimente<\/strong> cu u\u0219urin\u021b\u0103.<br \/>\n\ud83d\udd39 <strong>Securitate sporit\u0103<\/strong> - Built-in <strong>anti-phishing, protec\u021bie malware \u0219i filtrare spam<\/strong>.<br \/>\n\ud83d\udd39 <strong>Perfect pentru afaceri \u0219i uz personal<\/strong> - Suporturi <strong>mai multe conturi de e-mail \u0219i servicii Microsoft 365<\/strong>.<br \/>\n\ud83d\udd39 <strong>Acces offline \u0219i instrumente de productivitate<\/strong> - Lucra\u021bi oriunde, oric\u00e2nd, cu <strong>modul offline, sarcini \u0219i note<\/strong>.<\/p>\n<p>Actualiza\u021bi la <strong>Microsoft Outlook 2019<\/strong> ast\u0103zi \u0219i experimenta\u021bi <strong>o mai bun\u0103 comunicare, planificare \u0219i productivitate prin e-mail<\/strong>! \ud83d\udce7\ud83d\udcc5\ud83d\ude80<\/p>","protected":false},"excerpt":{"rendered":"<p>Microsoft Outlook 2019 \u2013 The Ultimate Email &amp; Productivity Solution Description Microsoft Outlook 2019 is a powerful email and calendar application designed for professionals, businesses, and individuals who need seamless communication, scheduling, and task management. With a user-friendly interface, enhanced security features, and improved performance, Outlook 2019 is the perfect solution for managing emails, appointments, [&hellip;]<\/p>","protected":false},"featured_media":1007,"comment_status":"open","ping_status":"closed","template":"","meta":{"_gspb_post_css":""},"product_brand":[],"product_cat":[62],"product_tag":[74],"class_list":{"0":"post-971","1":"product","2":"type-product","3":"status-publish","4":"has-post-thumbnail","6":"product_cat-office","7":"product_tag-outlook","9":"first","10":"instock","11":"shipping-taxable","12":"product-type-external"},"_links":{"self":[{"href":"https:\/\/keysdock.tajnaveza.net\/ro\/wp-json\/wp\/v2\/product\/971","targetHints":{"allow":["GET"]}}],"collection":[{"href":"https:\/\/keysdock.tajnaveza.net\/ro\/wp-json\/wp\/v2\/product"}],"about":[{"href":"https:\/\/keysdock.tajnaveza.net\/ro\/wp-json\/wp\/v2\/types\/product"}],"replies":[{"embeddable":true,"href":"https:\/\/keysdock.tajnaveza.net\/ro\/wp-json\/wp\/v2\/comments?post=971"}],"wp:featuredmedia":[{"embeddable":true,"href":"https:\/\/keysdock.tajnaveza.net\/ro\/wp-json\/wp\/v2\/media\/1007"}],"wp:attachment":[{"href":"https:\/\/keysdock.tajnaveza.net\/ro\/wp-json\/wp\/v2\/media?parent=971"}],"wp:term":[{"taxonomy":"product_brand","embeddable":true,"href":"https:\/\/keysdock.tajnaveza.net\/ro\/wp-json\/wp\/v2\/product_brand?post=971"},{"taxonomy":"product_cat","embeddable":true,"href":"https:\/\/keysdock.tajnaveza.net\/ro\/wp-json\/wp\/v2\/product_cat?post=971"},{"taxonomy":"product_tag","embeddable":true,"href":"https:\/\/keysdock.tajnaveza.net\/ro\/wp-json\/wp\/v2\/product_tag?post=971"}],"curies":[{"name":"wp","href":"https:\/\/api.w.org\/{rel}","templated":true}]}}