{"id":972,"date":"2025-03-15T21:07:43","date_gmt":"2025-03-15T21:07:43","guid":{"rendered":"https:\/\/keysdock.com\/?post_type=product&#038;p=972"},"modified":"2025-10-19T07:32:18","modified_gmt":"2025-10-19T07:32:18","slug":"outlook-2021-key-licenta","status":"publish","type":"product","link":"https:\/\/keysdock.tajnaveza.net\/ro\/produs\/outlook-2021-key-licenta\/","title":{"rendered":"Outlook 2021 Product Key Licenta"},"content":{"rendered":"<p><strong>Microsoft Outlook 2021 - Solu\u021bia final\u0103 de gestionare a e-mailului \u0219i calendarului<\/strong><\/p>\n<h3><strong>Descriere<\/strong><\/h3>\n<p>Microsoft Outlook 2021 este un <strong>e-mail puternic \u0219i eficient, calendar \u0219i gestionarea sarcinilor<\/strong> aplica\u021bie conceput\u0103 pentru <strong>profesioni\u0219ti, \u00eentreprinderi \u0219i utilizatori personali<\/strong>. Cu <strong>securitate sporit\u0103, organizare mai inteligent\u0103 a e-mailurilor \u0219i integrare perfect\u0103 cu Microsoft 365 \u0219i serviciile cloud<\/strong>, Outlook 2021 ofer\u0103 o experien\u021b\u0103 mai intuitiv\u0103 \u0219i mai productiv\u0103. Fie c\u0103 gestiona\u021bi mai multe conturi de e-mail, programa\u021bi \u00eent\u00e2lniri sau colabora\u021bi cu echipe, Outlook 2021 v\u0103 asigur\u0103 c\u0103 r\u0103m\u00e2ne\u021bi organizat \u0219i conectat.<\/p>\n<h3><strong>Caracteristici principale<\/strong><\/h3>\n<p>\u2705 <strong>Gestionarea ra\u021bionalizat\u0103 a e-mailurilor<\/strong> - <strong>Inbox concentrat, filtre inteligente \u0219i c\u0103utare \u00eembun\u0103t\u0103\u021bit\u0103<\/strong> pentru organizarea u\u0219oar\u0103 a e-mailurilor.<br \/>\n\u2705 <strong>Calendar \u0219i programare modernizate<\/strong> - <strong>Seta\u021bi memento-uri, programa\u021bi \u00eent\u00e2lniri \u0219i sincroniza\u021bi mai multe calendare f\u0103r\u0103 probleme<\/strong>.<br \/>\n\u2705 <strong>Securitate avansat\u0103 \u0219i protec\u021bie anti-Phishing<\/strong> - <strong>Caracteristici de securitate \u00eencorporate<\/strong> proteja\u021bi \u00eempotriva spam-ului, phishing-ului \u0219i malware-ului.<br \/>\n\u2705 <strong>Acces offline \u0219i sincronizare<\/strong> - Citi\u021bi, compune\u021bi \u0219i gestiona\u021bi e-mailuri chiar <strong>f\u0103r\u0103 o conexiune la internet<\/strong>.<br \/>\n\u2705 <strong>Integrare perfect\u0103 cu Microsoft 365<\/strong> - Func\u021bioneaz\u0103 f\u0103r\u0103 probleme cu <strong>Exchange, OneDrive, SharePoint \u0219i Teams<\/strong>.<br \/>\n\u2705 <strong>Suport pentru mai multe conturi de e-mail<\/strong> - Gestiona\u021bi <strong>Conturi Gmail, Yahoo, Outlook.com, IMAP\/POP<\/strong> \u00eentr-un singur loc.<br \/>\n\u2705 <strong>Func\u021bionalitate de c\u0103utare \u00eembun\u0103t\u0103\u021bit\u0103<\/strong> - <strong>C\u0103utare mai rapid\u0103 \u0219i mai inteligent\u0103<\/strong> folosind Microsoft AI pentru a g\u0103si e-mailuri, ata\u0219amente \u0219i evenimente.<br \/>\n\u2705 <strong>Integrarea sarcinilor \u0219i a listei To-Do<\/strong> - \u021aine\u021bi eviden\u021ba <strong>sarcini importante, note adezive \u0219i memento-uri<\/strong>.<br \/>\n\u2705 <strong>Auto-r\u0103spuns \u0219i reguli de e-mail<\/strong> - <strong>Configura\u021bi mesaje din afara biroului, reguli de automatizare \u0219i \u0219abloane de e-mail<\/strong>.<br \/>\n\u2705 <strong>Interfa\u021b\u0103 utilizator actualizat\u0103<\/strong> - A <strong>design modern, mai curat, cu op\u021biuni de panglic\u0103 personalizabile<\/strong> pentru o experien\u021b\u0103 de utilizare \u00eembun\u0103t\u0103\u021bit\u0103.<br \/>\n\u2705 <strong>Translator &amp; Dictare Caracteristici<\/strong> - U\u0219or <strong>traducerea e-mailurilor \u00een timp real<\/strong> \u0219i utilizarea <strong>tastare vocal\u0103<\/strong> pentru eficien\u021b\u0103.<br \/>\n\u2705 <strong>\u00cembun\u0103t\u0103\u021biri ale performan\u021bei \u0219i stabilit\u0103\u021bii<\/strong> - Mai rapid <strong>timp de pornire, receptivitate mai bun\u0103 \u0219i bloc\u0103ri reduse<\/strong>.<\/p>\n<h3><strong>Cerin\u021be minime de sistem<\/strong><\/h3>\n<ul>\n<li><strong>Procesor<\/strong>: 1,6 GHz sau mai rapid, procesor cu 2 nuclee<\/li>\n<li class=\"translation-block\"><strong>RAM<\/strong>: 4 GB (64 de bi\u021bi) \/ 2 GB (32 de bi\u021bi)<\/li>\n<li class=\"translation-block\"><strong>Storage<\/strong>: 4 GB spa\u021biu disponibil pe disc<\/li>\n<li class=\"translation-block\"><strong>Display<\/strong>: rezolu\u021bie 1280\u00d7768 sau mai mare<\/li>\n<li><strong>Sistem de operare<\/strong>: Windows 10 \/ Windows 11<\/li>\n<li class=\"translation-block\"><strong>Graphics<\/strong>: DirectX 9 sau ulterior cu driver WDDM 2.0+<\/li>\n<li><strong>Conexiune la internet<\/strong>: Necesar pentru activare, actualiz\u0103ri \u0219i servicii Microsoft 365<\/li>\n<\/ul>\n<h3><strong>De ce s\u0103 alege\u021bi Microsoft Outlook 2021?<\/strong><\/h3>\n<p>\ud83d\udd39 <strong>Cel mai bun pentru uz personal \u0219i de afaceri<\/strong> - Gestiona\u021bi eficient e-mailurile, calendarele \u0219i sarcinile \u00eentr-o singur\u0103 aplica\u021bie.<br \/>\n\ud83d\udd39 <strong>Integrare perfect\u0103 \u00een cloud<\/strong> - Sincroniza\u021bi e-mailurile \u0219i fi\u0219ierele \u00eentre dispozitive cu <strong>OneDrive \u0219i Microsoft 365<\/strong>.<br \/>\n\ud83d\udd39 <strong>Gestionarea inteligent\u0103 \u0219i sigur\u0103 a e-mailurilor<\/strong> - <strong>Anti-phishing, protec\u021bie malware \u0219i filtrare \u00eembun\u0103t\u0103\u021bit\u0103<\/strong> pentru o cutie de primire mai sigur\u0103.<br \/>\n\ud83d\udd39 <strong>Performan\u021b\u0103 mai rapid\u0103 \u0219i func\u021bii bazate pe inteligen\u021b\u0103 artificial\u0103<\/strong> - \u00cembun\u0103t\u0103\u021bit <strong>instrumente de c\u0103utare, dictare \u0219i traducere<\/strong> cre\u0219terea productivit\u0103\u021bii.<br \/>\n\ud83d\udd39 <strong>Mod offline \u0219i suport pentru mai multe conturi<\/strong> - <strong>R\u0103m\u00e2ne\u021bi productiv oriunde<\/strong>, chiar \u0219i f\u0103r\u0103 o conexiune la internet.<\/p>\n<p>Actualiza\u021bi la <strong>Microsoft Outlook 2021<\/strong> ast\u0103zi \u0219i bucura\u021bi-v\u0103 de un <strong>mai rapid, mai inteligent \u0219i mai sigur<\/strong> email \u0219i experien\u021b\u0103 \u00een program\u0103ri! \ud83d\udce7\ud83d\udcc5\ud83d\ude80<\/p>","protected":false},"excerpt":{"rendered":"<p>Microsoft Outlook 2021 \u2013 The Ultimate Email &amp; Calendar Management Solution Description Microsoft Outlook 2021 is a powerful and efficient email, calendar, and task management application designed for professionals, businesses, and personal users. With enhanced security, smarter email organization, and seamless integration with Microsoft 365 and cloud services, Outlook 2021 offers a more intuitive and [&hellip;]<\/p>","protected":false},"featured_media":1008,"comment_status":"open","ping_status":"closed","template":"","meta":{"_gspb_post_css":""},"product_brand":[],"product_cat":[62],"product_tag":[74],"class_list":{"0":"post-972","1":"product","2":"type-product","3":"status-publish","4":"has-post-thumbnail","6":"product_cat-office","7":"product_tag-outlook","9":"first","10":"instock","11":"shipping-taxable","12":"product-type-external"},"_links":{"self":[{"href":"https:\/\/keysdock.tajnaveza.net\/ro\/wp-json\/wp\/v2\/product\/972","targetHints":{"allow":["GET"]}}],"collection":[{"href":"https:\/\/keysdock.tajnaveza.net\/ro\/wp-json\/wp\/v2\/product"}],"about":[{"href":"https:\/\/keysdock.tajnaveza.net\/ro\/wp-json\/wp\/v2\/types\/product"}],"replies":[{"embeddable":true,"href":"https:\/\/keysdock.tajnaveza.net\/ro\/wp-json\/wp\/v2\/comments?post=972"}],"wp:featuredmedia":[{"embeddable":true,"href":"https:\/\/keysdock.tajnaveza.net\/ro\/wp-json\/wp\/v2\/media\/1008"}],"wp:attachment":[{"href":"https:\/\/keysdock.tajnaveza.net\/ro\/wp-json\/wp\/v2\/media?parent=972"}],"wp:term":[{"taxonomy":"product_brand","embeddable":true,"href":"https:\/\/keysdock.tajnaveza.net\/ro\/wp-json\/wp\/v2\/product_brand?post=972"},{"taxonomy":"product_cat","embeddable":true,"href":"https:\/\/keysdock.tajnaveza.net\/ro\/wp-json\/wp\/v2\/product_cat?post=972"},{"taxonomy":"product_tag","embeddable":true,"href":"https:\/\/keysdock.tajnaveza.net\/ro\/wp-json\/wp\/v2\/product_tag?post=972"}],"curies":[{"name":"wp","href":"https:\/\/api.w.org\/{rel}","templated":true}]}}