{"id":973,"date":"2025-03-15T21:07:43","date_gmt":"2025-03-15T21:07:43","guid":{"rendered":"https:\/\/keysdock.com\/?post_type=product&#038;p=973"},"modified":"2025-10-19T07:32:06","modified_gmt":"2025-10-19T07:32:06","slug":"access-2019-key-licenta","status":"publish","type":"product","link":"https:\/\/keysdock.tajnaveza.net\/ro\/produs\/access-2019-key-licenta\/","title":{"rendered":"Access 2019 Product Key Licenta"},"content":{"rendered":"<p><strong>Microsoft Access 2019 - Gestionarea puternic\u0103 a bazelor de date pentru \u00eentreprinderi \u0219i profesioni\u0219ti<\/strong><\/p>\n<h3><strong>Descriere<\/strong><\/h3>\n<p>Microsoft Access 2019 este un <strong>sistem de gestionare a bazelor de date (DBMS) versatil \u0219i u\u0219or de utilizat<\/strong> concepute pentru <strong>\u00eentreprinderi, profesioni\u0219ti \u0219i dezvoltatori<\/strong> care au nevoie de o modalitate eficient\u0103 de a <strong>stocarea, organizarea \u0219i analiza datelor<\/strong>. Cu <strong>\u0219abloane intuitive, capabilit\u0103\u021bi avansate de interogare \u0219i integrare perfect\u0103 cu Microsoft 365<\/strong>, Access 2019 permite utilizatorilor s\u0103 <strong>crearea \u0219i gestionarea bazelor de date<\/strong> f\u0103r\u0103 a necesita expertiz\u0103 tehnic\u0103 aprofundat\u0103.<\/p>\n<p>Fie c\u0103 gestiona\u021bi \u00eenregistr\u0103rile clien\u021bilor, inventarul sau datele financiare, Microsoft Access 2019 v\u0103 ofer\u0103 <strong>instrumente robuste pentru organizarea, raportarea \u0219i automatizarea datelor<\/strong>.<\/p>\n<h3><strong>Caracteristici principale<\/strong><\/h3>\n<p>\u2705 <strong>Modele de baze de date u\u0219or de utilizat<\/strong> - Crea\u021bi rapid baze de date utiliz\u00e2nd <strong>\u0219abloane pre-construite<\/strong> pentru diverse nevoi de afaceri.<br \/>\n\u2705 <strong>Instrumente avansate de interogare \u0219i raportare<\/strong> - Utilizare <strong>SQL, macro-uri \u0219i Visual Basic pentru aplica\u021bii (VBA)<\/strong> pentru automatizarea datelor.<br \/>\n\u2705 <strong>Integrare perfect\u0103 cu Microsoft 365 \u0219i SQL Server<\/strong> - Conecta\u021bi-v\u0103 baza de date cu <strong>Excel, SharePoint \u0219i servicii bazate pe cloud<\/strong>.<br \/>\n\u2705 <strong>Automatizarea formularelor \u0219i a introducerii datelor<\/strong> - Crea\u021bi <strong>formulare personalizate, automatizarea fluxurilor de lucru \u0219i \u00eembun\u0103t\u0103\u021birea interac\u021biunii cu utilizatorii<\/strong>.<br \/>\n\u2705 <strong>Securitate sporit\u0103 \u0219i protec\u021bie a datelor<\/strong> - Securiza\u021bi bazele de date cu <strong>protec\u021bie prin parol\u0103 \u0219i criptare<\/strong>.<br \/>\n\u2705 <strong>Instrumente puternice de import \u0219i export de date<\/strong> - Importa\u021bi\/exporta\u021bi cu u\u0219urin\u021b\u0103 date din <strong>Excel, XML, ODBC \u0219i multe altele<\/strong>.<br \/>\n\u2705 <strong>Suport pentru baze de date rela\u021bionale<\/strong> - <strong>Gestionarea rela\u021biilor complexe de date<\/strong> cu tabele \u0219i interog\u0103ri legate.<br \/>\n\u2705 <strong>Colaborare multiutilizator<\/strong> - Partaja\u021bi baze de date \u00een siguran\u021b\u0103 \u00eentre echipe \u0219i organiza\u021bii.<br \/>\n\u2705 <strong>Performan\u021b\u0103 \u0219i stabilitate \u00eembun\u0103t\u0103\u021bite<\/strong> - Execu\u021bie mai rapid\u0103 a interog\u0103rilor \u0219i <strong>performan\u021b\u0103 optimizat\u0103 a bazei de date<\/strong>.<br \/>\n\u2705 <strong>Grafice \u0219i vizualizare de date modernizate<\/strong> - Crea\u021bi <strong>rapoarte \u0219i tablouri de bord interactive<\/strong> pentru analiza datelor.<br \/>\n\u2705 <strong>Automatizare macro \u0219i VBA<\/strong> - Automatiza\u021bi sarcinile repetitive \u0219i <strong>\u00eembun\u0103t\u0103\u021birea eficien\u021bei fluxului de lucru<\/strong>.<\/p>\n<h3><strong>Cerin\u021be minime de sistem<\/strong><\/h3>\n<ul>\n<li class=\"translation-block\"><strong>Procesor<\/strong>: 1,6 GHz sau mai rapid, procesor dual-core<\/li>\n<li class=\"translation-block\"><strong>RAM<\/strong>: 4 GB (64 de bi\u021bi) \/ 2 GB (32 de bi\u021bi)<\/li>\n<li class=\"translation-block\"><strong>Storage<\/strong>: 4 GB spa\u021biu disponibil pe disc<\/li>\n<li class=\"translation-block\"><strong>Display<\/strong>: rezolu\u021bie 1280\u00d7768 sau mai mare<\/li>\n<li><strong>Sistem de operare<\/strong>: Windows 10 \/ Windows 11 \/ Windows Server 2019<\/li>\n<li class=\"translation-block\"><strong>Graphics<\/strong>: DirectX 9 sau ulterior cu driver WDDM 2.0+<\/li>\n<li><strong>Conexiune la internet<\/strong>: Necesar pentru activare, actualiz\u0103ri \u0219i integrare \u00een cloud<\/li>\n<\/ul>\n<h3><strong>De ce s\u0103 alege\u021bi Microsoft Access 2019?<\/strong><\/h3>\n<p>\ud83d\udd39 <strong>Ideal pentru \u00eentreprinderi \u0219i profesioni\u0219ti<\/strong> - Gestiona\u021bi <strong>baze de date, inventar, date despre clien\u021bi \u0219i \u00eenregistr\u0103ri financiare<\/strong> u\u0219or.<br \/>\n\ud83d\udd39 <strong>Gestionarea flexibil\u0103 a datelor<\/strong> - Suporturi <strong>seturi mari de date, colaborare \u00eentre mai mul\u021bi utilizatori \u0219i baze de date rela\u021bionale<\/strong>.<br \/>\n\ud83d\udd39 <strong>Integrare perfect\u0103 cu Microsoft<\/strong> - Func\u021bioneaz\u0103 cu <strong>Excel, SQL Server, Power BI \u0219i SharePoint<\/strong>.<br \/>\n\ud83d\udd39 <strong>Automatizare avansat\u0103 \u0219i personalizare<\/strong> - Utilizare <strong>VBA \u0219i macro-uri<\/strong> pentru a eficientiza fluxurile de lucru.<br \/>\n\ud83d\udd39 <strong>Securitate \u0219i performan\u021b\u0103 \u00eembun\u0103t\u0103\u021bite<\/strong> - Proteja\u021bi datele sensibile cu <strong>criptarea parolei \u0219i procesarea optimizat\u0103<\/strong>.<\/p>\n<p>Actualiza\u021bi la <strong>Microsoft Access 2019<\/strong> ast\u0103zi \u0219i <strong>simplifica\u021bi gestionarea datelor, \u00eembun\u0103t\u0103\u021bi\u021bi eficien\u021ba \u0219i debloca\u021bi capabilit\u0103\u021bi puternice de raportare<\/strong>! \ud83d\udcca\ud83d\udcbe\ud83d\ude80<\/p>","protected":false},"excerpt":{"rendered":"<p>Microsoft Access 2019 \u2013 Powerful Database Management for Businesses &amp; Professionals Description Microsoft Access 2019 is a versatile and user-friendly database management system (DBMS) designed for businesses, professionals, and developers who need an efficient way to store, organize, and analyze data. With intuitive templates, advanced query capabilities, and seamless integration with Microsoft 365, Access 2019 [&hellip;]<\/p>","protected":false},"featured_media":1009,"comment_status":"open","ping_status":"closed","template":"","meta":{"_gspb_post_css":""},"product_brand":[],"product_cat":[62],"product_tag":[75],"class_list":{"0":"post-973","1":"product","2":"type-product","3":"status-publish","4":"has-post-thumbnail","6":"product_cat-office","7":"product_tag-access","9":"first","10":"instock","11":"shipping-taxable","12":"product-type-external"},"_links":{"self":[{"href":"https:\/\/keysdock.tajnaveza.net\/ro\/wp-json\/wp\/v2\/product\/973","targetHints":{"allow":["GET"]}}],"collection":[{"href":"https:\/\/keysdock.tajnaveza.net\/ro\/wp-json\/wp\/v2\/product"}],"about":[{"href":"https:\/\/keysdock.tajnaveza.net\/ro\/wp-json\/wp\/v2\/types\/product"}],"replies":[{"embeddable":true,"href":"https:\/\/keysdock.tajnaveza.net\/ro\/wp-json\/wp\/v2\/comments?post=973"}],"wp:featuredmedia":[{"embeddable":true,"href":"https:\/\/keysdock.tajnaveza.net\/ro\/wp-json\/wp\/v2\/media\/1009"}],"wp:attachment":[{"href":"https:\/\/keysdock.tajnaveza.net\/ro\/wp-json\/wp\/v2\/media?parent=973"}],"wp:term":[{"taxonomy":"product_brand","embeddable":true,"href":"https:\/\/keysdock.tajnaveza.net\/ro\/wp-json\/wp\/v2\/product_brand?post=973"},{"taxonomy":"product_cat","embeddable":true,"href":"https:\/\/keysdock.tajnaveza.net\/ro\/wp-json\/wp\/v2\/product_cat?post=973"},{"taxonomy":"product_tag","embeddable":true,"href":"https:\/\/keysdock.tajnaveza.net\/ro\/wp-json\/wp\/v2\/product_tag?post=973"}],"curies":[{"name":"wp","href":"https:\/\/api.w.org\/{rel}","templated":true}]}}