{"id":976,"date":"2025-03-15T21:07:43","date_gmt":"2025-03-15T21:07:43","guid":{"rendered":"https:\/\/keysdock.com\/?post_type=product&#038;p=976"},"modified":"2025-10-19T07:31:38","modified_gmt":"2025-10-19T07:31:38","slug":"kaspersky-plus-2025-1-dispozitiv-1-an-licenta","status":"publish","type":"product","link":"https:\/\/keysdock.tajnaveza.net\/ro\/produs\/kaspersky-plus-2025-1-dispozitiv-1-an-licenta\/","title":{"rendered":"Kaspersky plus 2025 | 1 dispozitiv - 1 an| Key Licenta"},"content":{"rendered":"<p><strong>Kaspersky Plus Antivirus - Securitate avansat\u0103, confiden\u021bialitate \u0219i performan\u021b\u0103<\/strong><\/p>\n<h3><strong>Descriere<\/strong><\/h3>\n<p>Kaspersky Plus Antivirus este un <strong>suit\u0103 de securitate bogat\u0103 \u00een func\u021bii<\/strong> concepute pentru a furniza <strong>protec\u021bie sporit\u0103, confiden\u021bialitate \u0219i optimizarea sistemului<\/strong> pentru <strong>Dispozitive Windows, macOS, Android \u0219i iOS<\/strong>. Acesta ofer\u0103 <strong>protec\u021bie antivirus \u00een timp real, instrumente antiphishing avansate, un VPN \u00eencorporat \u0219i func\u021bii de \u00eembun\u0103t\u0103\u021bire a performan\u021bei<\/strong>, asigur\u00e2nd o <strong>experien\u021b\u0103 digital\u0103 sigur\u0103, privat\u0103 \u0219i f\u0103r\u0103 probleme<\/strong>.<\/p>\n<p>Cu <strong>Detectarea programelor malware, navigarea securizat\u0103 \u0219i protec\u021bia identit\u0103\u021bii bazate pe AI<\/strong>, Kaspersky Plus este perfect pentru <strong>utilizatorii care au nevoie de securitate cibernetic\u0103 de nivel superior f\u0103r\u0103 a-\u0219i \u00eencetini dispozitivele<\/strong>.<\/p>\n<h3><strong>Caracteristici principale<\/strong><\/h3>\n<p>\u2705 <strong>Protec\u021bie \u00een timp real \u00eempotriva amenin\u021b\u0103rilor<\/strong> - <strong>Blocheaz\u0103 viru\u0219i, malware, spyware \u0219i ransomware<\/strong> \u00eenainte ca acestea s\u0103 v\u0103 poat\u0103 afecta dispozitivul.<br \/>\n\u2705 <strong>Scut Ransomware pe mai multe niveluri<\/strong> - Previne <strong>criptarea fi\u0219ierelor atac\u0103 \u0219i protejeaz\u0103 datele importante<\/strong>.<br \/>\n\u2705 <strong>Protec\u021bie web \u0219i Anti-Phishing bazate pe inteligen\u021b\u0103 artificial\u0103<\/strong> - Detecteaz\u0103 \u0219i blocheaz\u0103 <strong>site-uri frauduloase, e-mailuri de phishing \u0219i site-uri bancare false<\/strong>.<br \/>\n\u2705 <strong>VPN nelimitat (navigare securizat\u0103)<\/strong> - Cripteaz\u0103 <strong>traficul pe internet<\/strong> pentru anonimat \u0219i <strong>navigare sigur\u0103 pe Wi-Fi public<\/strong>.<br \/>\n\u2705 <strong>Firewall \u0219i monitorizarea re\u021belei<\/strong> - Previne <strong>acces neautorizat<\/strong> \u0219i <strong>\u021bine hackerii la distan\u021b\u0103<\/strong> a sistemului dumneavoastr\u0103.<br \/>\n\u2705 <strong>Protec\u021bie pentru webcam \u0219i microfon<\/strong> - Opriri <strong>spyware de la accesarea \u00een secret a camerei web \u0219i a microfonului dvs.<\/strong>.<br \/>\n\u2705 <strong>Optimizarea inteligent\u0103 a performan\u021bei<\/strong> - Cur\u0103\u021b\u0103 <strong>fi\u0219iere nedorite, accelereaz\u0103 timpul de pornire \u0219i \u00eembun\u0103t\u0103\u021be\u0219te performan\u021ba dispozitivului<\/strong>.<br \/>\n\u2705 <strong>Monitorizarea Dark Web<\/strong> - Scan\u0103ri <strong>internetul \u00eentunecat pentru date personale furate<\/strong> \u0219i v\u0103 alerteaz\u0103 cu privire la bre\u0219ele de securitate.<br \/>\n\u2705 <strong>Servicii bancare \u0219i cump\u0103r\u0103turi online securizate<\/strong> - <strong>Cripteaz\u0103 tranzac\u021biile financiare<\/strong> \u0219i previne frauda.<br \/>\n\u2705 <strong>Manager de parole<\/strong> - \u00cen siguran\u021b\u0103 <strong>stocheaz\u0103, completeaz\u0103 automat \u0219i genereaz\u0103 parole puternice<\/strong>.<br \/>\n\u2705 <strong>Controale parentale \u0219i modul Copii \u00een siguran\u021b\u0103<\/strong> - Filtre <strong>con\u021binutul d\u0103un\u0103tor \u0219i limiteaz\u0103 timpul petrecut de copii \u00een fa\u021ba ecranului<\/strong>.<br \/>\n\u2705 <strong>Protec\u021bia dispozitivelor USB<\/strong> - Scan\u0103ri <strong>dispozitive de stocare externe<\/strong> pentru malware \u0219i riscuri de securitate.<\/p>\n<h3><strong>Cerin\u021be minime de sistem<\/strong><\/h3>\n<h4><strong>Windows<\/strong><\/h4>\n<ul>\n<li><strong>Procesor<\/strong>: 1 GHz sau mai rapid<\/li>\n<li><strong>RAM<\/strong>: 2 GB minim<\/li>\n<li><strong>Depozitare<\/strong>: 2 GB spa\u021biu disponibil pe disc<\/li>\n<li><strong>Sistem de operare<\/strong>: Windows 11, Windows 10, Windows 8.1, Windows 8, Windows 7 (SP1)<\/li>\n<li><strong>Conexiune la internet<\/strong>: Necesar pentru activare, actualiz\u0103ri \u0219i securitate bazat\u0103 pe cloud<\/li>\n<\/ul>\n<h4><strong>macOS<\/strong><\/h4>\n<ul>\n<li><strong>Procesor<\/strong>: Mac pe baz\u0103 de Intel sau Apple Silicon (M1\/M2)<\/li>\n<li><strong>RAM<\/strong>: 2 GB minim<\/li>\n<li><strong>Depozitare<\/strong>: 1,5 GB spa\u021biu disponibil pe disc<\/li>\n<li><strong>Sistem de operare<\/strong>: macOS 10.12 (Sierra) sau ulterior<\/li>\n<\/ul>\n<h4><strong>Android \u0219i iOS<\/strong><\/h4>\n<ul>\n<li><strong>Sistem de operare<\/strong>: Android 6.0 sau ulterior \/ iOS 12.0 sau ulterior<\/li>\n<li><strong>Caracteristici disponibile<\/strong>: Antivirus, antifurt, VPN \u0219i protec\u021bie a confiden\u021bialit\u0103\u021bii<\/li>\n<\/ul>\n<h3><strong>De ce s\u0103 alege\u021bi Kaspersky Plus Antivirus?<\/strong><\/h3>\n<p>\ud83d\udd39 <strong>Suit\u0103 de securitate \u0219i performan\u021b\u0103 all-in-one<\/strong> - <strong>Combin\u0103 antivirus, VPN \u0219i instrumente de optimizare<\/strong> \u00eentr-un singur pachet.<br \/>\n\ud83d\udd39 <strong>Protec\u021bie puternic\u0103 bazat\u0103 pe inteligen\u021b\u0103 artificial\u0103<\/strong> - Detecteaz\u0103 \u0219i neutralizeaz\u0103 <strong>amenin\u021b\u0103ri cibernetice \u00een timp real<\/strong>.<br \/>\n\ud83d\udd39 <strong>Confiden\u021bialitate \u0219i protec\u021bia identit\u0103\u021bii<\/strong> - P\u0103streaz\u0103 <strong>siguran\u021ba datelor cu caracter personal<\/strong> cu <strong>VPN, anti-urm\u0103rire \u0219i gestionarea parolelor<\/strong>.<br \/>\n\ud83d\udd39 <strong>\u00cembun\u0103t\u0103\u021be\u0219te performan\u021ba PC-ului \u0219i a telefonului mobil<\/strong> - <strong>Cur\u0103\u021b\u0103 dezordinea din sistem<\/strong> \u0219i \u00eembun\u0103t\u0103\u021be\u0219te <strong>vitez\u0103 \u0219i eficien\u021b\u0103<\/strong>.<br \/>\n\ud83d\udd39 <strong>Navigare sigur\u0103 \u0219i tranzac\u021bii securizate<\/strong> - <strong>Protejeaz\u0103 datele dvs. financiare \u0219i previne atacurile de phishing<\/strong>.<\/p>\n<p>Actualiza\u021bi la <strong>Kaspersky Plus Antivirus<\/strong> ast\u0103zi pentru <strong>securitate de nivel urm\u0103tor, confiden\u021bialitate \u0219i optimizarea sistemului<\/strong>! \ud83d\ude80\ud83d\udee1\ufe0f\ud83d\udd12<\/p>","protected":false},"excerpt":{"rendered":"<p>Kaspersky Plus Antivirus \u2013 Advanced Security, Privacy &amp; Performance Description Kaspersky Plus Antivirus is a feature-rich security suite designed to provide enhanced protection, privacy, and system optimization for Windows, macOS, Android, and iOS devices. It offers real-time antivirus protection, advanced anti-phishing tools, a built-in VPN, and performance-boosting features, ensuring a safe, private, and smooth digital [&hellip;]<\/p>","protected":false},"featured_media":1012,"comment_status":"open","ping_status":"closed","template":"","meta":{"_gspb_post_css":""},"product_brand":[],"product_cat":[76],"product_tag":[77],"class_list":{"0":"post-976","1":"product","2":"type-product","3":"status-publish","4":"has-post-thumbnail","6":"product_cat-antivirus","7":"product_tag-kaspersky","9":"first","10":"instock","11":"shipping-taxable","12":"product-type-external"},"_links":{"self":[{"href":"https:\/\/keysdock.tajnaveza.net\/ro\/wp-json\/wp\/v2\/product\/976","targetHints":{"allow":["GET"]}}],"collection":[{"href":"https:\/\/keysdock.tajnaveza.net\/ro\/wp-json\/wp\/v2\/product"}],"about":[{"href":"https:\/\/keysdock.tajnaveza.net\/ro\/wp-json\/wp\/v2\/types\/product"}],"replies":[{"embeddable":true,"href":"https:\/\/keysdock.tajnaveza.net\/ro\/wp-json\/wp\/v2\/comments?post=976"}],"wp:featuredmedia":[{"embeddable":true,"href":"https:\/\/keysdock.tajnaveza.net\/ro\/wp-json\/wp\/v2\/media\/1012"}],"wp:attachment":[{"href":"https:\/\/keysdock.tajnaveza.net\/ro\/wp-json\/wp\/v2\/media?parent=976"}],"wp:term":[{"taxonomy":"product_brand","embeddable":true,"href":"https:\/\/keysdock.tajnaveza.net\/ro\/wp-json\/wp\/v2\/product_brand?post=976"},{"taxonomy":"product_cat","embeddable":true,"href":"https:\/\/keysdock.tajnaveza.net\/ro\/wp-json\/wp\/v2\/product_cat?post=976"},{"taxonomy":"product_tag","embeddable":true,"href":"https:\/\/keysdock.tajnaveza.net\/ro\/wp-json\/wp\/v2\/product_tag?post=976"}],"curies":[{"name":"wp","href":"https:\/\/api.w.org\/{rel}","templated":true}]}}