{"id":978,"date":"2025-03-15T21:07:44","date_gmt":"2025-03-15T21:07:44","guid":{"rendered":"https:\/\/keysdock.com\/?post_type=product&#038;p=978"},"modified":"2025-10-31T17:20:45","modified_gmt":"2025-10-31T17:20:45","slug":"kaspersky-total-security-antivirus-product-key-activation-1year-1pc","status":"publish","type":"product","link":"https:\/\/keysdock.tajnaveza.net\/ro\/produs\/kaspersky-total-security-antivirus-product-key-activation-1year-1pc\/","title":{"rendered":"Kaspersky Total Security 2025 | 1 dispozitiv - 1 an| \n Key Licenta"},"content":{"rendered":"<p><strong>Cump\u0103r\u0103 cheia de licen\u021b\u0103 Kaspersky Total Security 2025 pentru 1 dispozitiv (1 an) la cel mai bun pre\u021b. Protec\u021bie complet\u0103.<\/strong><\/p>\n<h3><strong>Descriere<\/strong><\/h3>\n<p>Kaspersky Total Security este un <strong>suit\u0103 de securitate cibernetic\u0103 all-in-one<\/strong> concepute pentru a furniza <strong>protec\u021bie maxim\u0103, confiden\u021bialitate \u0219i optimizarea performan\u021bei<\/strong> pentru <strong>Dispozitive Windows, macOS, Android \u0219i iOS<\/strong>. Acesta ofer\u0103 <strong>ap\u0103rare antivirus \u00een timp real, protec\u021bie ransomware, VPN securizat, gestionarea parolelor, control parental \u0219i monitorizare dark web<\/strong>, asigur\u00e2nd <strong>o experien\u021b\u0103 digital\u0103 sigur\u0103 \u0219i f\u0103r\u0103 probleme<\/strong> pentru persoane \u0219i familii.<\/p>\n<p>Cu <strong>securitate pe mai multe niveluri, detectarea amenin\u021b\u0103rilor cu ajutorul AI \u0219i instrumente de \u00eembun\u0103t\u0103\u021bire a confiden\u021bialit\u0103\u021bii<\/strong>, Kaspersky Total Security este perfect pentru <strong>utilizatorii care au nevoie de protec\u021bie de nivel superior \u00eempotriva amenin\u021b\u0103rilor cibernetice, f\u0103r\u0103 a compromite performan\u021ba sistemului<\/strong>.<\/p>\n<h3><strong>Caracteristici principale<\/strong><\/h3>\n<p>\u2705 <strong>Protec\u021bie Antivirus \u0219i Malware \u00een timp real<\/strong> - Blocuri <strong>viru\u0219i, malware, spyware, ransomware \u0219i atacuri de tip zero-day<\/strong>.<br \/>\n\u2705 <strong>Scut Ransomware avansat<\/strong> - Previne <strong>criptarea fi\u0219ierelor atac\u0103 \u0219i protejeaz\u0103 datele sensibile<\/strong>.<br \/>\n\u2705 <strong>Protec\u021bie web \u0219i Anti-Phishing bazate pe inteligen\u021b\u0103 artificial\u0103<\/strong> - Detecteaz\u0103 \u0219i blocheaz\u0103 <strong>site-uri web false, e-mailuri de phishing \u0219i site-uri bancare frauduloase<\/strong>.<br \/>\n\u2705 <strong>VPN securizat (date nelimitate)<\/strong> - Cripteaz\u0103 <strong>traficul pe internet<\/strong> pentru sectorul privat \u0219i <strong>navigare securizat\u0103 pe Wi-Fi public<\/strong>.<br \/>\n\u2705 <strong>Firewall \u0219i monitorizarea re\u021belei<\/strong> - Blocuri <strong>intruziuni, tentative de hacking \u0219i acces neautorizat<\/strong>.<br \/>\n\u2705 <strong>Protec\u021bie pentru webcam \u0219i microfon<\/strong> - Previne <strong>spyware de la deturnarea camerei web \u0219i a microfonului<\/strong>.<br \/>\n\u2705 <strong>Monitorizarea Dark Web<\/strong> - Scan\u0103ri <strong>internetul \u00eentunecat pentru date personale furate<\/strong> \u0219i v\u0103 notific\u0103 \u00een caz de \u00eenc\u0103lcare.<br \/>\n\u2705 <strong>Servicii bancare \u0219i cump\u0103r\u0103turi online \u00een siguran\u021b\u0103<\/strong> - Cripteaz\u0103 <strong>tranzac\u021bii financiare<\/strong> \u0219i previne frauda.<br \/>\n\u2705 <strong>Manager de parole<\/strong> - Magazine <strong>parole puternice<\/strong> \u00een siguran\u021b\u0103 \u0219i completeaz\u0103 automat acredit\u0103rile.<br \/>\n\u2705 <strong>Controale parentale \u0219i modul Copii \u00een siguran\u021b\u0103<\/strong> - Filtre <strong>con\u021binut d\u0103un\u0103tor, urm\u0103re\u0219te timpul petrecut \u00een fa\u021ba ecranului \u0219i localizeaz\u0103 dispozitivele copiilor<\/strong>.<br \/>\n\u2705 <strong>Cur\u0103\u021bare \u0219i optimizare inteligent\u0103 a sistemului<\/strong> - \u00cendep\u0103rteaz\u0103 <strong>fi\u0219iere nedorite, accelereaz\u0103 timpul de pornire \u0219i \u00eembun\u0103t\u0103\u021be\u0219te performan\u021ba<\/strong>.<br \/>\n\u2705 <strong>Protec\u021bia USB \u0219i a dispozitivelor externe<\/strong> - Scan\u0103ri <strong>dispozitive de stocare amovibile<\/strong> pentru a preveni infec\u021biile cu programe malware.<br \/>\n\u2705 <strong>Actualiz\u0103ri automate ale software-ului<\/strong> - Asigur\u0103 <strong>aplica\u021biile instalate r\u0103m\u00e2n sigure \u0219i actualizate<\/strong>.<\/p>\n<h3><strong>Cerin\u021be minime de sistem<\/strong><\/h3>\n<h4><strong>Windows<\/strong><\/h4>\n<ul>\n<li><strong>Procesor<\/strong>: 1 GHz sau mai rapid<\/li>\n<li><strong>RAM<\/strong>: 2 GB minim<\/li>\n<li><strong>Depozitare<\/strong>: 2 GB spa\u021biu disponibil pe disc<\/li>\n<li><strong>Sistem de operare<\/strong>: Windows 11, Windows 10, Windows 8.1, Windows 8, Windows 7 (SP1)<\/li>\n<li><strong>Conexiune la internet<\/strong>: Necesar pentru activare, actualiz\u0103ri \u0219i securitate bazat\u0103 pe cloud<\/li>\n<\/ul>\n<h4><strong>macOS<\/strong><\/h4>\n<ul>\n<li><strong>Procesor<\/strong>: Mac pe baz\u0103 de Intel sau Apple Silicon (M1\/M2)<\/li>\n<li><strong>RAM<\/strong>: 2 GB minim<\/li>\n<li><strong>Depozitare<\/strong>: 1,5 GB spa\u021biu disponibil pe disc<\/li>\n<li><strong>Sistem de operare<\/strong>: macOS 10.12 (Sierra) sau ulterior<\/li>\n<\/ul>\n<h4><strong>Android \u0219i iOS<\/strong><\/h4>\n<ul>\n<li><strong>Sistem de operare<\/strong>: Android 6.0 sau ulterior \/ iOS 12.0 sau ulterior<\/li>\n<li><strong>Caracteristici disponibile<\/strong>: Antivirus, antifurt, VPN \u0219i protec\u021bie a confiden\u021bialit\u0103\u021bii<\/li>\n<\/ul>\n<h3><strong>De ce s\u0103 alege\u021bi Kaspersky Total Security?<\/strong><\/h3>\n<p>\ud83d\udd39 <strong>Securitate All-in-One pentru fiecare dispozitiv<\/strong> - \u00cenveli\u0219uri <strong>Windows, Mac, Android \u0219i iOS<\/strong> \u00een a <strong>abonament unic<\/strong>.<br \/>\n\ud83d\udd39 <strong>Protec\u021bie maxim\u0103 a securit\u0103\u021bii cibernetice<\/strong> - Blocuri <strong>viru\u0219i, ransomware, spyware \u0219i tentative de phishing<\/strong> \u00een timp real.<br \/>\n\ud83d\udd39 <strong>Confiden\u021bialitate sporit\u0103 \u0219i securitate a identit\u0103\u021bii<\/strong> - Include <strong>VPN, anti-urm\u0103rire \u0219i monitorizare dark web<\/strong>.<br \/>\n\ud83d\udd39 <strong>Optimizarea inteligent\u0103 a performan\u021bei<\/strong> - \u00cembun\u0103t\u0103\u021be\u0219te <strong>viteza \u0219i eficien\u021ba sistemului<\/strong> \u00een timp ce v\u0103 securiza\u021bi dispozitivele.<br \/>\n\ud83d\udd39 <strong>Copii \u00een siguran\u021b\u0103 \u0219i controale parentale<\/strong> - Ofer\u0103 <strong>monitorizarea timpului petrecut pe ecran \u0219i filtrarea web<\/strong> pentru siguran\u021ba copiilor.<\/p>\n<p>Actualiza\u021bi la <strong>Kaspersky Total Security<\/strong> ast\u0103zi pentru <strong>cel mai \u00eenalt nivel de securitate, confiden\u021bialitate \u0219i optimizare a performan\u021bei<\/strong>! \ud83d\ude80\ud83d\udee1\ufe0f\ud83d\udd12<\/p>","protected":false},"excerpt":{"rendered":"<p>Kaspersky Total Security \u2013 Ultimate Protection for Your Digital Life Description Kaspersky Total Security is an all-in-one cybersecurity suite designed to provide maximum protection, privacy, and performance optimization for Windows, macOS, Android, and iOS devices. It offers real-time antivirus defense, ransomware protection, secure VPN, password management, parental controls, and dark web monitoring, ensuring a safe [&hellip;]<\/p>","protected":false},"featured_media":1014,"comment_status":"open","ping_status":"closed","template":"","meta":{"_gspb_post_css":""},"product_brand":[],"product_cat":[76],"product_tag":[77],"class_list":{"0":"post-978","1":"product","2":"type-product","3":"status-publish","4":"has-post-thumbnail","6":"product_cat-antivirus","7":"product_tag-kaspersky","9":"first","10":"instock","11":"shipping-taxable","12":"product-type-external"},"_links":{"self":[{"href":"https:\/\/keysdock.tajnaveza.net\/ro\/wp-json\/wp\/v2\/product\/978","targetHints":{"allow":["GET"]}}],"collection":[{"href":"https:\/\/keysdock.tajnaveza.net\/ro\/wp-json\/wp\/v2\/product"}],"about":[{"href":"https:\/\/keysdock.tajnaveza.net\/ro\/wp-json\/wp\/v2\/types\/product"}],"replies":[{"embeddable":true,"href":"https:\/\/keysdock.tajnaveza.net\/ro\/wp-json\/wp\/v2\/comments?post=978"}],"wp:featuredmedia":[{"embeddable":true,"href":"https:\/\/keysdock.tajnaveza.net\/ro\/wp-json\/wp\/v2\/media\/1014"}],"wp:attachment":[{"href":"https:\/\/keysdock.tajnaveza.net\/ro\/wp-json\/wp\/v2\/media?parent=978"}],"wp:term":[{"taxonomy":"product_brand","embeddable":true,"href":"https:\/\/keysdock.tajnaveza.net\/ro\/wp-json\/wp\/v2\/product_brand?post=978"},{"taxonomy":"product_cat","embeddable":true,"href":"https:\/\/keysdock.tajnaveza.net\/ro\/wp-json\/wp\/v2\/product_cat?post=978"},{"taxonomy":"product_tag","embeddable":true,"href":"https:\/\/keysdock.tajnaveza.net\/ro\/wp-json\/wp\/v2\/product_tag?post=978"}],"curies":[{"name":"wp","href":"https:\/\/api.w.org\/{rel}","templated":true}]}}