{"id":979,"date":"2025-03-15T21:07:44","date_gmt":"2025-03-15T21:07:44","guid":{"rendered":"https:\/\/keysdock.com\/?post_type=product&#038;p=979"},"modified":"2026-02-19T09:22:55","modified_gmt":"2026-02-19T09:22:55","slug":"eset-nod32-antivirus-2025-1-dispozitiv-1-an-licenta","status":"publish","type":"product","link":"https:\/\/keysdock.tajnaveza.net\/ro\/produs\/eset-nod32-antivirus-2025-1-dispozitiv-1-an-licenta\/","title":{"rendered":"Eset Nod32 Antivirus 2025 | 1 dispozitiv - 1 an| Key Licenta"},"content":{"rendered":"<p><strong>ESET NOD32 Antivirus - Securitate cibernetic\u0103 u\u0219oar\u0103 \u0219i puternic\u0103 pentru PC-ul dumneavoastr\u0103<\/strong><\/p>\n<h3><strong>Descriere<\/strong><\/h3>\n<p>ESET NOD32 Antivirus este un <strong>solu\u021bie de securitate rapid\u0103, u\u0219oar\u0103 \u0219i eficient\u0103<\/strong> concepute pentru a proteja <strong>Windows, macOS \u0219i Linux<\/strong> sisteme \u00eempotriva <strong>viru\u0219i, malware, ransomware, atacuri de phishing \u0219i amenin\u021b\u0103ri de tip zero-day<\/strong>. Cu <strong>impact redus asupra sistemului \u0219i euristic\u0103 avansat\u0103<\/strong>, ESET asigur\u0103 <strong>performan\u021b\u0103 f\u0103r\u0103 probleme<\/strong> f\u0103r\u0103 a v\u0103 \u00eencetini dispozitivul, ceea ce \u00eel face perfect pentru <strong>gameri, profesioni\u0219ti \u0219i utilizatori obi\u0219nui\u021bi<\/strong>.<\/p>\n<p>Cu <strong>Detectarea amenin\u021b\u0103rilor, blocarea exploat\u0103rilor \u0219i tehnologia antiphishing bazate pe inteligen\u021b\u0103 artificial\u0103<\/strong>, ESET NOD32 ofer\u0103 <strong>securitate \u00een timp real f\u0103r\u0103 bloatware sau \u00eencetiniri inutile<\/strong>.<\/p>\n<h3><strong>Caracteristici principale<\/strong><\/h3>\n<p>\u2705 <strong>Protec\u021bie antivirus \u00een timp real<\/strong> - Blocuri <strong>viru\u0219i, troieni, ransomware, rootkit-uri \u0219i spyware<\/strong> \u00eenainte ca acestea s\u0103 v\u0103 poat\u0103 afecta sistemul.<br \/>\n\u2705 <strong>\u00cenv\u0103\u021barea avansat\u0103 a ma\u0219inilor \u0219i ap\u0103rarea \u00eempotriva IA<\/strong> - Utiliz\u0103ri <strong>euristica \u0219i analiza comportamental\u0103<\/strong> pentru a opri amenin\u021b\u0103rile de tip zero-day.<br \/>\n\u2705 <strong>Scut Ransomware pe mai multe niveluri<\/strong> - Previne <strong>criptarea neautorizat\u0103 a fi\u0219ierelor dvs. personale<\/strong>.<br \/>\n\u2705 <strong>Impact redus asupra sistemului \u0219i scanare rapid\u0103<\/strong> - Alerg\u0103ri <strong>\u00een lini\u0219te \u00een fundal<\/strong> f\u0103r\u0103 a \u00eencetini jocurile sau munca.<br \/>\n\u2705 <strong>Blocarea exploat\u0103rii<\/strong> - Protejeaz\u0103 \u00eempotriva <strong>atacuri avansate care vizeaz\u0103 browserele, cititoarele de documente \u0219i clien\u021bii de e-mail<\/strong>.<br \/>\n\u2705 <strong>Anti-Phishing \u0219i protec\u021bie web<\/strong> - Blocuri <strong>site-uri frauduloase \u0219i site-uri bancare false<\/strong> pentru a v\u0103 proteja acredit\u0103rile.<br \/>\n\u2705 <strong>Controlul dispozitivelor \u0219i protec\u021bia USB<\/strong> - Scan\u0103ri <strong>unit\u0103\u021bi externe \u0219i previne infec\u021biile malware<\/strong> de la dispozitive USB.<br \/>\n\u2705 <strong>Pop-Ups \u0219i notific\u0103ri minimaliste<\/strong> - Ofer\u0103 <strong>jocuri f\u0103r\u0103 distragere a aten\u021biei \u0219i mod full-screen<\/strong>.<br \/>\n\u2705 <strong>HIPS avansat (Host-Based Intrusion Prevention System)<\/strong> - Reguli de securitate personalizate pentru <strong>un control mai bun asupra proceselor sistemului<\/strong>.<br \/>\n\u2705 <strong>Actualiz\u0103ri regulate \u0219i silen\u021bioase<\/strong> - Asigur\u0103 c\u0103 dispozitivul dvs. este <strong>\u00eentotdeauna protejat cu cele mai recente defini\u021bii ale viru\u0219ilor<\/strong>.<\/p>\n<h3><strong>Cerin\u021be minime de sistem<\/strong><\/h3>\n<h4><strong>Windows<\/strong><\/h4>\n<ul>\n<li><strong>Procesor<\/strong>: 1 GHz sau mai rapid<\/li>\n<li><strong>RAM<\/strong>: 2 GB minim<\/li>\n<li><strong>Depozitare<\/strong>: 1 GB spa\u021biu disponibil pe disc<\/li>\n<li><strong>Sistem de operare<\/strong>: Windows 11, Windows 10, Windows 8.1, Windows 8, Windows 7 (SP1)<\/li>\n<li><strong>Conexiune la internet<\/strong>: Necesar pentru activare, actualiz\u0103ri \u0219i scanare bazat\u0103 pe cloud<\/li>\n<\/ul>\n<h4><strong>macOS<\/strong><\/h4>\n<ul>\n<li><strong>Procesor<\/strong>: Mac pe baz\u0103 de Intel sau Apple Silicon (M1\/M2)<\/li>\n<li><strong>RAM<\/strong>: 2 GB minim<\/li>\n<li><strong>Depozitare<\/strong>: 1,5 GB spa\u021biu disponibil pe disc<\/li>\n<li><strong>Sistem de operare<\/strong>: macOS 10.12 (Sierra) sau ulterior<\/li>\n<\/ul>\n<h4><strong>Linux<\/strong><\/h4>\n<ul>\n<li><strong>Distribu\u021bii sus\u021binute<\/strong>: Ubuntu, Fedora, Debian, OpenSUSE (sisteme pe 64 de bi\u021bi)<\/li>\n<\/ul>\n<h3><strong>De ce s\u0103 alege\u021bi ESET NOD32 Antivirus?<\/strong><\/h3>\n<p>\ud83d\udd39 <strong>Securitate u\u0219oar\u0103 \u0219i rapid\u0103<\/strong> - <strong>Conceput pentru performan\u021b\u0103<\/strong> cu un impact minim asupra sistemului.<br \/>\n\ud83d\udd39 <strong>Detectare puternic\u0103 a amenin\u021b\u0103rilor bazat\u0103 pe inteligen\u021b\u0103 artificial\u0103<\/strong> - Protejeaz\u0103 \u00eempotriva <strong>programe malware avansate, atacuri de tip zero-day \u0219i amenin\u021b\u0103ri f\u0103r\u0103 fi\u0219iere<\/strong>.<br \/>\n\ud83d\udd39 <strong>Servicii bancare online sigure \u0219i protec\u021bie \u00eempotriva phishing-ului<\/strong> - <strong>Blocheaz\u0103 site-urile web false<\/strong> care fur\u0103 date personale \u0219i financiare.<br \/>\n\ud83d\udd39 <strong>Perfect pentru gameri \u0219i profesioni\u0219ti<\/strong> - <strong>Pop-up-uri minime, actualiz\u0103ri silen\u021bioase \u0219i utilizare optimizat\u0103 a sistemului<\/strong>.<br \/>\n\ud83d\udd39 <strong>Protec\u021bia USB \u0219i a dispozitivelor externe<\/strong> - <strong>Scaneaz\u0103 mediile amovibile<\/strong> pentru amenin\u021b\u0103rile malware.<\/p>\n<p>Actualiza\u021bi la <strong>ESET NOD32 Antivirus<\/strong> ast\u0103zi pentru <strong>protec\u021bie u\u0219oar\u0103, rapid\u0103 \u0219i puternic\u0103 \u00eempotriva amenin\u021b\u0103rilor cibernetice moderne<\/strong>! \ud83d\ude80\ud83d\udee1\ufe0f\ud83d\udd12<\/p>","protected":false},"excerpt":{"rendered":"<p>ESET NOD32 Antivirus \u2013 Lightweight &amp; Powerful Cybersecurity for Your PC Description ESET NOD32 Antivirus is a fast, lightweight, and effective security solution designed to protect Windows, macOS, and Linux systems against viruses, malware, ransomware, phishing attacks, and zero-day threats. With low system impact and advanced heuristics, ESET ensures smooth performance without slowing down your [&hellip;]<\/p>","protected":false},"featured_media":1015,"comment_status":"open","ping_status":"closed","template":"","meta":{"_gspb_post_css":""},"product_brand":[],"product_cat":[76],"product_tag":[78],"class_list":{"0":"post-979","1":"product","2":"type-product","3":"status-publish","4":"has-post-thumbnail","6":"product_cat-antivirus","7":"product_tag-eset","9":"first","10":"instock","11":"shipping-taxable","12":"product-type-external"},"_links":{"self":[{"href":"https:\/\/keysdock.tajnaveza.net\/ro\/wp-json\/wp\/v2\/product\/979","targetHints":{"allow":["GET"]}}],"collection":[{"href":"https:\/\/keysdock.tajnaveza.net\/ro\/wp-json\/wp\/v2\/product"}],"about":[{"href":"https:\/\/keysdock.tajnaveza.net\/ro\/wp-json\/wp\/v2\/types\/product"}],"replies":[{"embeddable":true,"href":"https:\/\/keysdock.tajnaveza.net\/ro\/wp-json\/wp\/v2\/comments?post=979"}],"wp:featuredmedia":[{"embeddable":true,"href":"https:\/\/keysdock.tajnaveza.net\/ro\/wp-json\/wp\/v2\/media\/1015"}],"wp:attachment":[{"href":"https:\/\/keysdock.tajnaveza.net\/ro\/wp-json\/wp\/v2\/media?parent=979"}],"wp:term":[{"taxonomy":"product_brand","embeddable":true,"href":"https:\/\/keysdock.tajnaveza.net\/ro\/wp-json\/wp\/v2\/product_brand?post=979"},{"taxonomy":"product_cat","embeddable":true,"href":"https:\/\/keysdock.tajnaveza.net\/ro\/wp-json\/wp\/v2\/product_cat?post=979"},{"taxonomy":"product_tag","embeddable":true,"href":"https:\/\/keysdock.tajnaveza.net\/ro\/wp-json\/wp\/v2\/product_tag?post=979"}],"curies":[{"name":"wp","href":"https:\/\/api.w.org\/{rel}","templated":true}]}}