{"id":980,"date":"2025-03-15T21:07:44","date_gmt":"2025-03-15T21:07:44","guid":{"rendered":"https:\/\/keysdock.com\/?post_type=product&#038;p=980"},"modified":"2025-10-19T07:34:36","modified_gmt":"2025-10-19T07:34:36","slug":"eset-internet-security-2025-1-dispozitiv-1-an-licenta","status":"publish","type":"product","link":"https:\/\/keysdock.tajnaveza.net\/ro\/produs\/eset-internet-security-2025-1-dispozitiv-1-an-licenta\/","title":{"rendered":"Eset Internet Security 2025 | 1 dispozitiv - 1 an| \n Key Licenta"},"content":{"rendered":"<p><strong>ESET Internet Security - Protec\u021bie avansat\u0103 pentru siguran\u021b\u0103 \u0219i confiden\u021bialitate online<\/strong><\/p>\n<h3><strong>Descriere<\/strong><\/h3>\n<p>ESET Internet Security este un <strong>suit\u0103 de securitate complet\u0103<\/strong> concepute pentru <strong>Utilizatori de Windows, macOS \u0219i Android<\/strong> care au nevoie de <strong>protec\u021bie sporit\u0103 \u00eempotriva viru\u0219ilor, ransomware, phishing \u0219i amenin\u021b\u0103rilor online<\/strong>. Acesta prevede <strong>protec\u021bie \u00een timp real, securitate firewall, instrumente anti-phishing \u0219i protec\u021bie webcam<\/strong>, asigur\u00e2nd o <strong>experien\u021b\u0103 digital\u0103 sigur\u0103, privat\u0103 \u0219i optimizat\u0103<\/strong>.<\/p>\n<p>Cu <strong>Detectarea amenin\u021b\u0103rilor, protec\u021bia re\u021belelor \u0219i securitatea bancar\u0103 bazate pe IA<\/strong>, ESET Internet Security este perfect pentru <strong>utilizatori casnici, profesioni\u0219ti \u0219i gameri<\/strong> care doresc securitate avansat\u0103 f\u0103r\u0103 \u00eencetinirea performan\u021belor.<\/p>\n<h3><strong>Caracteristici principale<\/strong><\/h3>\n<p>\u2705 <strong>Protec\u021bie antivirus \u0219i malware \u00een timp real<\/strong> - Detecteaz\u0103 \u0219i blocheaz\u0103 <strong>viru\u0219i, ransomware, spyware, rootkit-uri \u0219i troieni<\/strong> \u00eenainte ca acestea s\u0103 v\u0103 infecteze dispozitivul.<br \/>\n\u2705 <strong>Scut Ransomware avansat<\/strong> - Previne <strong>criptarea neautorizat\u0103 a fi\u0219ierelor<\/strong> \u0219i opre\u0219te atacurile ransomware.<br \/>\n\u2705 <strong>Firewall \u0219i protec\u021bia re\u021belei<\/strong> - Blocuri <strong>intruziuni, tentative de hacking \u0219i acces neautorizat<\/strong> la PC \u0219i la re\u021beaua Wi-Fi de acas\u0103.<br \/>\n\u2705 <strong>Protec\u021bie pentru webcam \u0219i microfon<\/strong> - Previne <strong>acces neautorizat la camera dvs. foto \u0219i la microfon<\/strong> pentru a proteja via\u021ba privat\u0103.<br \/>\n\u2705 <strong>Servicii bancare online sigure \u0219i protec\u021bie a pl\u0103\u021bilor<\/strong> - Cripteaz\u0103 <strong>tranzac\u021bii financiare \u0219i protejeaz\u0103 site-urile bancare<\/strong> de keyloggeri \u0219i escroci.<br \/>\n\u2705 <strong>Protec\u021bie web \u0219i Anti-Phishing bazate pe inteligen\u021b\u0103 artificial\u0103<\/strong> - Opriri <strong>site-uri web false, e-mailuri de phishing \u0219i tranzac\u021bii frauduloase<\/strong>.<br \/>\n\u2705 <strong>Scaner de securitate Wi-Fi<\/strong> - Detecteaz\u0103 <strong>parole slabe \u0219i vulnerabilit\u0103\u021bi de securitate<\/strong> \u00een re\u021beaua dvs. de acas\u0103.<br \/>\n\u2705 <strong>Controale parentale<\/strong> - V\u0103 permite s\u0103 <strong>s\u0103 restric\u021bioneze con\u021binutul inadecvat, s\u0103 stabileasc\u0103 limite de utilizare \u0219i s\u0103 monitorizeze activit\u0103\u021bile online<\/strong>.<br \/>\n\u2705 <strong>Modul Gamer<\/strong> - <strong>Minimizeaz\u0103 impactul asupra sistemului \u0219i notific\u0103rile<\/strong> \u00een timpul jocurilor sau al activit\u0103\u021bilor pe ecran complet.<br \/>\n\u2705 <strong>Blocarea exploat\u0103rii<\/strong> - Protejeaz\u0103 \u00eempotriva <strong>vulnerabilit\u0103\u021bile browserului \u0219i ale software-ului utilizate de infractorii cibernetici<\/strong>.<br \/>\n\u2705 <strong>Protec\u021bia unit\u0103\u021bilor USB \u0219i externe<\/strong> - Scan\u0103ri <strong>Dispozitive USB \u0219i stocare amovibil\u0103<\/strong> pentru amenin\u021b\u0103rile malware.<br \/>\n\u2705 <strong>Impact minim asupra sistemului \u0219i performan\u021b\u0103 rapid\u0103<\/strong> - Alerg\u0103ri <strong>\u00een lini\u0219te \u00een fundal<\/strong> f\u0103r\u0103 a v\u0103 \u00eencetini sistemul.<\/p>\n<h3><strong>Cerin\u021be minime de sistem<\/strong><\/h3>\n<h4><strong>Windows<\/strong><\/h4>\n<ul>\n<li><strong>Procesor<\/strong>: 1 GHz sau mai rapid<\/li>\n<li><strong>RAM<\/strong>: 2 GB minim<\/li>\n<li><strong>Depozitare<\/strong>: 1 GB spa\u021biu disponibil pe disc<\/li>\n<li><strong>Sistem de operare<\/strong>: Windows 11, Windows 10, Windows 8.1, Windows 8, Windows 7 (SP1)<\/li>\n<li><strong>Conexiune la internet<\/strong>: Necesar pentru activare, actualiz\u0103ri \u0219i detectarea amenin\u021b\u0103rilor bazate pe cloud<\/li>\n<\/ul>\n<h4><strong>macOS<\/strong><\/h4>\n<ul>\n<li><strong>Procesor<\/strong>: Mac pe baz\u0103 de Intel sau Apple Silicon (M1\/M2)<\/li>\n<li><strong>RAM<\/strong>: 2 GB minim<\/li>\n<li><strong>Depozitare<\/strong>: 1,5 GB spa\u021biu disponibil pe disc<\/li>\n<li><strong>Sistem de operare<\/strong>: macOS 10.12 (Sierra) sau ulterior<\/li>\n<\/ul>\n<h4><strong>Android<\/strong><\/h4>\n<ul>\n<li><strong>Sistem de operare<\/strong>: Android 6.0 sau o versiune ulterioar\u0103<\/li>\n<li><strong>Caracteristici disponibile<\/strong>: <strong>Antivirus, antifurt, blocare aplica\u021bii \u0219i protec\u021bie web<\/strong><\/li>\n<\/ul>\n<h3><strong>De ce s\u0103 alege\u021bi ESET Internet Security?<\/strong><\/h3>\n<p>\ud83d\udd39 <strong>Protec\u021bie online complet\u0103<\/strong> - <strong>M\u0103suri de protec\u021bie \u00eempotriva programelor malware, phishing \u0219i fraudelor financiare<\/strong> \u00een timp real.<br \/>\n\ud83d\udd39 <strong>Confiden\u021bialitate avansat\u0103 \u0219i securitate a identit\u0103\u021bii<\/strong> - Blocuri <strong>\u00eencerc\u0103ri de hacking, spionaj prin webcam \u0219i keyloggers<\/strong>.<br \/>\n\ud83d\udd39 <strong>Optimizat pentru vitez\u0103 \u0219i performan\u021b\u0103<\/strong> - <strong>Func\u021bioneaz\u0103 silen\u021bios, cu un impact minim asupra sistemului<\/strong>.<br \/>\n\ud83d\udd39 <strong>Ideal pentru utilizatorii casnici \u0219i de afaceri<\/strong> - Asigur\u0103 <strong>tranzac\u021bii securizate, navigare sigur\u0103 \u0219i control parental<\/strong>.<br \/>\n\ud83d\udd39 <strong>Securitate \u00eentre platforme<\/strong> - <strong>Protejeaz\u0103 dispozitivele Windows, Mac \u0219i Android<\/strong> \u00eentr-un singur abonament.<\/p>\n<p>Actualiza\u021bi la <strong>ESET Internet Security<\/strong> ast\u0103zi pentru <strong>securitate cibernetic\u0103 avansat\u0103, protec\u021bie a confiden\u021bialit\u0103\u021bii \u0219i performan\u021b\u0103 optimizat\u0103<\/strong>! \ud83d\ude80\ud83d\udee1\ufe0f\ud83d\udd12<\/p>","protected":false},"excerpt":{"rendered":"<p>ESET Internet Security \u2013 Advanced Protection for Online Safety &amp; Privacy Description ESET Internet Security is a comprehensive security suite designed for Windows, macOS, and Android users who need enhanced protection against viruses, ransomware, phishing, and online threats. It provides real-time protection, firewall security, anti-phishing tools, and webcam protection, ensuring a safe, private, and optimized [&hellip;]<\/p>","protected":false},"featured_media":1016,"comment_status":"open","ping_status":"closed","template":"","meta":{"_gspb_post_css":""},"product_brand":[],"product_cat":[76],"product_tag":[78],"class_list":{"0":"post-980","1":"product","2":"type-product","3":"status-publish","4":"has-post-thumbnail","6":"product_cat-antivirus","7":"product_tag-eset","9":"first","10":"instock","11":"shipping-taxable","12":"product-type-external"},"_links":{"self":[{"href":"https:\/\/keysdock.tajnaveza.net\/ro\/wp-json\/wp\/v2\/product\/980","targetHints":{"allow":["GET"]}}],"collection":[{"href":"https:\/\/keysdock.tajnaveza.net\/ro\/wp-json\/wp\/v2\/product"}],"about":[{"href":"https:\/\/keysdock.tajnaveza.net\/ro\/wp-json\/wp\/v2\/types\/product"}],"replies":[{"embeddable":true,"href":"https:\/\/keysdock.tajnaveza.net\/ro\/wp-json\/wp\/v2\/comments?post=980"}],"wp:featuredmedia":[{"embeddable":true,"href":"https:\/\/keysdock.tajnaveza.net\/ro\/wp-json\/wp\/v2\/media\/1016"}],"wp:attachment":[{"href":"https:\/\/keysdock.tajnaveza.net\/ro\/wp-json\/wp\/v2\/media?parent=980"}],"wp:term":[{"taxonomy":"product_brand","embeddable":true,"href":"https:\/\/keysdock.tajnaveza.net\/ro\/wp-json\/wp\/v2\/product_brand?post=980"},{"taxonomy":"product_cat","embeddable":true,"href":"https:\/\/keysdock.tajnaveza.net\/ro\/wp-json\/wp\/v2\/product_cat?post=980"},{"taxonomy":"product_tag","embeddable":true,"href":"https:\/\/keysdock.tajnaveza.net\/ro\/wp-json\/wp\/v2\/product_tag?post=980"}],"curies":[{"name":"wp","href":"https:\/\/api.w.org\/{rel}","templated":true}]}}