{"id":981,"date":"2025-03-15T21:07:44","date_gmt":"2025-03-15T21:07:44","guid":{"rendered":"https:\/\/keysdock.com\/?post_type=product&#038;p=981"},"modified":"2025-10-19T07:34:27","modified_gmt":"2025-10-19T07:34:27","slug":"eset-smart-security-premium-2025-1-dispozitiv-1-an-licenta","status":"publish","type":"product","link":"https:\/\/keysdock.tajnaveza.net\/ro\/produs\/eset-smart-security-premium-2025-1-dispozitiv-1-an-licenta\/","title":{"rendered":"Eset Smart Security Premium 2025 | 1 dispozitiv - 1 an| Key Licenta"},"content":{"rendered":"<p><strong>Cump\u0103r\u0103 cheia de licen\u021b\u0103 ESET Smart Security Premium 2025 pentru 1 dispozitiv (1 an) la cel mai bun pre\u021b. Protec\u021bie avansat\u0103.<\/strong><\/p>\n<h3><strong>Descriere<\/strong><\/h3>\n<p>ESET Smart Security Premium este un <strong>suit\u0103 de securitate avansat\u0103, pe mai multe niveluri<\/strong> concepute pentru a oferi <strong>protec\u021bie complet\u0103, confiden\u021bialitate \u0219i optimizare a performan\u021bei<\/strong> pentru <strong>Dispozitive Windows, macOS \u0219i Android<\/strong>. Acesta combin\u0103 <strong>ap\u0103rare antivirus \u00een timp real, firewall avansat, func\u021bii anti-furt \u0219i gestionarea parolelor<\/strong>, asigur\u00e2ndu-v\u0103 <strong>datele, identitatea \u0219i activit\u0103\u021bile online r\u0103m\u00e2n \u00een siguran\u021b\u0103 fa\u021b\u0103 de amenin\u021b\u0103rile cibernetice<\/strong>.<\/p>\n<p>Cu <strong>Detectarea amenin\u021b\u0103rilor cu ajutorul inteligen\u021bei artificiale, securitate bancar\u0103 \u0219i protec\u021bie anti-ransomware<\/strong>, ESET Smart Security Premium este perfect pentru <strong>utilizatori casnici, profesioni\u0219ti \u0219i \u00eentreprinderi<\/strong> \u00een c\u0103utare de <strong>cea mai bun\u0103 securitate cibernetic\u0103 f\u0103r\u0103 a compromite performan\u021ba sistemului<\/strong>.<\/p>\n<h3><strong>Caracteristici principale<\/strong><\/h3>\n<p>\u2705 <strong>Protec\u021bie Antivirus \u0219i Malware \u00een timp real<\/strong> - Detecteaz\u0103 \u0219i elimin\u0103 <strong>viru\u0219i, spyware, ransomware \u0219i rootkit-uri<\/strong> \u00eenainte ca acestea s\u0103 v\u0103 poat\u0103 infecta sistemul.<br \/>\n\u2705 <strong>Scut Ransomware avansat<\/strong> - Previne <strong>criptarea neautorizat\u0103 a fi\u0219ierelor personale<\/strong> \u0219i opre\u0219te atacurile ransomware.<br \/>\n\u2705 <strong>Firewall \u0219i protec\u021bia re\u021belei<\/strong> - Blocuri <strong>intruziuni, tentative de hacking \u0219i acces neautorizat<\/strong> la dispozitivul dvs. \u0219i la re\u021beaua de acas\u0103.<br \/>\n\u2705 <strong>Protec\u021bie pentru webcam \u0219i microfon<\/strong> - Previne <strong>\u00eencerc\u0103ri de spionaj asupra camerei \u0219i microfonului dvs.<\/strong> pentru a proteja via\u021ba privat\u0103.<br \/>\n\u2705 <strong>Servicii bancare online securizate \u0219i protec\u021bie a pl\u0103\u021bilor<\/strong> - Cripteaz\u0103 <strong>tranzac\u021bii financiare<\/strong> \u0219i asigur\u0103 <strong>servicii bancare online sigure<\/strong>.<br \/>\n\u2705 <strong>Anti-Phishing \u0219i protec\u021bie web bazate pe inteligen\u021b\u0103 artificial\u0103<\/strong> - Detecteaz\u0103 \u0219i blocheaz\u0103 <strong>site-uri web false, escrocherii prin phishing \u0219i linkuri frauduloase<\/strong>.<br \/>\n\u2705 <strong>Scaner de securitate Wi-Fi<\/strong> - Scan\u0103ri <strong>re\u021bele Wi-Fi de acas\u0103 \u0219i publice<\/strong> pentru vulnerabilit\u0103\u021bi de securitate.<br \/>\n\u2705 <strong>Manager de parole<\/strong> - \u00cen siguran\u021b\u0103 <strong>stocheaz\u0103 \u0219i completeaz\u0103 automat parolele<\/strong> pentru securitate \u0219i confort sporite.<br \/>\n\u2705 <strong>Controale parentale<\/strong> - V\u0103 permite s\u0103 <strong>s\u0103 blocheze con\u021binutul inadecvat \u0219i s\u0103 stabileasc\u0103 limite de timp pentru copii<\/strong>.<br \/>\n\u2705 <strong>Mod Gamer \u0219i func\u021bionare silen\u021bioas\u0103<\/strong> - Minimizeaz\u0103 notific\u0103rile \u0219i scan\u0103rile \u00een fundal pentru <strong>jocuri sau streaming ne\u00eentrerupt<\/strong>.<br \/>\n\u2705 <strong>Blocarea exploat\u0103rii<\/strong> - Protejeaz\u0103 \u00eempotriva <strong>vulnerabilit\u0103\u021bi ale browserului \u0219i ale software-ului<\/strong> pe care hackerii le exploateaz\u0103.<br \/>\n\u2705 <strong>Protec\u021bia unit\u0103\u021bilor USB \u0219i externe<\/strong> - Scan\u0103ri <strong>Dispozitive USB \u0219i stocare extern\u0103<\/strong> pentru a preveni infec\u021biile cu programe malware.<br \/>\n\u2705 <strong>Caracteristici antifurt<\/strong> - Urme <strong>dispozitive pierdute sau furate<\/strong>, permi\u021b\u00e2ndu-v\u0103 s\u0103 <strong>blocare, localizare sau \u0219tergere de la distan\u021b\u0103<\/strong> dispozitivul dvs.<br \/>\n\u2705 <strong>Impact minim asupra sistemului \u0219i performan\u021b\u0103 rapid\u0103<\/strong> - <strong>Optimizat pentru vitez\u0103<\/strong> cu <strong>consum redus de resurse<\/strong>.<\/p>\n<h3><strong>Cerin\u021be minime de sistem<\/strong><\/h3>\n<h4><strong>Windows<\/strong><\/h4>\n<ul>\n<li><strong>Procesor<\/strong>: 1 GHz sau mai rapid<\/li>\n<li><strong>RAM<\/strong>: 2 GB minim<\/li>\n<li><strong>Depozitare<\/strong>: 1 GB spa\u021biu disponibil pe disc<\/li>\n<li><strong>Sistem de operare<\/strong>: Windows 11, Windows 10, Windows 8.1, Windows 8, Windows 7 (SP1)<\/li>\n<li><strong>Conexiune la internet<\/strong>: Necesar pentru activare, actualiz\u0103ri \u0219i securitate bazat\u0103 pe cloud<\/li>\n<\/ul>\n<h4><strong>macOS<\/strong><\/h4>\n<ul>\n<li><strong>Procesor<\/strong>: Mac pe baz\u0103 de Intel sau Apple Silicon (M1\/M2)<\/li>\n<li><strong>RAM<\/strong>: 2 GB minim<\/li>\n<li><strong>Depozitare<\/strong>: 1,5 GB spa\u021biu disponibil pe disc<\/li>\n<li><strong>Sistem de operare<\/strong>: macOS 10.12 (Sierra) sau ulterior<\/li>\n<\/ul>\n<h4><strong>Android<\/strong><\/h4>\n<ul>\n<li><strong>Sistem de operare<\/strong>: Android 6.0 sau o versiune ulterioar\u0103<\/li>\n<li><strong>Caracteristici disponibile<\/strong>: <strong>Antivirus, antifurt, blocare aplica\u021bii \u0219i protec\u021bie web<\/strong><\/li>\n<\/ul>\n<h3><strong>De ce s\u0103 alege\u021bi ESET Smart Security Premium?<\/strong><\/h3>\n<p>\ud83d\udd39 <strong>Protec\u021bie cuprinz\u0103toare \u00eempotriva amenin\u021b\u0103rilor cibernetice<\/strong> - Ap\u0103r\u0103 \u00eempotriva <strong>viru\u0219i, ransomware, phishing \u0219i hackeri<\/strong>.<br \/>\n\ud83d\udd39 <strong>Confiden\u021bialitate \u0219i protec\u021bia identit\u0103\u021bii<\/strong> - P\u0103streaz\u0103 <strong>parolele, camera web, microfonul \u0219i tranzac\u021biile dvs. online sunt securizate<\/strong>.<br \/>\n\ud83d\udd39 <strong>Optimizat pentru performan\u021b\u0103<\/strong> - <strong>Func\u021bioneaz\u0103 silen\u021bios \u00een fundal, cu un impact minim asupra sistemului<\/strong>.<br \/>\n\ud83d\udd39 <strong>Ideal pentru uz casnic \u0219i profesional<\/strong> - Ofer\u0103 <strong>tranzac\u021bii securizate, navigare sigur\u0103 \u0219i instrumente antifurt avansate<\/strong>.<br \/>\n\ud83d\udd39 <strong>Securitate \u00eentre platforme<\/strong> - Protejeaz\u0103 <strong>Dispozitive Windows, Mac \u0219i Android<\/strong> \u00eentr-un singur abonament.<\/p>\n<p>Actualiza\u021bi la <strong>ESET Smart Security Premium<\/strong> ast\u0103zi pentru <strong>cea mai bun\u0103 combina\u021bie de securitate cibernetic\u0103, confiden\u021bialitate \u0219i optimizare a sistemului<\/strong>! \ud83d\ude80\ud83d\udee1\ufe0f\ud83d\udd12<\/p>","protected":false},"excerpt":{"rendered":"<p>ESET Smart Security Premium \u2013 Ultimate Protection for Your Digital Life Description ESET Smart Security Premium is an advanced, multi-layered security suite designed to offer complete protection, privacy, and performance optimization for Windows, macOS, and Android devices. It combines real-time antivirus defense, advanced firewall, anti-theft features, and password management, ensuring your data, identity, and online [&hellip;]<\/p>","protected":false},"featured_media":1017,"comment_status":"open","ping_status":"closed","template":"","meta":{"_gspb_post_css":""},"product_brand":[],"product_cat":[76],"product_tag":[78],"class_list":{"0":"post-981","1":"product","2":"type-product","3":"status-publish","4":"has-post-thumbnail","6":"product_cat-antivirus","7":"product_tag-eset","9":"first","10":"instock","11":"shipping-taxable","12":"product-type-external"},"_links":{"self":[{"href":"https:\/\/keysdock.tajnaveza.net\/ro\/wp-json\/wp\/v2\/product\/981","targetHints":{"allow":["GET"]}}],"collection":[{"href":"https:\/\/keysdock.tajnaveza.net\/ro\/wp-json\/wp\/v2\/product"}],"about":[{"href":"https:\/\/keysdock.tajnaveza.net\/ro\/wp-json\/wp\/v2\/types\/product"}],"replies":[{"embeddable":true,"href":"https:\/\/keysdock.tajnaveza.net\/ro\/wp-json\/wp\/v2\/comments?post=981"}],"wp:featuredmedia":[{"embeddable":true,"href":"https:\/\/keysdock.tajnaveza.net\/ro\/wp-json\/wp\/v2\/media\/1017"}],"wp:attachment":[{"href":"https:\/\/keysdock.tajnaveza.net\/ro\/wp-json\/wp\/v2\/media?parent=981"}],"wp:term":[{"taxonomy":"product_brand","embeddable":true,"href":"https:\/\/keysdock.tajnaveza.net\/ro\/wp-json\/wp\/v2\/product_brand?post=981"},{"taxonomy":"product_cat","embeddable":true,"href":"https:\/\/keysdock.tajnaveza.net\/ro\/wp-json\/wp\/v2\/product_cat?post=981"},{"taxonomy":"product_tag","embeddable":true,"href":"https:\/\/keysdock.tajnaveza.net\/ro\/wp-json\/wp\/v2\/product_tag?post=981"}],"curies":[{"name":"wp","href":"https:\/\/api.w.org\/{rel}","templated":true}]}}