{"id":982,"date":"2025-03-15T21:07:44","date_gmt":"2025-03-15T21:07:44","guid":{"rendered":"https:\/\/keysdock.com\/?post_type=product&#038;p=982"},"modified":"2025-10-19T07:34:12","modified_gmt":"2025-10-19T07:34:12","slug":"avast-premium-security-2025-1-dispozitiv-1-an-licenta","status":"publish","type":"product","link":"https:\/\/keysdock.tajnaveza.net\/ro\/produs\/avast-premium-security-2025-1-dispozitiv-1-an-licenta\/","title":{"rendered":"Avast Premium Security 2025 | 1 dispozitiv - 1 an| Key Licenta"},"content":{"rendered":"<p><strong>Cump\u0103r\u0103 cheia de licen\u021b\u0103 Avast Premium Security 2025 pentru 1 dispozitiv (1 an) la cel mai bun pre\u021b. Protec\u021bie total\u0103.<\/strong><\/p>\n<h3><strong>Descriere<\/strong><\/h3>\n<p>Avast Premium Security este un <strong>solu\u021bie complet\u0103 de securitate cibernetic\u0103<\/strong> concepute pentru a v\u0103 proteja <strong>PC, Mac, dispozitive Android \u0219i iOS<\/strong> de la <strong>viru\u0219i, malware, ransomware, atacuri de phishing \u0219i amenin\u021b\u0103ri online<\/strong>. Cu <strong>protec\u021bie \u00een timp real, un firewall \u00eencorporat, scut anti-ransomware \u0219i instrumente avansate de securitate<\/strong>, Avast Premium Security asigur\u0103 <strong>navigare sigur\u0103, servicii bancare online sigure \u0219i protec\u021bie a confiden\u021bialit\u0103\u021bii<\/strong>.<\/p>\n<p>Aceast\u0103 versiune premium merge dincolo de protec\u021bia antivirus de baz\u0103, oferind <strong>straturi de securitate avansate<\/strong> pentru <strong>navigare pe internet mai sigur\u0103, securitatea dispozitivelor \u0219i controlul confiden\u021bialit\u0103\u021bii<\/strong>.<\/p>\n<h3><strong>Caracteristici principale<\/strong><\/h3>\n<p>\u2705 <strong>Protec\u021bie \u00een timp real \u00eempotriva amenin\u021b\u0103rilor<\/strong> - Blocuri <strong>viru\u0219i, spyware, malware, ransomware \u0219i amenin\u021b\u0103ri de tip zero-day<\/strong> instantaneu.<br \/>\n\u2705 <strong>Scut Ransomware avansat<\/strong> - \u00cempiedic\u0103 hackerii s\u0103 <strong>criptarea fi\u0219ierelor dvs. personale<\/strong> \u0219i cer\u00e2nd r\u0103scump\u0103rare.<br \/>\n\u2705 <strong>Protec\u021bie web \u0219i Anti-Phishing<\/strong> - Detecteaz\u0103 \u0219i blocheaz\u0103 <strong>site-uri web false, e-mailuri de phishing \u0219i escrocherii online<\/strong>.<br \/>\n\u2705 <strong>Firewall cu dou\u0103 c\u0103i<\/strong> - Monitoare <strong>traficul de intrare \u0219i de ie\u0219ire din re\u021bea<\/strong> pentru a preveni accesul neautorizat.<br \/>\n\u2705 <strong>Scaner de securitate Wi-Fi<\/strong> - Identific\u0103 <strong>re\u021bele slabe \u0219i poten\u021biale vulnerabilit\u0103\u021bi de securitate<\/strong>.<br \/>\n\u2705 <strong>Servicii bancare \u0219i cump\u0103r\u0103turi online \u00een siguran\u021b\u0103<\/strong> - Cripteaz\u0103 <strong>tranzac\u021bii financiare<\/strong> \u0219i protejeaz\u0103 \u00eempotriva fraudei bancare.<br \/>\n\u2705 <strong>Securitate avansat\u0103 pentru e-mail<\/strong> - Blocuri <strong>ata\u0219amente de e-mail periculoase \u0219i tentative de phishing<\/strong>.<br \/>\n\u2705 <strong>Protec\u021bie pentru webcam \u0219i microfon<\/strong> - Previne <strong>spyware de la accesarea camerei web \u0219i a microfonului dvs.<\/strong>.<br \/>\n\u2705 <strong>VPN securizat (supliment op\u021bional)<\/strong> - Ofer\u0103 <strong>navigare anonim\u0103 \u0219i criptarea conexiunii la internet<\/strong>.<br \/>\n\u2705 <strong>Controale parentale \u0219i Scutul de confiden\u021bialitate<\/strong> - Restric\u021bii <strong>con\u021binut d\u0103un\u0103tor \u0219i urm\u0103re\u0219te activitatea dispozitivului pentru o navigare mai sigur\u0103<\/strong>.<br \/>\n\u2705 <strong>Actualiz\u0103ri automate ale software-ului<\/strong> - Detecteaz\u0103 <strong>aplica\u021bii \u00eenvechite \u0219i vulnerabilit\u0103\u021bi de securitate<\/strong> \u00een software-ul instalat.<br \/>\n\u2705 <strong>Impact minim asupra sistemului<\/strong> - Optimizat pentru <strong>performan\u021b\u0103 rapid\u0103 f\u0103r\u0103 a v\u0103 \u00eencetini dispozitivul<\/strong>.<\/p>\n<h3><strong>Cerin\u021be minime de sistem<\/strong><\/h3>\n<h4><strong>Windows<\/strong><\/h4>\n<ul>\n<li><strong>Procesor<\/strong>: 1 GHz sau mai rapid<\/li>\n<li><strong>RAM<\/strong>: 2 GB minim<\/li>\n<li><strong>Depozitare<\/strong>: 2 GB spa\u021biu disponibil pe disc<\/li>\n<li><strong>Sistem de operare<\/strong>: Windows 11, Windows 10, Windows 8.1, Windows 8, Windows 7 (SP1)<\/li>\n<li><strong>Conexiune la internet<\/strong>: Necesar pentru activare, actualiz\u0103ri \u0219i detectarea amenin\u021b\u0103rilor bazate pe cloud<\/li>\n<\/ul>\n<h4><strong>macOS<\/strong><\/h4>\n<ul>\n<li><strong>Procesor<\/strong>: Mac pe baz\u0103 de Intel sau Apple Silicon (M1\/M2)<\/li>\n<li><strong>RAM<\/strong>: 2 GB minim<\/li>\n<li><strong>Depozitare<\/strong>: 1 GB spa\u021biu disponibil pe disc<\/li>\n<li><strong>Sistem de operare<\/strong>: macOS 10.10 (Yosemite) sau ulterior<\/li>\n<\/ul>\n<h4><strong>Android \u0219i iOS<\/strong><\/h4>\n<ul>\n<li><strong>Sistem de operare<\/strong>: Android 6.0 sau ulterior \/ iOS 12.0 sau ulterior<\/li>\n<li><strong>Caracteristici disponibile<\/strong>: Antivirus, antifurt, VPN \u0219i protec\u021bie web<\/li>\n<\/ul>\n<h3><strong>De ce s\u0103 alege\u021bi Avast Premium Security?<\/strong><\/h3>\n<p>\ud83d\udd39 <strong>Protec\u021bie complet\u0103 pentru toate dispozitivele<\/strong> - Suporturi <strong>Windows, Mac, Android \u0219i iOS<\/strong>.<br \/>\n\ud83d\udd39 <strong>Ransomware avansat \u0219i protec\u021bie web<\/strong> - Opriri <strong>hackeri, atacuri de phishing \u0219i fraude financiare<\/strong>.<br \/>\n\ud83d\udd39 <strong>Tranzac\u021bii online sigure<\/strong> - Protejeaz\u0103 <strong>servicii bancare \u0219i cump\u0103r\u0103turi<\/strong> de amenin\u021b\u0103rile cibernetice.<br \/>\n\ud83d\udd39 <strong>Confiden\u021bialitate \u0219i securitate webcam<\/strong> - Previne <strong>accesul neautorizat la datele personale \u0219i la camerele foto<\/strong>.<br \/>\n\ud83d\udd39 <strong>Controale parentale \u0219i antifurt<\/strong> - Asigur\u0103 <strong>siguran\u021ba familiei cu monitorizarea online \u0219i urm\u0103rirea dispozitivelor<\/strong>.<\/p>\n<p>Actualiza\u021bi la <strong>Avast Premium Security<\/strong> ast\u0103zi \u0219i experimenta\u021bi <strong>protec\u021bie complet\u0103, de \u00eenalt\u0103 performan\u021b\u0103 pentru via\u021ba dvs. digital\u0103<\/strong>! \ud83d\ude80\ud83d\udee1\ufe0f\ud83d\udd12<\/p>","protected":false},"excerpt":{"rendered":"<p>Avast Premium Security \u2013 Ultimate Online Protection for Your Devices Description Avast Premium Security is a comprehensive cybersecurity solution designed to protect your PC, Mac, Android, and iOS devices from viruses, malware, ransomware, phishing attacks, and online threats. With real-time protection, a built-in firewall, anti-ransomware shield, and advanced security tools, Avast Premium Security ensures safe [&hellip;]<\/p>","protected":false},"featured_media":1018,"comment_status":"open","ping_status":"closed","template":"","meta":{"_gspb_post_css":""},"product_brand":[],"product_cat":[76],"product_tag":[79],"class_list":{"0":"post-982","1":"product","2":"type-product","3":"status-publish","4":"has-post-thumbnail","6":"product_cat-antivirus","7":"product_tag-avast","9":"first","10":"instock","11":"shipping-taxable","12":"product-type-external"},"_links":{"self":[{"href":"https:\/\/keysdock.tajnaveza.net\/ro\/wp-json\/wp\/v2\/product\/982","targetHints":{"allow":["GET"]}}],"collection":[{"href":"https:\/\/keysdock.tajnaveza.net\/ro\/wp-json\/wp\/v2\/product"}],"about":[{"href":"https:\/\/keysdock.tajnaveza.net\/ro\/wp-json\/wp\/v2\/types\/product"}],"replies":[{"embeddable":true,"href":"https:\/\/keysdock.tajnaveza.net\/ro\/wp-json\/wp\/v2\/comments?post=982"}],"wp:featuredmedia":[{"embeddable":true,"href":"https:\/\/keysdock.tajnaveza.net\/ro\/wp-json\/wp\/v2\/media\/1018"}],"wp:attachment":[{"href":"https:\/\/keysdock.tajnaveza.net\/ro\/wp-json\/wp\/v2\/media?parent=982"}],"wp:term":[{"taxonomy":"product_brand","embeddable":true,"href":"https:\/\/keysdock.tajnaveza.net\/ro\/wp-json\/wp\/v2\/product_brand?post=982"},{"taxonomy":"product_cat","embeddable":true,"href":"https:\/\/keysdock.tajnaveza.net\/ro\/wp-json\/wp\/v2\/product_cat?post=982"},{"taxonomy":"product_tag","embeddable":true,"href":"https:\/\/keysdock.tajnaveza.net\/ro\/wp-json\/wp\/v2\/product_tag?post=982"}],"curies":[{"name":"wp","href":"https:\/\/api.w.org\/{rel}","templated":true}]}}