{"id":983,"date":"2025-03-15T21:07:44","date_gmt":"2025-03-15T21:07:44","guid":{"rendered":"https:\/\/keysdock.com\/?post_type=product&#038;p=983"},"modified":"2025-10-19T07:33:52","modified_gmt":"2025-10-19T07:33:52","slug":"avast-ultimate-2025-1-dispozitiv-1-an-licenta","status":"publish","type":"product","link":"https:\/\/keysdock.tajnaveza.net\/ro\/produs\/avast-ultimate-2025-1-dispozitiv-1-an-licenta\/","title":{"rendered":"Avast Ultimate 2025 | 1 dispozitiv - 1 an| Key Licenta"},"content":{"rendered":"<p><strong>Avast Ultimate - suita de securitate, performan\u021b\u0103 \u0219i confiden\u021bialitate all-in-one<\/strong><\/p>\n<h3><strong>Descriere<\/strong><\/h3>\n<p>Avast Ultimate este un <strong>suit\u0103 de securitate premium all-in-one<\/strong> care prevede <strong>instrumente complete de protec\u021bie, optimizare a sistemului \u0219i confiden\u021bialitate<\/strong> pentru dvs. <strong>Dispozitive Windows, macOS, Android \u0219i iOS<\/strong>. Acesta include <strong>Avast Premium Security, Avast Cleanup Premium, Avast SecureLine VPN \u0219i Avast AntiTrack<\/strong>, asigur\u00e2nd <strong>siguran\u021b\u0103 online complet\u0103, performan\u021b\u0103 mai bun\u0103 a dispozitivului \u0219i confiden\u021bialitate sporit\u0103<\/strong>.<\/p>\n<p>Cu <strong>protec\u021bie \u00een timp real \u00eempotriva programelor malware, ransomware, atacurilor de phishing \u0219i amenin\u021b\u0103rilor cibernetice<\/strong>, \u00eempreun\u0103 cu <strong>Criptare VPN \u0219i instrumente de optimizare a sistemului<\/strong>, Avast Ultimate este pachetul perfect pentru <strong>utilizatori care doresc securitate maxim\u0103, vitez\u0103 \u0219i confiden\u021bialitate online<\/strong>.<\/p>\n<h3><strong>Produse incluse<\/strong><\/h3>\n<ul>\n<li><strong>Avast Premium Security<\/strong> - Avansat <strong>antivirus, firewall, protec\u021bie ransomware \u0219i securitate web<\/strong>.<\/li>\n<li><strong>Avast Cleanup Premium<\/strong> - Optimizeaz\u0103 <strong>Performan\u021ba PC-ului, elimin\u0103 fi\u0219ierele nedorite \u0219i m\u0103re\u0219te viteza<\/strong>.<\/li>\n<li><strong>Avast SecureLine VPN<\/strong> - Cripteaz\u0103 traficul de internet pentru <strong>navigare privat\u0103 \u0219i anonim\u0103<\/strong>.<\/li>\n<li><strong>Avast AntiTrack<\/strong> - Blocuri <strong>dispozitive de urm\u0103rire online, \u00eempiedic\u0103 agen\u021bii de publicitate s\u0103 v\u0103 creeze profiluri \u0219i spore\u0219te confiden\u021bialitatea digital\u0103<\/strong>.<\/li>\n<\/ul>\n<h3><strong>Caracteristici principale<\/strong><\/h3>\n<p>\u2705 <strong>Protec\u021bie antivirus \u0219i ransomware complet\u0103<\/strong> - Blocuri <strong>viru\u0219i, malware, spyware \u0219i amenin\u021b\u0103ri de phishing<\/strong>.<br \/>\n\u2705 <strong>Firewall avansat \u0219i securitate web<\/strong> - <strong>Firewall bidirec\u021bional, protec\u021bie anti-phishing \u0219i navigare sigur\u0103<\/strong>.<br \/>\n\u2705 <strong>Eliminarea junk &amp; bloatware<\/strong> - <strong>Cur\u0103\u021b\u0103 memoria cache, fi\u0219ierele duplicate \u0219i aplica\u021biile nedorite<\/strong> pentru a elibera spa\u021biu pe disc.<br \/>\n\u2705 <strong>Actualiz\u0103ri automate de software \u0219i drivere<\/strong> - V\u0103 asigur\u0103 c\u0103 <strong>PC-ul r\u0103m\u00e2ne optimizat \u0219i securizat<\/strong>.<br \/>\n\u2705 <strong>Protec\u021bie pentru webcam \u0219i microfon<\/strong> - Previne <strong>acces neautorizat la camera dvs. web \u0219i la microfon<\/strong>.<br \/>\n\u2705 <strong>VPN securizat (date nelimitate)<\/strong> - <strong>Cripteaz\u0103 activit\u0103\u021bile dvs. online<\/strong> pentru navigare privat\u0103 \u0219i conexiuni mai sigure.<br \/>\n\u2705 <strong>Protec\u021bie anti-racking<\/strong> - Blocuri <strong>urm\u0103ritorii web \u0219i re\u021belele publicitare s\u0103 v\u0103 monitorizeze activitatea<\/strong>.<br \/>\n\u2705 <strong>Performan\u021b\u0103 PC mai rapid\u0103<\/strong> - <strong>Dezactiveaz\u0103 programele de pornire inutile<\/strong> \u0219i optimizeaz\u0103 resursele sistemului.<br \/>\n\u2705 <strong>Servicii bancare \u0219i cump\u0103r\u0103turi online \u00een siguran\u021b\u0103<\/strong> - Protejeaz\u0103 <strong>tranzac\u021biile financiare \u0219i previne frauda bancar\u0103<\/strong>.<br \/>\n\u2705 <strong>Control parental \u0219i func\u021bii antifurt<\/strong> - Asigur\u0103 <strong>siguran\u021ba familiei \u0219i protejeaz\u0103 dispozitivele \u00eempotriva furtului<\/strong>.<\/p>\n<h3><strong>Cerin\u021be minime de sistem<\/strong><\/h3>\n<h4><strong>Windows<\/strong><\/h4>\n<ul>\n<li><strong>Procesor<\/strong>: 1 GHz sau mai rapid<\/li>\n<li><strong>RAM<\/strong>: 2 GB minim<\/li>\n<li><strong>Depozitare<\/strong>: 2 GB spa\u021biu disponibil pe disc<\/li>\n<li><strong>Sistem de operare<\/strong>: Windows 11, Windows 10, Windows 8.1, Windows 8, Windows 7 (SP1)<\/li>\n<li><strong>Conexiune la internet<\/strong>: Necesar pentru activare, actualiz\u0103ri \u0219i detectarea amenin\u021b\u0103rilor bazate pe cloud<\/li>\n<\/ul>\n<h4><strong>macOS<\/strong><\/h4>\n<ul>\n<li><strong>Procesor<\/strong>: Mac pe baz\u0103 de Intel sau Apple Silicon (M1\/M2)<\/li>\n<li><strong>RAM<\/strong>: 2 GB minim<\/li>\n<li><strong>Depozitare<\/strong>: 1 GB spa\u021biu disponibil pe disc<\/li>\n<li><strong>Sistem de operare<\/strong>: macOS 10.10 (Yosemite) sau ulterior<\/li>\n<\/ul>\n<h4><strong>Android \u0219i iOS<\/strong><\/h4>\n<ul>\n<li><strong>Sistem de operare<\/strong>: Android 6.0 sau ulterior \/ iOS 12.0 sau ulterior<\/li>\n<li><strong>Caracteristici disponibile<\/strong>: Antivirus, antifurt, VPN \u0219i protec\u021bie web<\/li>\n<\/ul>\n<h3><strong>De ce s\u0103 alege\u021bi Avast Ultimate?<\/strong><\/h3>\n<p>\ud83d\udd39 <strong>Protec\u021bie complet\u0103 pentru toate dispozitivele<\/strong> - A <strong>abonamentul unic acoper\u0103 Windows, Mac, Android \u0219i iOS<\/strong>.<br \/>\n\ud83d\udd39 <strong>Suit\u0103 de securitate \u0219i performan\u021b\u0103 all-in-one<\/strong> - Combin\u0103 <strong>antivirus, optimizare, VPN \u0219i instrumente de confiden\u021bialitate<\/strong>.<br \/>\n\ud83d\udd39 <strong>VPN securizat nelimitat<\/strong> - <strong>R\u0103sfoi\u021bi anonim<\/strong> \u0219i <strong>proteja\u021bi informa\u021biile sensibile<\/strong> cu <strong>criptare de nivel militar<\/strong>.<br \/>\n\ud83d\udd39 <strong>PC mai rapid, mai curat \u0219i mai sigur<\/strong> - Stimulente <strong>performan\u021b\u0103, elimin\u0103 fi\u0219ierele nedorite \u0219i rezolv\u0103 problemele de sistem<\/strong>.<br \/>\n\ud83d\udd39 <strong>Protec\u021bie maxim\u0103 a confiden\u021bialit\u0103\u021bii<\/strong> - Blocuri <strong>urm\u0103ritorii, reclamele \u0219i infractorii cibernetici de la colectarea datelor personale<\/strong>.<\/p>\n<p>Actualiza\u021bi la <strong>Avast Ultimate<\/strong> ast\u0103zi \u0219i bucura\u021bi-v\u0103 de <strong>cel mai \u00eenalt nivel de securitate, confiden\u021bialitate \u0219i performan\u021b\u0103 pentru toate dispozitivele dvs.<\/strong>! \ud83d\ude80\ud83d\udee1\ufe0f\ud83d\udd12<\/p>","protected":false},"excerpt":{"rendered":"<p>Avast Ultimate \u2013 The All-in-One Security, Performance &amp; Privacy Suite Description Avast Ultimate is a premium all-in-one security suite that provides comprehensive protection, system optimization, and privacy tools for your Windows, macOS, Android, and iOS devices. It includes Avast Premium Security, Avast Cleanup Premium, Avast SecureLine VPN, and Avast AntiTrack, ensuring complete online safety, better [&hellip;]<\/p>","protected":false},"featured_media":1019,"comment_status":"open","ping_status":"closed","template":"","meta":{"_gspb_post_css":""},"product_brand":[],"product_cat":[76],"product_tag":[79],"class_list":{"0":"post-983","1":"product","2":"type-product","3":"status-publish","4":"has-post-thumbnail","6":"product_cat-antivirus","7":"product_tag-avast","9":"first","10":"instock","11":"shipping-taxable","12":"product-type-external"},"_links":{"self":[{"href":"https:\/\/keysdock.tajnaveza.net\/ro\/wp-json\/wp\/v2\/product\/983","targetHints":{"allow":["GET"]}}],"collection":[{"href":"https:\/\/keysdock.tajnaveza.net\/ro\/wp-json\/wp\/v2\/product"}],"about":[{"href":"https:\/\/keysdock.tajnaveza.net\/ro\/wp-json\/wp\/v2\/types\/product"}],"replies":[{"embeddable":true,"href":"https:\/\/keysdock.tajnaveza.net\/ro\/wp-json\/wp\/v2\/comments?post=983"}],"wp:featuredmedia":[{"embeddable":true,"href":"https:\/\/keysdock.tajnaveza.net\/ro\/wp-json\/wp\/v2\/media\/1019"}],"wp:attachment":[{"href":"https:\/\/keysdock.tajnaveza.net\/ro\/wp-json\/wp\/v2\/media?parent=983"}],"wp:term":[{"taxonomy":"product_brand","embeddable":true,"href":"https:\/\/keysdock.tajnaveza.net\/ro\/wp-json\/wp\/v2\/product_brand?post=983"},{"taxonomy":"product_cat","embeddable":true,"href":"https:\/\/keysdock.tajnaveza.net\/ro\/wp-json\/wp\/v2\/product_cat?post=983"},{"taxonomy":"product_tag","embeddable":true,"href":"https:\/\/keysdock.tajnaveza.net\/ro\/wp-json\/wp\/v2\/product_tag?post=983"}],"curies":[{"name":"wp","href":"https:\/\/api.w.org\/{rel}","templated":true}]}}