{"id":994,"date":"2025-03-15T21:08:06","date_gmt":"2025-03-15T21:08:06","guid":{"rendered":"https:\/\/keysdock.com\/?post_type=product&#038;p=994"},"modified":"2025-10-19T07:36:27","modified_gmt":"2025-10-19T07:36:27","slug":"avast-pro-product-key-activation-1year-1pc","status":"publish","type":"product","link":"https:\/\/keysdock.tajnaveza.net\/ro\/produs\/avast-pro-product-key-activation-1year-1pc\/","title":{"rendered":"Avast Pro &#8211; Product key Activation &#8211; 1year\/1pc"},"content":{"rendered":"<p>Podigni svoju digitalnu sigurnost uz Avast Pro \u2013 suvremeno antivirusno rje\u0161enje koje pru\u017ea premium za\u0161titu od kiberneti\u010dkih prijetnji, a istovremeno pobolj\u0161ava performanse tvog ra\u010dunala. Uz na\u0161 originalni digitalni klju\u010d, otklju\u010daj puni potencijal Avast Pro-a i u\u017eivaj u prednostima sna\u017ene antivirusne, kiberneti\u010dke i online za\u0161tite na svakom Windows sustavu.<\/p>\n<p><strong>Glavne zna\u010dajke:<\/strong><\/p>\n<ul>\n<li><strong>Sna\u017ena antivirusna za\u0161tita:<\/strong><br \/>\nAvast Pro vr\u0161i skeniranje u stvarnom vremenu, prepoznaje i neutralizira malware, spyware i ostale zlonamjerne programe, \u0161tite\u0107i tvoj sustav od virusa i phishing napada.<\/li>\n<li><strong>Opse\u017ena kiberneti\u010dka sigurnost:<\/strong><br \/>\nNapredna tehnologija osigurava za\u0161titu tvojih osobnih podataka i online transakcija, pru\u017eaju\u0107i sveobuhvatnu za\u0161titu podataka.<\/li>\n<li><strong>Optimizirane performanse sustava:<\/strong><br \/>\nZahvaljuju\u0107i laganom, ali u\u010dinkovitom radu, Avast Pro minimizira optere\u0107enje sustava, \u010dine\u0107i tvoje ra\u010dunalo brzim i u\u010dinkovitijim \u2013 idealno za igra\u010de i poslovne korisnike.<\/li>\n<li><strong>Jednostavna aktivacija:<\/strong><br \/>\nInstalacija i aktivacija su brzi i jednostavni uz upotrebu originalnog digitalnog klju\u010da.<\/li>\n<li><strong>Kontinuirana a\u017euriranja:<\/strong><br \/>\nRedovita a\u017euriranja baze podataka i automatske sigurnosne zakrpe jam\u010de da uvijek ima\u0161 najnoviju za\u0161titu protiv najnovijih kiberneti\u010dkih prijetnji.<\/li>\n<\/ul>\n<p>Idealan izbor za sve one koji tra\u017ee pouzdano antivirusno i kiberneti\u010dko rje\u0161enje \u2013 Avast Pro je savr\u0161en alat da tvoj online svijet ostane siguran i da tvoje ra\u010dunalo radi optimalno. Naru\u010di svoj originalni Avast Pro digitalni klju\u010d ve\u0107 danas i budi uvijek korak ispred nadolaze\u0107ih kiberneti\u010dkih prijetnji \u2013 za najbolju antivirusnu i online za\u0161titu u Hrvatskoj!<\/p>","protected":false},"excerpt":{"rendered":"<p>Podigni svoju digitalnu sigurnost uz Avast Pro \u2013 suvremeno antivirusno rje\u0161enje koje pru\u017ea premium za\u0161titu od kiberneti\u010dkih prijetnji, a istovremeno pobolj\u0161ava performanse tvog ra\u010dunala. Uz na\u0161 originalni digitalni klju\u010d, otklju\u010daj puni potencijal Avast Pro-a i u\u017eivaj u prednostima sna\u017ene antivirusne, kiberneti\u010dke i online za\u0161tite na svakom Windows sustavu. Glavne zna\u010dajke: Sna\u017ena antivirusna za\u0161tita: Avast Pro [&hellip;]<\/p>","protected":false},"featured_media":1020,"comment_status":"open","ping_status":"closed","template":"","meta":{"_gspb_post_css":""},"product_brand":[],"product_cat":[76],"product_tag":[79],"class_list":{"0":"post-994","1":"product","2":"type-product","3":"status-publish","4":"has-post-thumbnail","6":"product_cat-antivirus","7":"product_tag-avast","9":"first","10":"instock","11":"shipping-taxable","12":"product-type-external"},"_links":{"self":[{"href":"https:\/\/keysdock.tajnaveza.net\/ro\/wp-json\/wp\/v2\/product\/994","targetHints":{"allow":["GET"]}}],"collection":[{"href":"https:\/\/keysdock.tajnaveza.net\/ro\/wp-json\/wp\/v2\/product"}],"about":[{"href":"https:\/\/keysdock.tajnaveza.net\/ro\/wp-json\/wp\/v2\/types\/product"}],"replies":[{"embeddable":true,"href":"https:\/\/keysdock.tajnaveza.net\/ro\/wp-json\/wp\/v2\/comments?post=994"}],"wp:featuredmedia":[{"embeddable":true,"href":"https:\/\/keysdock.tajnaveza.net\/ro\/wp-json\/wp\/v2\/media\/1020"}],"wp:attachment":[{"href":"https:\/\/keysdock.tajnaveza.net\/ro\/wp-json\/wp\/v2\/media?parent=994"}],"wp:term":[{"taxonomy":"product_brand","embeddable":true,"href":"https:\/\/keysdock.tajnaveza.net\/ro\/wp-json\/wp\/v2\/product_brand?post=994"},{"taxonomy":"product_cat","embeddable":true,"href":"https:\/\/keysdock.tajnaveza.net\/ro\/wp-json\/wp\/v2\/product_cat?post=994"},{"taxonomy":"product_tag","embeddable":true,"href":"https:\/\/keysdock.tajnaveza.net\/ro\/wp-json\/wp\/v2\/product_tag?post=994"}],"curies":[{"name":"wp","href":"https:\/\/api.w.org\/{rel}","templated":true}]}}