{"id":995,"date":"2025-03-15T21:08:06","date_gmt":"2025-03-15T21:08:06","guid":{"rendered":"https:\/\/keysdock.com\/?post_type=product&#038;p=995"},"modified":"2025-10-19T07:36:20","modified_gmt":"2025-10-19T07:36:20","slug":"avast-driver-updater-2025-1-dispozitiv-1-an-licenta","status":"publish","type":"product","link":"https:\/\/keysdock.tajnaveza.net\/ro\/produs\/avast-driver-updater-2025-1-dispozitiv-1-an-licenta\/","title":{"rendered":"Avast Driver Updater 2025 | 1 dispozitiv - 1 an| Key Licenta"},"content":{"rendered":"<p><strong>Cump\u0103r\u0103 cheia de licen\u021b\u0103 Avast Driver Updater 2025 pentru 1 dispozitiv (1 an) la cel mai bun pre\u021b. Actualizeaz\u0103 driverele u\u0219or.<\/strong><\/p>\n<h3><strong>Descriere<\/strong><\/h3>\n<p>Avast Driver Updater este un <strong>instrument automatizat de gestionare a \u0219oferilor<\/strong> care v\u0103 asigur\u0103 <strong>Componentele hardware \u0219i perifericele PC-ului<\/strong> ruleaz\u0103 \u00eentotdeauna cu <strong>cele mai recente \u0219i mai stabile drivere<\/strong>. Acesta <strong>scaneaz\u0103, actualizeaz\u0103 \u0219i repar\u0103 driverele \u00eenvechite, defecte sau lips\u0103<\/strong>, \u00eembun\u0103t\u0103\u021birea sistemului <strong>performan\u021b\u0103, stabilitate \u0219i securitate<\/strong>.<\/p>\n<p>Cu un <strong>baz\u0103 de date mare de \u0219oferi<\/strong> \u0219i <strong>actualiz\u0103ri \u00een timp real<\/strong>, Avast Driver Updater ajut\u0103 la prevenirea <strong>conflicte hardware, blocaje de sistem, performan\u021be sc\u0103zute \u0219i probleme de compatibilitate<\/strong>. Fie c\u0103 sunte\u021bi juc\u0103tor, profesionist sau utilizator ocazional, acest instrument asigur\u0103 <strong>eficien\u021b\u0103 optim\u0103 a sistemului<\/strong>.<\/p>\n<h3><strong>Caracteristici principale<\/strong><\/h3>\n<p>\u2705 <strong>Scanarea \u0219i actualizarea automat\u0103 a driverelor<\/strong> - Identific\u0103 \u0219i actualizeaz\u0103 <strong>peste 25 de milioane de \u0219oferi<\/strong> pentru <strong>grafic\u0103, sunet, re\u021bea \u0219i periferice<\/strong>.<br \/>\n\u2705 <strong>Reduce blocajele \u0219i erorile de sistem<\/strong> - Men\u021bine driverele la zi, <strong>remedierea problemelor care cauzeaz\u0103 \u00eencetiniri ale sistemului, BSOD-uri \u0219i instabilitate<\/strong>.<br \/>\n\u2705 <strong>\u00cembun\u0103t\u0103\u021be\u0219te performan\u021bele grafice \u0219i de gaming<\/strong> - Actualiz\u0103ri <strong>Drivere GPU<\/strong> pentru <strong>FPS mai bun, randare mai fluid\u0103 \u0219i performan\u021b\u0103 optimizat\u0103<\/strong>.<br \/>\n\u2705 <strong>\u00cembun\u0103t\u0103\u021be\u0219te sunetul \u0219i calitatea audio<\/strong> - Asigur\u0103 <strong>sunet mai clar, mai pu\u021bine \u00eentreruperi audio \u0219i distorsiuni reduse<\/strong>.<br \/>\n\u2705 <strong>Stimuleaz\u0103 stabilitatea re\u021belei \u0219i a conectivit\u0103\u021bii<\/strong> - Corec\u021bii <strong>Probleme cu driverele Wi-Fi, Bluetooth \u0219i Ethernet<\/strong> pentru o mai <strong>conexiune stabil\u0103 la internet<\/strong>.<br \/>\n\u2705 <strong>Actualizare cu un singur clic<\/strong> - Actualizeaz\u0103 toate driverele cu un <strong>un singur clic<\/strong> pentru comoditate.<br \/>\n\u2705 <strong>Backup \u0219i restaurare drivere<\/strong> - Creeaz\u0103 automat <strong>puncte de restaurare<\/strong> \u00eenainte de actualiz\u0103ri, permi\u021b\u00e2ndu-v\u0103 s\u0103 <strong>da\u021bi \u00eenapoi<\/strong> dac\u0103 este necesar.<br \/>\n\u2705 <strong>Monitorizarea \u0219oferilor \u00een timp real<\/strong> - Detecteaz\u0103 <strong>drivere \u00eenvechite \u00een timp real<\/strong> \u0219i v\u0103 alerteaz\u0103 cu privire la actualiz\u0103ri.<br \/>\n\u2705 <strong>Drivere sigure \u0219i certificate WHQL<\/strong> - <strong>Garanteaz\u0103 c\u0103 numai \u0219oferii de \u00eencredere<\/strong> sunt instalate pentru a preveni problemele de compatibilitate.<br \/>\n\u2705 <strong>Optimizat pentru performan\u021ba Windows<\/strong> - Previne <strong>\u00eencetiniri ale sistemului, \u00eenghe\u021b\u0103ri \u0219i erori legate de driver<\/strong>.<\/p>\n<h3><strong>Cerin\u021be minime de sistem<\/strong><\/h3>\n<ul>\n<li><strong>Procesor<\/strong>: 1 GHz sau mai rapid<\/li>\n<li><strong>RAM<\/strong>: Minim 256 MB<\/li>\n<li><strong>Depozitare<\/strong>: 400 MB spa\u021biu liber pe disc<\/li>\n<li><strong>Sistem de operare<\/strong>: Windows 11, Windows 10, Windows 8.1, Windows 8, Windows 7 (SP1)<\/li>\n<li><strong>Conexiune la internet<\/strong>: Necesar pentru actualizarea \u0219i scanarea driverelor<\/li>\n<\/ul>\n<h3><strong>De ce s\u0103 alege\u021bi Avast Driver Updater?<\/strong><\/h3>\n<p>\ud83d\udd39 <strong>\u00centre\u021binerea automatizat\u0103 a \u0219oferilor<\/strong> - <strong>Scaneaz\u0103, actualizeaz\u0103 \u0219i repar\u0103 driverele f\u0103r\u0103 efort<\/strong>.<br \/>\n\ud83d\udd39 <strong>\u00cembun\u0103t\u0103\u021be\u0219te performan\u021ba \u0219i stabilitatea<\/strong> - Previne <strong>Blocaje PC, \u00eencetiniri \u0219i defec\u021biuni hardware<\/strong>.<br \/>\n\ud83d\udd39 <strong>Jocuri \u0219i grafic\u0103 mai bune<\/strong> - Actualiz\u0103ri <strong>Drivere GPU<\/strong> pentru <strong>gameplay mai fluid \u0219i imagini de \u00eenalt\u0103 calitate<\/strong>.<br \/>\n\ud83d\udd39 <strong>Actualiz\u0103ri \u0219i rollback-uri cu un singur clic<\/strong> - U\u0219or <strong>restaurarea versiunilor anterioare<\/strong> dac\u0103 este necesar.<br \/>\n\ud83d\udd39 <strong>\u0218oferi siguri \u0219i verifica\u021bi<\/strong> - Numai desc\u0103rc\u0103ri <strong>drivere oficiale, certificate WHQL<\/strong>.<\/p>\n<p>Actualiza\u021bi la <strong>Avast Driver Updater<\/strong> ast\u0103zi \u0219i <strong>experimenta\u021bi un PC mai rapid, mai stabil \u0219i mai performant<\/strong>! \ud83d\ude80\ud83d\udd27\ud83d\udcbb<\/p>","protected":false},"excerpt":{"rendered":"<p>Avast Driver Updater \u2013 Keep Your PC Running Smoothly with Updated Drivers Description Avast Driver Updater is an automated driver management tool that ensures your PC&#8217;s hardware components and peripherals are always running with the latest and most stable drivers. It scans, updates, and fixes outdated, broken, or missing drivers, enhancing system performance, stability, and [&hellip;]<\/p>","protected":false},"featured_media":1021,"comment_status":"open","ping_status":"closed","template":"","meta":{"_gspb_post_css":""},"product_brand":[],"product_cat":[76],"product_tag":[79],"class_list":{"0":"post-995","1":"product","2":"type-product","3":"status-publish","4":"has-post-thumbnail","6":"product_cat-antivirus","7":"product_tag-avast","9":"first","10":"instock","11":"shipping-taxable","12":"product-type-external"},"_links":{"self":[{"href":"https:\/\/keysdock.tajnaveza.net\/ro\/wp-json\/wp\/v2\/product\/995","targetHints":{"allow":["GET"]}}],"collection":[{"href":"https:\/\/keysdock.tajnaveza.net\/ro\/wp-json\/wp\/v2\/product"}],"about":[{"href":"https:\/\/keysdock.tajnaveza.net\/ro\/wp-json\/wp\/v2\/types\/product"}],"replies":[{"embeddable":true,"href":"https:\/\/keysdock.tajnaveza.net\/ro\/wp-json\/wp\/v2\/comments?post=995"}],"wp:featuredmedia":[{"embeddable":true,"href":"https:\/\/keysdock.tajnaveza.net\/ro\/wp-json\/wp\/v2\/media\/1021"}],"wp:attachment":[{"href":"https:\/\/keysdock.tajnaveza.net\/ro\/wp-json\/wp\/v2\/media?parent=995"}],"wp:term":[{"taxonomy":"product_brand","embeddable":true,"href":"https:\/\/keysdock.tajnaveza.net\/ro\/wp-json\/wp\/v2\/product_brand?post=995"},{"taxonomy":"product_cat","embeddable":true,"href":"https:\/\/keysdock.tajnaveza.net\/ro\/wp-json\/wp\/v2\/product_cat?post=995"},{"taxonomy":"product_tag","embeddable":true,"href":"https:\/\/keysdock.tajnaveza.net\/ro\/wp-json\/wp\/v2\/product_tag?post=995"}],"curies":[{"name":"wp","href":"https:\/\/api.w.org\/{rel}","templated":true}]}}