{"id":996,"date":"2025-03-15T21:08:06","date_gmt":"2025-03-15T21:08:06","guid":{"rendered":"https:\/\/keysdock.com\/?post_type=product&#038;p=996"},"modified":"2025-10-19T07:36:12","modified_gmt":"2025-10-19T07:36:12","slug":"avast-cleanup-premium-2025-1-dispozitiv-1-an-licenta","status":"publish","type":"product","link":"https:\/\/keysdock.tajnaveza.net\/ro\/produs\/avast-cleanup-premium-2025-1-dispozitiv-1-an-licenta\/","title":{"rendered":"Avast Cleanup Premium 2025 | 1 dispozitiv - 1 an| Key Licenta"},"content":{"rendered":"<p><strong>Avast Cleanup Premium - Optimiza\u021bi \u0219i accelera\u021bi PC-ul f\u0103r\u0103 efort<\/strong><\/p>\n<h3><strong>Descriere<\/strong><\/h3>\n<p>Avast Cleanup Premium este un <strong>instrument avansat de optimizare PC<\/strong> concepute pentru <strong>cur\u0103\u021ba\u021bi fi\u0219ierele nedorite, cre\u0219te\u021bi performan\u021ba \u0219i remedia\u021bi problemele<\/strong> care v\u0103 \u00eencetinesc computerul. Cu <strong>\u00eentre\u021binere automat\u0103, monitorizare \u00een timp real \u0219i capacit\u0103\u021bi de cur\u0103\u021bare profund\u0103<\/strong>, v\u0103 ajut\u0103 s\u0103 v\u0103 men\u021bine\u021bi <strong>PC-ul Windows ruleaz\u0103 rapid, f\u0103r\u0103 probleme \u0219i f\u0103r\u0103 dezordine<\/strong>.<\/p>\n<p>Prin eliminarea <strong>fi\u0219iere inutile, aplica\u021bii \u00eenvechite \u0219i bloat de registru<\/strong>, Avast Cleanup Premium <strong>prelunge\u0219te durata de via\u021b\u0103 a bateriei, reduce blocajele \u0219i \u00eembun\u0103t\u0103\u021be\u0219te eficien\u021ba general\u0103 a sistemului<\/strong>.<\/p>\n<h3><strong>Caracteristici principale<\/strong><\/h3>\n<p>\u2705 <strong>Cur\u0103\u021bare fi\u0219iere nedorite \u0219i cache<\/strong> - <strong>Elimin\u0103 fi\u0219ierele temporare, memoria cache a browserului \u0219i dezordinea din sistem<\/strong> pentru a elibera spa\u021biu de stocare.<br \/>\n\u2705 <strong>PC Speed Booster<\/strong> - <strong>Dezactiveaz\u0103 aplica\u021biile de pornire inutile, procesele din fundal \u0219i bloatware<\/strong> pentru a v\u0103 face PC-ul s\u0103 func\u021bioneze mai rapid.<br \/>\n\u2705 <strong>\u00centre\u021binere automat\u0103<\/strong> - <strong>Scaneaz\u0103 \u0219i cur\u0103\u021b\u0103 \u00een mod regulat<\/strong> gunoi de sistem, cookie-uri de urm\u0103rire \u0219i intr\u0103ri de registru defecte.<br \/>\n\u2705 <strong>Modul Sleep pentru aplica\u021bii<\/strong> - <strong>Pune \u00een pauz\u0103 programele neutilizate<\/strong> pentru a \u00eembun\u0103t\u0103\u021bi performan\u021ba f\u0103r\u0103 a le dezinstala.<br \/>\n\u2705 <strong>Cur\u0103\u021b\u0103tor de registru<\/strong> - <strong>Repar\u0103 intr\u0103rile de registry defecte sau corupte<\/strong> pentru a reduce blocajele \u0219i erorile de sistem.<br \/>\n\u2705 <strong>Dezinstalator pentru Bloatware<\/strong> - <strong>Detecteaz\u0103 \u0219i elimin\u0103 programele nedorite, barele de instrumente \u0219i software-ul preinstalat<\/strong>.<br \/>\n\u2705 <strong>Cur\u0103\u021b\u0103tor comenzi rapide<\/strong> - <strong>\u0218terge comenzile rapide desktop defecte<\/strong> \u0219i intr\u0103ri de sistem \u00eenvechite.<br \/>\n\u2705 <strong>Defragmentarea \u0219i optimizarea discului<\/strong> - <strong>Optimizeaz\u0103 plasarea fi\u0219ierelor<\/strong> pentru o reac\u021bie mai rapid\u0103 a sistemului.<br \/>\n\u2705 <strong>Prelungitor de via\u021b\u0103 al bateriei<\/strong> - <strong>Optimizeaz\u0103 consumul de energie<\/strong> pentru o durat\u0103 de via\u021b\u0103 mai lung\u0103 a bateriei laptopului.<br \/>\n\u2705 <strong>Alerte \u0219i actualiz\u0103ri \u00een timp real<\/strong> - <strong>Monitorizeaz\u0103 performan\u021ba sistemului<\/strong> \u0219i <strong>v\u0103 notific\u0103 cu privire la problemele poten\u021biale<\/strong>.<\/p>\n<h3><strong>Cerin\u021be minime de sistem<\/strong><\/h3>\n<ul>\n<li><strong>Procesor<\/strong>: 1 GHz sau mai rapid<\/li>\n<li><strong>RAM<\/strong>: Minim 256 MB<\/li>\n<li><strong>Depozitare<\/strong>: 2 GB spa\u021biu disponibil pe disc<\/li>\n<li><strong>Sistem de operare<\/strong>: Windows 11, Windows 10, Windows 8.1, Windows 8, Windows 7 (SP1)<\/li>\n<li><strong>Conexiune la internet<\/strong>: Necesar pentru activare, actualiz\u0103ri \u0219i scanare bazat\u0103 pe cloud<\/li>\n<\/ul>\n<h3><strong>De ce s\u0103 alege\u021bi Avast Cleanup Premium?<\/strong><\/h3>\n<p>\ud83d\udd39 <strong>Cre\u0219te viteza \u0219i performan\u021ba PC-ului<\/strong> - <strong>Optimizeaz\u0103 resursele de sistem<\/strong> pentru o experien\u021b\u0103 de calcul mai rapid\u0103.<br \/>\n\ud83d\udd39 <strong>Elibereaz\u0103 spa\u021biu pe disc<\/strong> - <strong>Elimin\u0103 fi\u0219ierele nedorite, memoria cache \u0219i jurnalele de sistem vechi<\/strong> pentru a recupera spa\u021biul de depozitare.<br \/>\n\ud83d\udd39 <strong>Rezolv\u0103 probleme comune ale Windows<\/strong> - <strong>Repar\u0103 erorile de registru, comenzile rapide \u00eentrerupte \u0219i problemele bloatware<\/strong>.<br \/>\n\ud83d\udd39 <strong>\u00cembun\u0103t\u0103\u021be\u0219te durata de via\u021b\u0103 a bateriei<\/strong> - <strong>Optimizeaz\u0103 utilizarea energiei pentru o performan\u021b\u0103 extins\u0103 a bateriei laptopului<\/strong>.<br \/>\n\ud83d\udd39 <strong>\u00centre\u021binere sigur\u0103 \u0219i automatizat\u0103<\/strong> - <strong>Ruleaz\u0103 sarcini automate de cur\u0103\u021bare<\/strong> f\u0103r\u0103 a v\u0103 \u00eentrerupe fluxul de lucru.<\/p>\n<p>Actualiza\u021bi la <strong>Avast Cleanup Premium<\/strong> ast\u0103zi \u0219i <strong>bucura\u021bi-v\u0103 de un PC mai rapid, mai receptiv \u0219i f\u0103r\u0103 dezordine<\/strong>! \ud83d\ude80\ud83d\udee0\ufe0f\ud83d\udcbb<\/p>","protected":false},"excerpt":{"rendered":"<p>Avast Cleanup Premium \u2013 Optimize &amp; Speed Up Your PC Effortlessly Description Avast Cleanup Premium is an advanced PC optimization tool designed to clean up junk files, boost performance, and fix issues that slow down your computer. With automated maintenance, real-time monitoring, and deep cleaning capabilities, it helps keep your Windows PC running fast, smooth, [&hellip;]<\/p>","protected":false},"featured_media":1022,"comment_status":"open","ping_status":"closed","template":"","meta":{"_gspb_post_css":""},"product_brand":[],"product_cat":[76],"product_tag":[79],"class_list":{"0":"post-996","1":"product","2":"type-product","3":"status-publish","4":"has-post-thumbnail","6":"product_cat-antivirus","7":"product_tag-avast","9":"first","10":"instock","11":"shipping-taxable","12":"product-type-external"},"_links":{"self":[{"href":"https:\/\/keysdock.tajnaveza.net\/ro\/wp-json\/wp\/v2\/product\/996","targetHints":{"allow":["GET"]}}],"collection":[{"href":"https:\/\/keysdock.tajnaveza.net\/ro\/wp-json\/wp\/v2\/product"}],"about":[{"href":"https:\/\/keysdock.tajnaveza.net\/ro\/wp-json\/wp\/v2\/types\/product"}],"replies":[{"embeddable":true,"href":"https:\/\/keysdock.tajnaveza.net\/ro\/wp-json\/wp\/v2\/comments?post=996"}],"wp:featuredmedia":[{"embeddable":true,"href":"https:\/\/keysdock.tajnaveza.net\/ro\/wp-json\/wp\/v2\/media\/1022"}],"wp:attachment":[{"href":"https:\/\/keysdock.tajnaveza.net\/ro\/wp-json\/wp\/v2\/media?parent=996"}],"wp:term":[{"taxonomy":"product_brand","embeddable":true,"href":"https:\/\/keysdock.tajnaveza.net\/ro\/wp-json\/wp\/v2\/product_brand?post=996"},{"taxonomy":"product_cat","embeddable":true,"href":"https:\/\/keysdock.tajnaveza.net\/ro\/wp-json\/wp\/v2\/product_cat?post=996"},{"taxonomy":"product_tag","embeddable":true,"href":"https:\/\/keysdock.tajnaveza.net\/ro\/wp-json\/wp\/v2\/product_tag?post=996"}],"curies":[{"name":"wp","href":"https:\/\/api.w.org\/{rel}","templated":true}]}}