{"id":998,"date":"2025-03-15T21:08:06","date_gmt":"2025-03-15T21:08:06","guid":{"rendered":"https:\/\/keysdock.com\/?post_type=product&#038;p=998"},"modified":"2026-02-16T05:49:37","modified_gmt":"2026-02-16T05:49:37","slug":"bitdefender-antivirus-plus-2025-1-dispozitiv-1-an-licenta","status":"publish","type":"product","link":"https:\/\/keysdock.tajnaveza.net\/ro\/produs\/bitdefender-antivirus-plus-2025-1-dispozitiv-1-an-licenta\/","title":{"rendered":"BitDefender Antivirus Plus 2025 | 1 dispozitiv - 1 an| Key Licenta"},"content":{"rendered":"<p><strong>Cump\u0103r\u0103 cheia de licen\u021b\u0103 BitDefender Antivirus Plus 2025 pentru 1 dispozitiv (1 an) la cel mai bun pre\u021b. Protec\u021bie de baz\u0103.<\/strong><\/p>\n<h3><strong>Descriere<\/strong><\/h3>\n<p>Bitdefender Antivirus Plus este un <strong>solu\u021bie de securitate u\u0219oar\u0103, puternic\u0103 \u0219i bazat\u0103 pe inteligen\u021b\u0103 artificial\u0103<\/strong> concepute pentru <strong>Utilizatori de Windows<\/strong> care au nevoie de <strong>protec\u021bie \u00een timp real \u00eempotriva viru\u0219ilor, malware, ransomware, phishing \u0219i amenin\u021b\u0103rilor online<\/strong>. Acesta ofer\u0103 <strong>caracteristici avansate de securitate cibernetic\u0103<\/strong>, inclusiv <strong>protec\u021bie ransomware pe mai multe niveluri, un VPN securizat \u0219i instrumente anti-phishing<\/strong>, asigur\u00e2nd \u00een acela\u0219i timp <strong>impact minim asupra performan\u021bei sistemului<\/strong>.<\/p>\n<p>Cu <strong>detectarea automat\u0103 a amenin\u021b\u0103rilor \u0219i securitate web \u00eembun\u0103t\u0103\u021bit\u0103<\/strong>, Bitdefender Antivirus Plus este perfect pentru <strong>utilizatorii obi\u0219nui\u021bi<\/strong> care doresc o <strong>rapid, sigur \u0219i f\u0103r\u0103 griji<\/strong> experien\u021b\u0103 \u00een informatic\u0103.<\/p>\n<h3><strong>Caracteristici principale<\/strong><\/h3>\n<p>\u2705 <strong>Detectarea amenin\u021b\u0103rilor \u00een timp real<\/strong> - Blocuri <strong>viru\u0219i, troieni, spyware \u0219i programe malware avansate<\/strong> \u00eenainte ca acestea s\u0103 v\u0103 poat\u0103 infecta sistemul.<br \/>\n\u2705 <strong>Protec\u021bie avansat\u0103 \u00eempotriva Ransomware<\/strong> - Ap\u0103rarea multistratificat\u0103 previne <strong>criptarea fi\u0219ierelor \u0219i atacurile ransomware<\/strong>.<br \/>\n\u2705 <strong>Protec\u021bie web \u0219i Anti-Phishing<\/strong> - Blocuri <strong>site-uri bancare false, escrocherii prin phishing \u0219i fraude online<\/strong>.<br \/>\n\u2705 <strong>Bitdefender VPN (200MB\/zi)<\/strong> - Cripteaz\u0103 traficul dvs. de internet pentru <strong>navigare sigur\u0103 \u0219i privat\u0103<\/strong>.<br \/>\n\u2705 <strong>Anti-Tracker<\/strong> - \u00cempiedic\u0103 site-urile web s\u0103 v\u0103 urm\u0103reasc\u0103 comportamentul de navigare \u0219i s\u0103 colecteze date personale.<br \/>\n\u2705 <strong>Securitate bancar\u0103 online (Safepay\u2122)<\/strong> - Protejeaz\u0103 <strong>tranzac\u021bii financiare \u0219i cump\u0103r\u0103turi online<\/strong> de amenin\u021b\u0103rile cibernetice.<br \/>\n\u2705 <strong>Modul de salvare<\/strong> - Elimin\u0103 <strong>malware \u00eenc\u0103p\u0103\u021b\u00e2nat, rootkit-uri \u0219i infec\u021bii ale sectorului de boot<\/strong> prin rularea unei scan\u0103ri sigure \u00eenainte de pornirea sistemului.<br \/>\n\u2705 <strong>Pilot automat \u0219i securitate bazat\u0103 pe inteligen\u021b\u0103 artificial\u0103<\/strong> - Automat <strong>detecteaz\u0103 \u0219i neutralizeaz\u0103<\/strong> amenin\u021b\u0103rile la adresa securit\u0103\u021bii f\u0103r\u0103 interven\u021bie manual\u0103.<br \/>\n\u2705 <strong>Impact minim asupra sistemului<\/strong> - <strong>Optimizat pentru vitez\u0103 \u0219i performan\u021b\u0103<\/strong>, asigur\u00e2nd lipsa \u00eencetinirii \u00een timpul jocurilor sau al multitasking-ului.<br \/>\n\u2705 <strong>Ap\u0103rare multistratificat\u0103 \u00eempotriva programelor malware<\/strong> - Utiliz\u0103ri <strong>analiza euristic\u0103, scanarea bazat\u0103 pe cloud \u0219i detectarea comportamentului<\/strong> pentru a opri amenin\u021b\u0103rile de tip zero-day.<br \/>\n\u2705 <strong>Manager de parole<\/strong> - Stoca\u021bi \u00een siguran\u021b\u0103 \u0219i completa\u021bi automat <strong>acredit\u0103rile de conectare<\/strong> pentru toate conturile dvs.<br \/>\n\u2705 <strong>Scanner de vulnerabilit\u0103\u021bi<\/strong> - Detecteaz\u0103 <strong>software \u00eenvechit, parole slabe \u0219i vulnerabilit\u0103\u021bi ale sistemului<\/strong> \u00eenainte ca acestea s\u0103 devin\u0103 riscuri de securitate.<\/p>\n<h3><strong>Cerin\u021be minime de sistem<\/strong><\/h3>\n<ul>\n<li><strong>Procesor<\/strong>: Dual-core 1,6 GHz sau mai rapid<\/li>\n<li><strong>RAM<\/strong>: 2 GB minim<\/li>\n<li><strong>Depozitare<\/strong>: 2,5 GB spa\u021biu disponibil pe disc<\/li>\n<li><strong>Sistem de operare<\/strong>: Windows 11, Windows 10, Windows 8.1, Windows 7 (SP1)<\/li>\n<li><strong>Conexiune la internet<\/strong>: Necesar pentru activare, actualiz\u0103ri \u0219i scanare bazat\u0103 pe cloud<\/li>\n<\/ul>\n<h3><strong>De ce s\u0103 alege\u021bi Bitdefender Antivirus Plus?<\/strong><\/h3>\n<p>\ud83d\udd39 <strong>Protec\u021bie esen\u021bial\u0103 pentru Windows<\/strong> - Ap\u0103r\u0103 \u00eempotriva <strong>viru\u0219i, spyware, ransomware \u0219i amenin\u021b\u0103ri online<\/strong>.<br \/>\n\ud83d\udd39 <strong>Performan\u021b\u0103 ultra-rapid\u0103<\/strong> - <strong>Motor de securitate u\u0219or<\/strong> care nu v\u0103 va \u00eencetini PC-ul.<br \/>\n\ud83d\udd39 <strong>Tranzac\u021bii online securizate<\/strong> - <strong>Safepay\u2122 \u0219i anti-phishing<\/strong> instrumentele protejeaz\u0103 sesiunile bancare \u0219i de cump\u0103r\u0103turi.<br \/>\n\ud83d\udd39 <strong>VPN pentru navigare sigur\u0103<\/strong> - R\u0103sfoie\u0219te <strong>anonim<\/strong> cu <strong>Bitdefender VPN (200MB\/zi inclus)<\/strong>.<br \/>\n\ud83d\udd39 <strong>Securitate de tipul \"set-and-forget<\/strong> - <strong>Modul de autopilot automat<\/strong> optimizeaz\u0103 set\u0103rile de securitate pentru o protec\u021bie f\u0103r\u0103 complica\u021bii.<\/p>\n<p>Actualiza\u021bi la <strong>Bitdefender Antivirus Plus<\/strong> ast\u0103zi \u0219i <strong>experimenta\u021bi o protec\u021bie rapid\u0103, inteligent\u0103 \u0219i fiabil\u0103 pentru PC-ul dvs. cu Windows<\/strong>! \ud83d\ude80\ud83d\udee1\ufe0f\ud83d\udd12<\/p>","protected":false},"excerpt":{"rendered":"<p>Bitdefender Antivirus Plus \u2013 Essential Protection for Windows PCs Description Bitdefender Antivirus Plus is a lightweight, powerful, and AI-driven security solution designed for Windows users who need real-time protection against viruses, malware, ransomware, phishing, and online threats. It offers advanced cybersecurity features, including multi-layered ransomware protection, a secure VPN, and anti-phishing tools, all while ensuring [&hellip;]<\/p>","protected":false},"featured_media":1024,"comment_status":"open","ping_status":"closed","template":"","meta":{"_gspb_post_css":""},"product_brand":[],"product_cat":[76],"product_tag":[80],"class_list":{"0":"post-998","1":"product","2":"type-product","3":"status-publish","4":"has-post-thumbnail","6":"product_cat-antivirus","7":"product_tag-bitdefender","9":"first","10":"instock","11":"shipping-taxable","12":"product-type-external"},"_links":{"self":[{"href":"https:\/\/keysdock.tajnaveza.net\/ro\/wp-json\/wp\/v2\/product\/998","targetHints":{"allow":["GET"]}}],"collection":[{"href":"https:\/\/keysdock.tajnaveza.net\/ro\/wp-json\/wp\/v2\/product"}],"about":[{"href":"https:\/\/keysdock.tajnaveza.net\/ro\/wp-json\/wp\/v2\/types\/product"}],"replies":[{"embeddable":true,"href":"https:\/\/keysdock.tajnaveza.net\/ro\/wp-json\/wp\/v2\/comments?post=998"}],"wp:featuredmedia":[{"embeddable":true,"href":"https:\/\/keysdock.tajnaveza.net\/ro\/wp-json\/wp\/v2\/media\/1024"}],"wp:attachment":[{"href":"https:\/\/keysdock.tajnaveza.net\/ro\/wp-json\/wp\/v2\/media?parent=998"}],"wp:term":[{"taxonomy":"product_brand","embeddable":true,"href":"https:\/\/keysdock.tajnaveza.net\/ro\/wp-json\/wp\/v2\/product_brand?post=998"},{"taxonomy":"product_cat","embeddable":true,"href":"https:\/\/keysdock.tajnaveza.net\/ro\/wp-json\/wp\/v2\/product_cat?post=998"},{"taxonomy":"product_tag","embeddable":true,"href":"https:\/\/keysdock.tajnaveza.net\/ro\/wp-json\/wp\/v2\/product_tag?post=998"}],"curies":[{"name":"wp","href":"https:\/\/api.w.org\/{rel}","templated":true}]}}