{"id":999,"date":"2025-03-15T21:08:06","date_gmt":"2025-03-15T21:08:06","guid":{"rendered":"https:\/\/keysdock.com\/?post_type=product&#038;p=999"},"modified":"2025-10-19T07:35:35","modified_gmt":"2025-10-19T07:35:35","slug":"bitdefender-internet-security-2025-1-dispozitiv-1-an-licenta","status":"publish","type":"product","link":"https:\/\/keysdock.tajnaveza.net\/ro\/produs\/bitdefender-internet-security-2025-1-dispozitiv-1-an-licenta\/","title":{"rendered":"BitDefender Internet Security 2025 | 1 dispozitiv - 1 an| Key Licenta"},"content":{"rendered":"<p><strong>Cump\u0103r\u0103 cheia de licen\u021b\u0103 BitDefender Internet Security 2025 pentru 1 dispozitiv (1 an) la cel mai bun pre\u021b. Securitate online.<\/strong><\/p>\n<h3><strong>Descriere<\/strong><\/h3>\n<p>Bitdefender Internet Security este un <strong>solu\u021bie de securitate avansat\u0103<\/strong> concepute special pentru <strong>Utilizatori de Windows<\/strong> care au nevoie de <strong>protec\u021bie sporit\u0103 \u00eempotriva amenin\u021b\u0103rilor online, viru\u0219ilor, ransomware, phishing-ului \u0219i atacurilor cibernetice<\/strong>. Cu <strong>securitate pe mai multe niveluri, un firewall \u00eencorporat \u0219i caracteristici axate pe confiden\u021bialitate<\/strong>, acesta ofer\u0103 o <strong>experien\u021b\u0103 digital\u0103 rapid\u0103, sigur\u0103 \u0219i f\u0103r\u0103 griji<\/strong>.<\/p>\n<p>Aceast\u0103 edi\u021bie <strong>merge dincolo de protec\u021bia antivirus tradi\u021bional\u0103<\/strong> prin includerea unei <strong>firewall securizat, anti-tracker, protec\u021bie pentru webcam \u0219i microfon \u0219i control parental<\/strong>, ceea ce \u00eel face o alegere excelent\u0103 pentru <strong>at\u00e2t pentru utilizatorii personali, c\u00e2t \u0219i pentru cei de afaceri<\/strong>.<\/p>\n<h3><strong>Caracteristici principale<\/strong><\/h3>\n<p>\u2705 <strong>Protec\u021bie \u00een timp real \u00eempotriva programelor malware \u0219i a viru\u0219ilor<\/strong> - Utiliz\u0103ri <strong>Securitate bazat\u0103 pe inteligen\u021b\u0103 artificial\u0103<\/strong> pentru a detecta \u0219i elimina <strong>viru\u0219i, troieni, spyware \u0219i rootkit-uri<\/strong> \u00eenainte ca acestea s\u0103 poat\u0103 provoca daune.<br \/>\n\u2705 <strong>Protec\u021bie Ransomware pe mai multe niveluri<\/strong> - Opriri <strong>atacuri ransomware<\/strong> \u0219i <strong>\u00eempiedic\u0103 criptarea fi\u0219ierelor personale<\/strong>.<br \/>\n\u2705 <strong>Firewall cu dou\u0103 c\u0103i<\/strong> - <strong>Monitorizeaz\u0103 traficul de re\u021bea<\/strong> pentru a bloca accesul neautorizat \u0219i a preveni tentativele de hacking.<br \/>\n\u2705 <strong>Protec\u021bie pentru webcam \u0219i microfon<\/strong> - <strong>Previne accesul neautorizat<\/strong> la camera \u0219i microfonul dvs., protej\u00e2ndu-v\u0103 confiden\u021bialitatea.<br \/>\n\u2705 <strong>Servicii bancare \u0219i cump\u0103r\u0103turi online \u00een siguran\u021b\u0103 (Safepay\u2122)<\/strong> - <strong>Browser criptat<\/strong> pentru tranzac\u021bii financiare sigure.<br \/>\n\u2705 <strong>Anti-Phishing \u0219i protec\u021bie web<\/strong> - Blocuri <strong>site-uri frauduloase, escrocherii online \u0219i site-uri bancare false<\/strong>.<br \/>\n\u2705 <strong>Bitdefender VPN (200MB\/zi)<\/strong> - Cripteaz\u0103 datele dvs. <strong>traficul pe internet<\/strong> pentru a p\u0103stra navigarea sigur\u0103 \u0219i privat\u0103.<br \/>\n\u2705 <strong>Anti-Spam \u0219i securitate e-mail<\/strong> - Protejeaz\u0103 \u00eempotriva <strong>ata\u0219amente de e-mail mali\u021bioase, \u00een\u0219el\u0103torii de tip phishing \u0219i spam<\/strong>.<br \/>\n\u2705 <strong>Controale parentale<\/strong> - V\u0103 permite s\u0103 <strong>s\u0103 stabileasc\u0103 limite ale timpului petrecut pe ecran, s\u0103 blocheze con\u021binutul inadecvat \u0219i s\u0103 urm\u0103reasc\u0103 activitatea online<\/strong>.<br \/>\n\u2705 <strong>Consilier de securitate Wi-Fi<\/strong> - Scan\u0103ri <strong>Re\u021bele Wi-Fi<\/strong> pentru vulnerabilit\u0103\u021bi \u0219i v\u0103 alerteaz\u0103 cu privire la riscurile poten\u021biale.<br \/>\n\u2705 <strong>Ap\u0103rare \u00eempotriva amenin\u021b\u0103rilor avansate<\/strong> - Utiliz\u0103ri <strong>detectarea comportamental\u0103<\/strong> pentru a identifica \u0219i bloca <strong>atacuri de tip zero-day<\/strong> \u00eenainte ca acestea s\u0103 v\u0103 poat\u0103 afecta sistemul.<br \/>\n\u2705 <strong>Impact minim asupra sistemului<\/strong> - Conceput pentru <strong>performan\u021b\u0103 rapid\u0103<\/strong>, asigur\u00e2nd lipsa \u00eencetinirii \u00een timpul jocurilor sau al multitasking-ului.<\/p>\n<h3><strong>Cerin\u021be minime de sistem<\/strong><\/h3>\n<ul>\n<li><strong>Procesor<\/strong>: Dual-core 1,6 GHz sau mai rapid<\/li>\n<li><strong>RAM<\/strong>: 2 GB minim<\/li>\n<li><strong>Depozitare<\/strong>: 2,5 GB spa\u021biu disponibil pe disc<\/li>\n<li><strong>Sistem de operare<\/strong>: Windows 11, Windows 10, Windows 8.1, Windows 7 (SP1)<\/li>\n<li><strong>Conexiune la internet<\/strong>: Necesar pentru activare, actualiz\u0103ri \u0219i scanare bazat\u0103 pe cloud<\/li>\n<\/ul>\n<h3><strong>De ce s\u0103 alege\u021bi Bitdefender Internet Security?<\/strong><\/h3>\n<p>\ud83d\udd39 <strong>Protec\u021bie cuprinz\u0103toare<\/strong> - <strong>Ap\u0103r\u0103 \u00eempotriva programelor malware, ransomware \u0219i a amenin\u021b\u0103rilor cibernetice<\/strong> cu straturi avansate de securitate.<br \/>\n\ud83d\udd39 <strong>Tranzac\u021bii online sigure<\/strong> - <strong>Safepay\u2122 \u0219i instrumente antiphishing<\/strong> proteja\u021bi opera\u021biunile bancare \u0219i cump\u0103r\u0103turile online.<br \/>\n\ud83d\udd39 <strong>Firewall \u0219i scut de confiden\u021bialitate<\/strong> - Previne <strong>\u00eencerc\u0103ri de hacking \u0219i acces neautorizat<\/strong> la datele cu caracter personal.<br \/>\n\ud83d\udd39 <strong>Securitatea camerei web \u0219i a microfonului<\/strong> - <strong>Blocheaz\u0103 spyware-ul s\u0103 acceseze \u00een secret camera \u0219i microfonul dvs.<\/strong>.<br \/>\n\ud83d\udd39 <strong>Controale parentale \u0219i anti-spam<\/strong> - P\u0103streaz\u0103 familia \u0219i c\u0103su\u021ba de e-mail <strong>\u00een siguran\u021b\u0103 fa\u021b\u0103 de amenin\u021b\u0103rile online<\/strong>.<\/p>\n<p>Actualiza\u021bi la <strong>Bitdefender Internet Security<\/strong> ast\u0103zi \u0219i bucura\u021bi-v\u0103 de <strong>o experien\u021b\u0103 Windows sigur\u0103, privat\u0103 \u0219i ultra-rapid\u0103<\/strong>! \ud83d\ude80\ud83d\udee1\ufe0f\ud83d\udd12<\/p>","protected":false},"excerpt":{"rendered":"<p>Bitdefender Internet Security \u2013 Advanced Protection for Windows PCs Description Bitdefender Internet Security is an advanced security solution designed specifically for Windows users who need enhanced protection against online threats, viruses, ransomware, phishing, and cyber attacks. With multi-layered security, a built-in firewall, and privacy-focused features, it provides a fast, secure, and worry-free digital experience. This [&hellip;]<\/p>","protected":false},"featured_media":1025,"comment_status":"open","ping_status":"closed","template":"","meta":{"_gspb_post_css":""},"product_brand":[],"product_cat":[76],"product_tag":[80],"class_list":{"0":"post-999","1":"product","2":"type-product","3":"status-publish","4":"has-post-thumbnail","6":"product_cat-antivirus","7":"product_tag-bitdefender","9":"first","10":"instock","11":"shipping-taxable","12":"product-type-external"},"_links":{"self":[{"href":"https:\/\/keysdock.tajnaveza.net\/ro\/wp-json\/wp\/v2\/product\/999","targetHints":{"allow":["GET"]}}],"collection":[{"href":"https:\/\/keysdock.tajnaveza.net\/ro\/wp-json\/wp\/v2\/product"}],"about":[{"href":"https:\/\/keysdock.tajnaveza.net\/ro\/wp-json\/wp\/v2\/types\/product"}],"replies":[{"embeddable":true,"href":"https:\/\/keysdock.tajnaveza.net\/ro\/wp-json\/wp\/v2\/comments?post=999"}],"wp:featuredmedia":[{"embeddable":true,"href":"https:\/\/keysdock.tajnaveza.net\/ro\/wp-json\/wp\/v2\/media\/1025"}],"wp:attachment":[{"href":"https:\/\/keysdock.tajnaveza.net\/ro\/wp-json\/wp\/v2\/media?parent=999"}],"wp:term":[{"taxonomy":"product_brand","embeddable":true,"href":"https:\/\/keysdock.tajnaveza.net\/ro\/wp-json\/wp\/v2\/product_brand?post=999"},{"taxonomy":"product_cat","embeddable":true,"href":"https:\/\/keysdock.tajnaveza.net\/ro\/wp-json\/wp\/v2\/product_cat?post=999"},{"taxonomy":"product_tag","embeddable":true,"href":"https:\/\/keysdock.tajnaveza.net\/ro\/wp-json\/wp\/v2\/product_tag?post=999"}],"curies":[{"name":"wp","href":"https:\/\/api.w.org\/{rel}","templated":true}]}}