{"id":1001,"date":"2025-03-15T21:08:06","date_gmt":"2025-03-15T21:08:06","guid":{"rendered":"https:\/\/keysdock.com\/?post_type=product&#038;p=1001"},"modified":"2025-10-19T07:35:20","modified_gmt":"2025-10-19T07:35:20","slug":"windows-server-2022-standard-key-nyckel-license","status":"publish","type":"product","link":"https:\/\/keysdock.tajnaveza.net\/sv\/produkt\/windows-server-2022-standard-key-nyckel-license\/","title":{"rendered":"Windows Server 2022 Standard Product Key Nyckel License"},"content":{"rendered":"<p><strong>K\u00f6p Windows Server 2022 Standard-licens till b\u00e4sta pris \u2013 livstidsaktivering ing\u00e5r.<\/strong><\/p>\n<h3><strong>Beskrivning<\/strong><\/h3>\n<p>Windows Server 2022 Standard \u00e4r en <strong>h\u00f6gpresterande, s\u00e4kert och m\u00e5ngsidigt serveroperativsystem<\/strong> som \u00e4r utformat f\u00f6r sm\u00e5 och medelstora f\u00f6retag och organisationer. Den erbjuder <strong>robust s\u00e4kerhet, hybridmolnfunktioner och f\u00f6rb\u00e4ttrad applikationsprestanda<\/strong> samtidigt som st\u00f6d ges till <strong>virtualisering, distansarbete och molnintegration<\/strong>. Perfekt f\u00f6r f\u00f6retag som s\u00f6ker <strong>Skalbarhet, tillf\u00f6rlitlighet och f\u00f6rb\u00e4ttrad s\u00e4kerhet<\/strong>, Windows Server 2022 Standard \u00e4r byggd f\u00f6r att hantera <strong>moderna IT-krav<\/strong> effektivt.<\/p>\n<h3><strong>Viktiga funktioner<\/strong><\/h3>\n<p>\u2705 <strong>F\u00f6rb\u00e4ttrad s\u00e4kerhet med Secured-Core<\/strong> - Avancerad <strong>Windows Defender ATP, Secure Boot och skydd f\u00f6r inbyggd programvara<\/strong>.<br \/>\n\u2705 <strong>F\u00f6rb\u00e4ttrad virtualisering<\/strong> - St\u00f6d f\u00f6r <strong>tv\u00e5 virtuella maskiner (VM)<\/strong> och <strong>en Hyper-V-v\u00e4rd<\/strong>.<br \/>\n\u2705 <strong>St\u00f6d f\u00f6r hybridmoln<\/strong> - S\u00f6ml\u00f6s integration med <strong>Microsoft Azure<\/strong> f\u00f6r hybridinstallationer.<br \/>\n\u2705 <strong>Windows Admin Center<\/strong> - Centraliserad, webbaserad hantering f\u00f6r enkel serveradministration.<br \/>\n\u2705 <strong>Service f\u00f6r migrering av lagring<\/strong> - Migrera enkelt servrar och data fr\u00e5n \u00e4ldre versioner.<br \/>\n\u2705 <strong>B\u00e4ttre n\u00e4tverkande med SMB \u00f6ver QUIC<\/strong> - Snabbare och s\u00e4krare fj\u00e4rr\u00e5tkomst till filer.<br \/>\n\u2705 <strong>Avancerad fil- och lagringshantering<\/strong> - St\u00f6d f\u00f6r <strong>ReFS, Storage Spaces Direct (S2D) och deduplicering<\/strong>.<br \/>\n\u2705 <strong>Failover-kluster och lastbalansering<\/strong> - <strong>Minimerar stillest\u00e5ndstiden<\/strong> f\u00f6r aff\u00e4rskritiska applikationer.<br \/>\n\u2705 <strong>Inbyggda Windows-beh\u00e5llare<\/strong> - K\u00f6r modernt <strong>containeriserade applikationer<\/strong> med hj\u00e4lp av <strong>Windows Containers och Kubernetes<\/strong>.<br \/>\n\u2705 <strong>St\u00f6d f\u00f6r fj\u00e4rrskrivbordstj\u00e4nster (RDS)<\/strong> - S\u00e4ker fj\u00e4rr\u00e5tkomst till arbetsstationer med <strong>RDS CALs<\/strong>.<\/p>\n<h3><strong>Minimala systemkrav<\/strong><\/h3>\n<ul>\n<li><strong>Processor<\/strong>: 1,4 GHz 64-bitars processor med <strong>x64-arkitektur<\/strong><\/li>\n<li><strong>RAM<\/strong>: 2 GB (skrivbordsupplevelse) \/ 512 MB (Server Core)<\/li>\n<li><strong>F\u00f6rvaring<\/strong>: Minst 36 GB ledigt utrymme<\/li>\n<li><strong>Grafik<\/strong>: DirectX 9-kompatibel med <strong>WDDM 1.0 drivrutin<\/strong><\/li>\n<li><strong>Display<\/strong>: 1024\u00d7768 uppl\u00f6sning eller h\u00f6gre<\/li>\n<li><strong>N\u00e4tverk<\/strong>: Gigabit Ethernet-adapter<\/li>\n<li><strong>Firmware<\/strong>: UEFI 2.3.1c med Secure Boot-kapacitet (rekommenderas)<\/li>\n<li><strong>Internetanslutning<\/strong>: Kr\u00e4vs f\u00f6r uppdateringar och aktivering<\/li>\n<\/ul>\n<h3><strong>Varf\u00f6r v\u00e4lja Windows Server 2022 Standard?<\/strong><\/h3>\n<p>\ud83d\udd39 <strong>Perfekt f\u00f6r sm\u00e5 och medelstora f\u00f6retag<\/strong> - Skalbara, kostnadseffektiva och optimerade f\u00f6r vardagliga arbetsbelastningar.<br \/>\n\ud83d\udd39 <strong>Stark s\u00e4kerhet och efterlevnad<\/strong> - <strong>Secured-Core Server<\/strong> s\u00e4kerst\u00e4ller skydd mot moderna hot.<br \/>\n\ud83d\udd39 <strong>Molnberoende infrastruktur<\/strong> - <strong>Azures hybridfunktioner<\/strong> Ut\u00f6ka din server till molnet.<br \/>\n\ud83d\udd39 <strong>Tillf\u00f6rlitlig support f\u00f6r virtualisering<\/strong> - Till\u00e5ter <strong>tv\u00e5 virtuella maskiner<\/strong> f\u00f6r b\u00e4ttre resurshantering.<br \/>\n\ud83d\udd39 <strong>F\u00f6rb\u00e4ttrad n\u00e4tverks- och fj\u00e4rr\u00e5tkomst<\/strong> - <strong>SMB \u00f6ver QUIC och RDS<\/strong> m\u00f6jligg\u00f6ra s\u00e4kert distansarbete.<\/p>\n<p>Uppgradera till <strong>Windows Server 2022 Standard<\/strong> idag och <strong>st\u00e4rk ditt f\u00f6retag med prestanda, s\u00e4kerhet och skalbarhet<\/strong>! \ud83c\udfe2\ud83d\udd12\u26a1<\/p>","protected":false},"excerpt":{"rendered":"<p>Windows Server 2022 Standard \u2013 Secure, Reliable, and Optimized for Business Workloads Description Windows Server 2022 Standard is a high-performance, secure, and versatile server operating system designed for small to medium-sized businesses and organizations. It offers robust security, hybrid cloud capabilities, and improved application performance while providing support for virtualization, remote work, and cloud integration. [&hellip;]<\/p>","protected":false},"featured_media":1027,"comment_status":"open","ping_status":"closed","template":"","meta":{"_gspb_post_css":""},"product_brand":[],"product_cat":[81],"product_tag":[82],"class_list":{"0":"post-1001","1":"product","2":"type-product","3":"status-publish","4":"has-post-thumbnail","6":"product_cat-server","7":"product_tag-server","9":"first","10":"instock","11":"shipping-taxable","12":"product-type-external"},"_links":{"self":[{"href":"https:\/\/keysdock.tajnaveza.net\/sv\/wp-json\/wp\/v2\/product\/1001","targetHints":{"allow":["GET"]}}],"collection":[{"href":"https:\/\/keysdock.tajnaveza.net\/sv\/wp-json\/wp\/v2\/product"}],"about":[{"href":"https:\/\/keysdock.tajnaveza.net\/sv\/wp-json\/wp\/v2\/types\/product"}],"replies":[{"embeddable":true,"href":"https:\/\/keysdock.tajnaveza.net\/sv\/wp-json\/wp\/v2\/comments?post=1001"}],"wp:featuredmedia":[{"embeddable":true,"href":"https:\/\/keysdock.tajnaveza.net\/sv\/wp-json\/wp\/v2\/media\/1027"}],"wp:attachment":[{"href":"https:\/\/keysdock.tajnaveza.net\/sv\/wp-json\/wp\/v2\/media?parent=1001"}],"wp:term":[{"taxonomy":"product_brand","embeddable":true,"href":"https:\/\/keysdock.tajnaveza.net\/sv\/wp-json\/wp\/v2\/product_brand?post=1001"},{"taxonomy":"product_cat","embeddable":true,"href":"https:\/\/keysdock.tajnaveza.net\/sv\/wp-json\/wp\/v2\/product_cat?post=1001"},{"taxonomy":"product_tag","embeddable":true,"href":"https:\/\/keysdock.tajnaveza.net\/sv\/wp-json\/wp\/v2\/product_tag?post=1001"}],"curies":[{"name":"wp","href":"https:\/\/api.w.org\/{rel}","templated":true}]}}