{"id":1002,"date":"2025-03-15T21:08:07","date_gmt":"2025-03-15T21:08:07","guid":{"rendered":"https:\/\/keysdock.com\/?post_type=product&#038;p=1002"},"modified":"2025-10-19T07:36:37","modified_gmt":"2025-10-19T07:36:37","slug":"windows-server-2022-datacenter-key-nyckel-license","status":"publish","type":"product","link":"https:\/\/keysdock.tajnaveza.net\/sv\/produkt\/windows-server-2022-datacenter-key-nyckel-license\/","title":{"rendered":"Windows Server 2022 Datacenter Product Key Nyckel License"},"content":{"rendered":"<p><strong>K\u00f6p Windows Server 2022 Datacenter-licens till b\u00e4sta pris \u2013 livstidsaktivering ing\u00e5r.\ng<\/strong><\/p>\n<h3><strong>Beskrivning<\/strong><\/h3>\n<p>Windows Server 2022 Datacenter \u00e4r en <strong>h\u00f6gpresterande, mycket s\u00e4ker och skalbar<\/strong> serveroperativsystem utformat f\u00f6r f\u00f6retag, datacenter och verksamheter som kr\u00e4ver <strong>avancerad virtualisering, hybridmolnintegration och f\u00f6rb\u00e4ttrad s\u00e4kerhet<\/strong>. Byggd f\u00f6r <strong>arbetsbelastningar med h\u00f6g efterfr\u00e5gan<\/strong>inneh\u00e5ller denna utg\u00e5va <strong>obegr\u00e4nsade virtualiseringsr\u00e4ttigheter<\/strong>, <strong>hyperkonvergerad infrastruktur (HCI)<\/strong> st\u00f6d, och <strong>molnbaserade funktioner<\/strong> f\u00f6r att s\u00e4kerst\u00e4lla s\u00f6ml\u00f6s drift i moderna IT-milj\u00f6er.<\/p>\n<h3><strong>Viktiga funktioner<\/strong><\/h3>\n<p>\u2705 <strong>Obegr\u00e4nsad virtualisering<\/strong> - K\u00f6r en <strong>obegr\u00e4nsat antal virtuella maskiner<\/strong> med Hyper-V.<br \/>\n\u2705 <strong>Azure Hybrid Integration<\/strong> - S\u00f6ml\u00f6s anslutning av lokala servrar till <strong>Microsoft Azure<\/strong>.<br \/>\n\u2705 <strong>Avancerad s\u00e4kerhet med Secured-Core Server<\/strong> - Inkluderar <strong>Windows Defender ATP<\/strong>, <strong>s\u00e4krad start<\/strong>, och <strong>Firmware-skydd<\/strong>.<br \/>\n\u2705 <strong>Hotpatching<\/strong> - Till\u00e4mpa s\u00e4kerhetsuppdateringar <strong>utan omstart<\/strong>vilket minskar stillest\u00e5ndstiden.<br \/>\n\u2705 <strong>Service f\u00f6r migrering av lagring<\/strong> - <strong>Enkel migrering<\/strong> filservrar fr\u00e5n <strong>\u00e4ldre versioner<\/strong> till Windows Server 2022.<br \/>\n\u2705 <strong>Programvarudefinierade n\u00e4tverk (SDN)<\/strong> - Avancerad <strong>n\u00e4tverkss\u00e4kerhet, prestanda och automatisering<\/strong>.<br \/>\n\u2705 <strong>Hyper-V och skyddade virtuella maskiner<\/strong> - Skydda <strong>VM-arbetsbelastningar<\/strong> mot obeh\u00f6rig \u00e5tkomst och manipulering.<br \/>\n\u2705 <strong>Windows Admin Center<\/strong> - Ett centraliserat, webbl\u00e4sarbaserat gr\u00e4nssnitt f\u00f6r <strong>Serverhantering<\/strong>.<br \/>\n\u2705 <strong>H\u00f6g tillg\u00e4nglighet och katastrof\u00e5terst\u00e4llning<\/strong> - Inbyggd <strong>klustring och replikering med failover<\/strong> f\u00f6r oavbruten service.<br \/>\n\u2705 <strong>F\u00f6rb\u00e4ttrad containerisering<\/strong> - St\u00f6d f\u00f6r <strong>Windows Containers och Kubernetes<\/strong> f\u00f6r molnbaserade applikationer.<br \/>\n\u2705 <strong>F\u00f6rb\u00e4ttrad fillagring och deduplicering<\/strong> - Effektiv lagringshantering med <strong>ReFS och Storage Spaces Direct (S2D)<\/strong>.<\/p>\n<h3><strong>Minimala systemkrav<\/strong><\/h3>\n<ul>\n<li><strong>Processor<\/strong>: 1,4 GHz 64-bitars processor med <strong>x64-arkitektur<\/strong><\/li>\n<li><strong>RAM<\/strong>: 2 GB (skrivbordsupplevelse) \/ 512 MB (Server Core)<\/li>\n<li><strong>F\u00f6rvaring<\/strong>: Minst 36 GB ledigt utrymme<\/li>\n<li><strong>Grafik<\/strong>: DirectX 9-kompatibel med <strong>WDDM 1.0 drivrutin<\/strong><\/li>\n<li><strong>Display<\/strong>: 1024\u00d7768 uppl\u00f6sning eller h\u00f6gre<\/li>\n<li><strong>N\u00e4tverk<\/strong>: Gigabit Ethernet-adapter<\/li>\n<li><strong>Firmware<\/strong>: UEFI 2.3.1c med Secure Boot-kapacitet (rekommenderas)<\/li>\n<li><strong>Internetanslutning<\/strong>: Kr\u00e4vs f\u00f6r uppdateringar och aktivering<\/li>\n<\/ul>\n<h3><strong>Varf\u00f6r v\u00e4lja Windows Server 2022 Datacenter?<\/strong><\/h3>\n<p>\ud83d\udd39 <strong>B\u00e4st f\u00f6r f\u00f6retag och datacenter<\/strong> - Utformad f\u00f6r <strong>h\u00f6gpresterande arbetsbelastningar<\/strong> och <strong>virtualiseringstunga milj\u00f6er<\/strong>.<br \/>\n\ud83d\udd39 <strong>Obegr\u00e4nsade virtualiseringsr\u00e4ttigheter<\/strong> - Den <strong>Datacenter-utg\u00e5va<\/strong> till\u00e5ter <strong>obegr\u00e4nsad<\/strong> VMs, vilket g\u00f6r det kostnadseffektivt f\u00f6r storskalig drift.<br \/>\n\ud83d\udd39 <strong>S\u00e4kerhet p\u00e5 n\u00e4sta niv\u00e5<\/strong> - <strong>S\u00e4krad k\u00e4rna<\/strong> skydd, <strong>Windows Defender<\/strong>, och <strong>Avancerat skydd mot hot (ATP)<\/strong>.<br \/>\n\ud83d\udd39 <strong>Hybrid Cloud-Ready<\/strong> - <strong>Azure-integration<\/strong> f\u00f6r molnskalbarhet och hybridinfrastruktur.<br \/>\n\ud83d\udd39 <strong>H\u00f6g tillg\u00e4nglighet och kontinuitet i verksamheten<\/strong> - <strong>Failover-clustering, replikering och SDN<\/strong> s\u00e4kerst\u00e4lla minimal stillest\u00e5ndstid.<\/p>\n<p>Uppgradera till <strong>Windows Server 2022 Datacenter<\/strong> idag och uppleva <strong>o\u00f6vertr\u00e4ffad s\u00e4kerhet, prestanda och skalbarhet<\/strong> f\u00f6r moderna IT-arbetsbelastningar! \ud83c\udfe2\ud83d\udd12\u26a1<\/p>","protected":false},"excerpt":{"rendered":"<p>Windows Server 2022 Datacenter \u2013 The Ultimate Enterprise-Grade Server Solution Description Windows Server 2022 Datacenter is a high-performance, highly secure, and scalable server operating system designed for enterprises, data centers, and businesses requiring advanced virtualization, hybrid cloud integration, and enhanced security. Built for high-demand workloads, this edition provides unlimited virtualization rights, hyper-converged infrastructure (HCI) support, [&hellip;]<\/p>","protected":false},"featured_media":1028,"comment_status":"open","ping_status":"closed","template":"","meta":{"_gspb_post_css":""},"product_brand":[],"product_cat":[81],"product_tag":[82],"class_list":{"0":"post-1002","1":"product","2":"type-product","3":"status-publish","4":"has-post-thumbnail","6":"product_cat-server","7":"product_tag-server","9":"first","10":"instock","11":"shipping-taxable","12":"product-type-external"},"_links":{"self":[{"href":"https:\/\/keysdock.tajnaveza.net\/sv\/wp-json\/wp\/v2\/product\/1002","targetHints":{"allow":["GET"]}}],"collection":[{"href":"https:\/\/keysdock.tajnaveza.net\/sv\/wp-json\/wp\/v2\/product"}],"about":[{"href":"https:\/\/keysdock.tajnaveza.net\/sv\/wp-json\/wp\/v2\/types\/product"}],"replies":[{"embeddable":true,"href":"https:\/\/keysdock.tajnaveza.net\/sv\/wp-json\/wp\/v2\/comments?post=1002"}],"wp:featuredmedia":[{"embeddable":true,"href":"https:\/\/keysdock.tajnaveza.net\/sv\/wp-json\/wp\/v2\/media\/1028"}],"wp:attachment":[{"href":"https:\/\/keysdock.tajnaveza.net\/sv\/wp-json\/wp\/v2\/media?parent=1002"}],"wp:term":[{"taxonomy":"product_brand","embeddable":true,"href":"https:\/\/keysdock.tajnaveza.net\/sv\/wp-json\/wp\/v2\/product_brand?post=1002"},{"taxonomy":"product_cat","embeddable":true,"href":"https:\/\/keysdock.tajnaveza.net\/sv\/wp-json\/wp\/v2\/product_cat?post=1002"},{"taxonomy":"product_tag","embeddable":true,"href":"https:\/\/keysdock.tajnaveza.net\/sv\/wp-json\/wp\/v2\/product_tag?post=1002"}],"curies":[{"name":"wp","href":"https:\/\/api.w.org\/{rel}","templated":true}]}}