{"id":944,"date":"2025-03-15T21:07:21","date_gmt":"2025-03-15T21:07:21","guid":{"rendered":"https:\/\/keysdock.com\/?post_type=product&#038;p=944"},"modified":"2025-10-19T07:30:19","modified_gmt":"2025-10-19T07:30:19","slug":"office-2016-home-business-mac-key-nyckel-license","status":"publish","type":"product","link":"https:\/\/keysdock.tajnaveza.net\/sv\/produkt\/office-2016-home-business-mac-key-nyckel-license\/","title":{"rendered":"Office 2016 Home &#038; Business MAC Product Key Lifetime License"},"content":{"rendered":"<div class=\"woocommerce-tabs wc-tabs-wrapper\">\n<div id=\"tab-description\" class=\"woocommerce-Tabs-panel woocommerce-Tabs-panel--description panel entry-content wc-tab\" role=\"tabpanel\" aria-labelledby=\"tab-title-description\">\n<div class=\"vc_row wpb_row vc_row-fluid\">\n<div class=\"wpb_column vc_column_container vc_col-sm-12\">\n<div class=\"vc_column-inner\">\n<div class=\"wpb_wrapper\">\n<div class=\"wpb_text_column wpb_content_element\">\n<div class=\"wpb_wrapper\"><\/div>\n<\/div>\n<\/div>\n<\/div>\n<\/div>\n<\/div>\n<\/div>\n<\/div>\n<div id=\"judgeme_product_reviews\" class=\"jdgm-widget jdgm-review-widget jdgm--done-setup-widget\" data-product-title=\"Microsoft Office 2016 Home &amp; Business for MAC Bind\" data-id=\"2274\" data-widget-name=\"review_widget\" data-impressions-tracked=\"true\" data-views-tracked=\"true\">\n<div class=\"jdgm-rev-widg\" data-updated-at=\"2025-02-10T10:37:55Z\" data-average-rating=\"4.78\" data-number-of-reviews=\"36\" data-number-of-questions=\"0\">\n<div class=\"jdgm-rev-widg__header\">\n<p><strong>Microsoft Office 2016 Home &amp; Business f\u00f6r Mac - Essential Productivity Suite f\u00f6r professionella anv\u00e4ndare<\/strong><\/p>\n<h3><strong>Beskrivning<\/strong><\/h3>\n<p>Microsoft Office 2016 Home &amp; Business f\u00f6r Mac \u00e4r en <strong>kraftfull och m\u00e5ngsidig produktivitetssvit<\/strong> utformad f\u00f6r <strong>yrkesverksamma, sm\u00e5f\u00f6retag och hemanv\u00e4ndare<\/strong> som beh\u00f6ver viktiga Office-program f\u00f6r att skapa dokument, kommunicera och hantera data. Optimerad f\u00f6r <strong>macOS<\/strong>ger denna utg\u00e5va ett bekant men \u00e4nd\u00e5 modernt gr\u00e4nssnitt, <strong>s\u00f6ml\u00f6s integration med Apples ekosystem<\/strong>, och f\u00f6rb\u00e4ttrad <strong>molnanslutning<\/strong> f\u00f6r ett mer produktivt arbetsfl\u00f6de.<\/p>\n<h3><strong>Inkluderade applikationer<\/strong><\/h3>\n<ul>\n<li><strong>Word 2016 f\u00f6r Mac<\/strong> - Avancerad ordbehandling med professionella formaterings- och redigeringsverktyg.<\/li>\n<li><strong>Excel 2016 f\u00f6r Mac<\/strong> - Kraftfull kalkylbladshantering med nya diagramtyper och formler.<\/li>\n<li><strong>PowerPoint 2016 f\u00f6r Mac<\/strong> - Skapa fantastiska presentationer med bild\u00f6verg\u00e5ngar och designverktyg.<\/li>\n<li><strong>Outlook 2016 f\u00f6r Mac<\/strong> - Hantera e-post, kalendrar och kontakter p\u00e5 ett effektivt s\u00e4tt.<\/li>\n<li><strong>OneNote 2016 f\u00f6r Mac<\/strong> - Digitala anteckningar och organisation med molnbaserad synkronisering mellan olika enheter.<\/li>\n<\/ul>\n<h3><strong>Viktiga funktioner<\/strong><\/h3>\n<p>\u2705 <strong>Optimerad f\u00f6r macOS<\/strong> - Ursprungligt st\u00f6d f\u00f6r <strong>Mac Retina-sk\u00e4rm<\/strong>, Fullsk\u00e4rmsvisning och Multi-Touch-gester.<br \/>\n\u2705 <strong>S\u00f6ml\u00f6s molnintegration<\/strong> - Spara och f\u00e5 tillg\u00e5ng till dokument n\u00e4r som helst med <strong>OneDrive och SharePoint<\/strong> st\u00f6d.<br \/>\n\u2705 <strong>F\u00f6rb\u00e4ttrat samarbete<\/strong> - Samf\u00f6rfattande i realtid i <strong>Word, Excel och PowerPoint<\/strong> f\u00f6r teamets produktivitet.<br \/>\n\u2705 <strong>F\u00f6rb\u00e4ttrade Outlook-funktioner<\/strong> - <strong>B\u00e4ttre e-posthantering, schemal\u00e4ggning och fokuserad inkorg<\/strong>.<br \/>\n\u2705 <strong>Dataanalys i Excel<\/strong> - Ny <strong>Pivottabell Skivverktyg, diagram och formelverktyg<\/strong> f\u00f6r b\u00e4ttre insikter.<br \/>\n\u2705 <strong>Smart uppslags- och forskningsverktyg<\/strong> - Hitta snabbt relevant information direkt fr\u00e5n dokumenten.<br \/>\n\u2705 <strong>Nytt gr\u00e4nssnitt f\u00f6r menyfliksomr\u00e5det<\/strong> - En str\u00f6mlinjeformad layout f\u00f6r verktygsf\u00e4ltet f\u00f6r b\u00e4ttre navigering och effektivitet.<br \/>\n\u2705 <strong>AutoSave &amp; versionshistorik<\/strong> - Spara och \u00e5terst\u00e4ll automatiskt tidigare versioner av filer.<br \/>\n\u2705 <strong>Eng\u00e5ngsk\u00f6p<\/strong> - En permanent licens med <strong>inga prenumerationsavgifter<\/strong>.<\/p>\n<h3><strong>Minimala systemkrav<\/strong><\/h3>\n<ul>\n<li><strong>Processor<\/strong>: Intel-baserad Mac-processor<\/li>\n<li><strong>RAM<\/strong>: 4 GB eller mer<\/li>\n<li><strong>F\u00f6rvaring<\/strong>: 6 GB tillg\u00e4ngligt diskutrymme<\/li>\n<li><strong>Display<\/strong>: 1280\u00d7800 uppl\u00f6sning eller h\u00f6gre<\/li>\n<li><strong>Operativsystem<\/strong>: macOS 10.10 (Yosemite) eller senare<\/li>\n<li><strong>Internetanslutning<\/strong>: Kr\u00e4vs f\u00f6r aktivering, uppdateringar och molnfunktioner<\/li>\n<\/ul>\n<h3><strong>Varf\u00f6r v\u00e4lja Microsoft Office 2016 Home &amp; Business f\u00f6r Mac?<\/strong><\/h3>\n<p>\ud83d\udd39 <strong>Idealisk f\u00f6r hem och sm\u00e5f\u00f6retag<\/strong> - En professionell svit f\u00f6r <strong>skapande av dokument, datahantering och kommunikation<\/strong>.<br \/>\n\ud83d\udd39 <strong>S\u00f6ml\u00f6s Mac-integration<\/strong> - Utformad f\u00f6r att fungera <strong>felfritt med Apples ekosystem<\/strong> och macOS-funktioner.<br \/>\n\ud83d\udd39 <strong>F\u00f6rb\u00e4ttrat samarbete och tillg\u00e5ng till molnet<\/strong> - Arbeta p\u00e5 olika enheter med <strong>St\u00f6d f\u00f6r OneDrive &amp; SharePoint<\/strong>.<br \/>\n\ud83d\udd39 <strong>Eng\u00e5ngsk\u00f6p, ingen prenumeration<\/strong> - \u00c4g Office 2016 f\u00f6r Mac <strong>f\u00f6r evigt utan \u00e5terkommande kostnader<\/strong>.<br \/>\n\ud83d\udd39 <strong>P\u00e5litlig och s\u00e4ker<\/strong> - H\u00e5ll dina filer och din kommunikation s\u00e4ker med <strong>regelbundna s\u00e4kerhetsuppdateringar<\/strong>.<\/p>\n<p>Uppgradera till <strong>Microsoft Office 2016 Hem &amp; F\u00f6retag f\u00f6r Mac<\/strong> idag och <strong>\u00f6ka din produktivitet med ett funktionsrikt, s\u00e4kert och MacOS-optimerat Office-paket<\/strong>! \ud83d\ude80\ud83d\udcbb\ud83d\udcca<\/p>\n<\/div>\n<\/div>\n<\/div>","protected":false},"excerpt":{"rendered":"<p>Microsoft Office 2016 Home &amp; Business for Mac \u2013 Essential Productivity Suite for Professionals Description Microsoft Office 2016 Home &amp; Business for Mac is a powerful and versatile productivity suite designed for professionals, small businesses, and home users who need essential Office applications for document creation, communication, and data management. Optimized for macOS, this edition [&hellip;]<\/p>","protected":false},"featured_media":962,"comment_status":"open","ping_status":"closed","template":"","meta":{"_gspb_post_css":""},"product_brand":[],"product_cat":[62],"product_tag":[64],"class_list":{"0":"post-944","1":"product","2":"type-product","3":"status-publish","4":"has-post-thumbnail","6":"product_cat-office","7":"product_tag-office-mac","9":"first","10":"instock","11":"shipping-taxable","12":"product-type-external"},"_links":{"self":[{"href":"https:\/\/keysdock.tajnaveza.net\/sv\/wp-json\/wp\/v2\/product\/944","targetHints":{"allow":["GET"]}}],"collection":[{"href":"https:\/\/keysdock.tajnaveza.net\/sv\/wp-json\/wp\/v2\/product"}],"about":[{"href":"https:\/\/keysdock.tajnaveza.net\/sv\/wp-json\/wp\/v2\/types\/product"}],"replies":[{"embeddable":true,"href":"https:\/\/keysdock.tajnaveza.net\/sv\/wp-json\/wp\/v2\/comments?post=944"}],"wp:featuredmedia":[{"embeddable":true,"href":"https:\/\/keysdock.tajnaveza.net\/sv\/wp-json\/wp\/v2\/media\/962"}],"wp:attachment":[{"href":"https:\/\/keysdock.tajnaveza.net\/sv\/wp-json\/wp\/v2\/media?parent=944"}],"wp:term":[{"taxonomy":"product_brand","embeddable":true,"href":"https:\/\/keysdock.tajnaveza.net\/sv\/wp-json\/wp\/v2\/product_brand?post=944"},{"taxonomy":"product_cat","embeddable":true,"href":"https:\/\/keysdock.tajnaveza.net\/sv\/wp-json\/wp\/v2\/product_cat?post=944"},{"taxonomy":"product_tag","embeddable":true,"href":"https:\/\/keysdock.tajnaveza.net\/sv\/wp-json\/wp\/v2\/product_tag?post=944"}],"curies":[{"name":"wp","href":"https:\/\/api.w.org\/{rel}","templated":true}]}}