{"id":968,"date":"2025-03-15T21:07:43","date_gmt":"2025-03-15T21:07:43","guid":{"rendered":"https:\/\/keysdock.com\/?post_type=product&#038;p=968"},"modified":"2025-10-19T07:32:36","modified_gmt":"2025-10-19T07:32:36","slug":"visual-studio-professional-2022-key-nyckel-license","status":"publish","type":"product","link":"https:\/\/keysdock.tajnaveza.net\/sv\/produkt\/visual-studio-professional-2022-key-nyckel-license\/","title":{"rendered":"Visual Studio Professional 2022 Product Key Nyckel License"},"content":{"rendered":"<p><strong>K\u00f6p Visual Studio Professional 2022-licens till b\u00e4sta pris \u2013 livstidsaktivering ing\u00e5r.<\/strong><\/p>\n<h3><strong>Beskrivning<\/strong><\/h3>\n<p>Visual Studio Professional 2022 \u00e4r ett <strong>kraftfull, skalbar och AI-assisterad integrerad utvecklingsmilj\u00f6 (IDE)<\/strong> utformad f\u00f6r <strong>professionella utvecklare, team och f\u00f6retag<\/strong>. Med <strong>f\u00f6rb\u00e4ttrad fels\u00f6kning, samarbete i realtid, molnintegration och AI-drivna IntelliCode<\/strong>ger det en str\u00f6mlinjeformad utvecklingsupplevelse f\u00f6r <strong>bygga moderna applikationer f\u00f6r webb, desktop, mobil och moln<\/strong>.<\/p>\n<p>Denna version \u00e4r <strong>64-bitars<\/strong>vilket g\u00f6r den till den mest effektiva och <strong>h\u00f6gpresterande<\/strong> Visual Studio, men som \u00e4nd\u00e5 kan hantera <strong>st\u00f6rre projekt och komplexa l\u00f6sningar<\/strong> utan avmattningar.<\/p>\n<h3><strong>Viktiga funktioner<\/strong><\/h3>\n<p>\u2705 <strong>64-bitars arkitektur<\/strong> - Handtag <strong>st\u00f6rre projekt med f\u00f6rb\u00e4ttrad prestanda och stabilitet<\/strong>.<br \/>\n\u2705 <strong>AI-baserad IntelliCode<\/strong> - Hj\u00e4lper till med <strong>kodf\u00f6rslag, refaktorisering och f\u00f6rebyggande av fel<\/strong>.<br \/>\n\u2705 <strong>Avancerad fels\u00f6kning och diagnostik<\/strong> - Inkluderar <strong>Live-fels\u00f6kning, IntelliTrace och fels\u00f6kning med tidsresa<\/strong>.<br \/>\n\u2705 <strong>S\u00f6ml\u00f6s integrering av Git och GitHub<\/strong> - Inbyggd <strong>versionshantering<\/strong> och <strong>verktyg f\u00f6r teamsamarbete<\/strong>.<br \/>\n\u2705 <strong>Utveckling f\u00f6r flera plattformar<\/strong> - St\u00f6d f\u00f6r <strong>Windows, macOS, Android, iOS, Linux och webb<\/strong> applikationer.<br \/>\n\u2705 <strong>Molnutveckling med Azure<\/strong> - Bygg, drifts\u00e4tt och skala applikationer med <strong>Microsoft Azure-integration<\/strong>.<br \/>\n\u2705 <strong>Live Share-samarbete<\/strong> - Parprogram och granskningskod i <strong>realtid med teammedlemmar<\/strong>.<br \/>\n\u2705 <strong>Kraftfulla testverktyg<\/strong> - Inkluderar <strong>ramverk f\u00f6r enhetstestning, belastningstestning och UI-testning<\/strong>.<br \/>\n\u2705 <strong>St\u00f6d f\u00f6r Blazor och .NET 6+<\/strong> - Modern <strong>webb- och molnutveckling<\/strong> med <strong>ASP.NET Core, C# och Razor<\/strong>.<br \/>\n\u2705 <strong>Omfattande st\u00f6d f\u00f6r databaser<\/strong> - Anslut med <strong>SQL Server, MySQL, PostgreSQL<\/strong>och mycket mer.<br \/>\n\u2705 <strong>Omfattande marknadsplats och till\u00e4gg<\/strong> - Anpassa IDE med <strong>tusentals plugins och verktyg<\/strong>.<\/p>\n<h3><strong>Minimala systemkrav<\/strong><\/h3>\n<ul>\n<li><strong>Processor<\/strong>: 1,8 GHz eller snabbare, 64-bitars rekommenderas<\/li>\n<li><strong>RAM<\/strong>: Minst 4 GB (16 GB rekommenderas)<\/li>\n<li><strong>F\u00f6rvaring<\/strong>: Minst 20 GB ledigt utrymme<\/li>\n<li><strong>Grafik<\/strong>: DirectX 9-kompatibel med WDDM 1.0-drivrutin<\/li>\n<li><strong>Display<\/strong>: 1366\u00d7768 uppl\u00f6sning eller h\u00f6gre<\/li>\n<li><strong>Operativsystem<\/strong>: Windows 10 (version 1909+) \/ Windows 11 \/ Windows Server 2016, 2019, 2022<\/li>\n<li><strong>Internetanslutning<\/strong>: Kr\u00e4vs f\u00f6r aktivering, uppdateringar och onlinetj\u00e4nster<\/li>\n<\/ul>\n<h3><strong>Varf\u00f6r v\u00e4lja Visual Studio Professional 2022?<\/strong><\/h3>\n<p>\ud83d\udd39 <strong>Optimerad f\u00f6r stora projekt<\/strong> - 64-bitars arkitektur s\u00e4kerst\u00e4ller <strong>b\u00e4ttre prestanda och skalbarhet<\/strong>.<br \/>\n\ud83d\udd39 <strong>AI-assisterad produktivitet<\/strong> - <strong>IntelliCode<\/strong> p\u00e5skyndar utvecklingen med <strong>intelligenta kodf\u00f6rslag<\/strong>.<br \/>\n\ud83d\udd39 <strong>F\u00f6rb\u00e4ttrad fels\u00f6kning och testning<\/strong> - <strong>Kraftfull fels\u00f6kning, diagnostik i realtid och enhetstestning<\/strong> f\u00f6r h\u00f6gkvalitativ programvara.<br \/>\n\ud83d\udd39 <strong>S\u00f6ml\u00f6s molnintegration<\/strong> - <strong>Bygga molnbaserade applikationer<\/strong> med <strong>St\u00f6d f\u00f6r Azure, Docker och Kubernetes<\/strong>.<br \/>\n\ud83d\udd39 <strong>B\u00e4st f\u00f6r team och f\u00f6retag<\/strong> - <strong>Live Share, GitHub och DevOps<\/strong> verktyg f\u00f6rb\u00e4ttrar samarbetet och effektiviteten.<br \/>\n\ud83d\udd39 <strong>St\u00f6djer den senaste tekniken<\/strong> - <strong>.NET 6+, C#, Python, JavaScript, TypeScript m.m.<\/strong>.<\/p>\n<p>Uppgradera till <strong>Visual Studio Professional 2022<\/strong> idag och uppleva <strong>snabbare, smartare och effektivare utveckling<\/strong>! \ud83d\ude80\ud83d\udcbb\u26a1<\/p>","protected":false},"excerpt":{"rendered":"<p>Visual Studio Professional 2022 \u2013 The Ultimate IDE for Professional Developers Description Visual Studio Professional 2022 is a powerful, scalable, and AI-assisted integrated development environment (IDE) designed for professional developers, teams, and enterprises. With enhanced debugging, real-time collaboration, cloud integration, and AI-powered IntelliCode, it provides a streamlined development experience for building modern applications for web, [&hellip;]<\/p>","protected":false},"featured_media":1004,"comment_status":"open","ping_status":"closed","template":"","meta":{"_gspb_post_css":""},"product_brand":[],"product_cat":[65],"product_tag":[70],"class_list":{"0":"post-968","1":"product","2":"type-product","3":"status-publish","4":"has-post-thumbnail","6":"product_cat-misc","7":"product_tag-visual-studio","9":"first","10":"instock","11":"shipping-taxable","12":"product-type-external"},"_links":{"self":[{"href":"https:\/\/keysdock.tajnaveza.net\/sv\/wp-json\/wp\/v2\/product\/968","targetHints":{"allow":["GET"]}}],"collection":[{"href":"https:\/\/keysdock.tajnaveza.net\/sv\/wp-json\/wp\/v2\/product"}],"about":[{"href":"https:\/\/keysdock.tajnaveza.net\/sv\/wp-json\/wp\/v2\/types\/product"}],"replies":[{"embeddable":true,"href":"https:\/\/keysdock.tajnaveza.net\/sv\/wp-json\/wp\/v2\/comments?post=968"}],"wp:featuredmedia":[{"embeddable":true,"href":"https:\/\/keysdock.tajnaveza.net\/sv\/wp-json\/wp\/v2\/media\/1004"}],"wp:attachment":[{"href":"https:\/\/keysdock.tajnaveza.net\/sv\/wp-json\/wp\/v2\/media?parent=968"}],"wp:term":[{"taxonomy":"product_brand","embeddable":true,"href":"https:\/\/keysdock.tajnaveza.net\/sv\/wp-json\/wp\/v2\/product_brand?post=968"},{"taxonomy":"product_cat","embeddable":true,"href":"https:\/\/keysdock.tajnaveza.net\/sv\/wp-json\/wp\/v2\/product_cat?post=968"},{"taxonomy":"product_tag","embeddable":true,"href":"https:\/\/keysdock.tajnaveza.net\/sv\/wp-json\/wp\/v2\/product_tag?post=968"}],"curies":[{"name":"wp","href":"https:\/\/api.w.org\/{rel}","templated":true}]}}