{"id":971,"date":"2025-03-15T21:07:43","date_gmt":"2025-03-15T21:07:43","guid":{"rendered":"https:\/\/keysdock.com\/?post_type=product&#038;p=971"},"modified":"2025-10-19T07:32:26","modified_gmt":"2025-10-19T07:32:26","slug":"outlook-2019-key-nyckel-license","status":"publish","type":"product","link":"https:\/\/keysdock.tajnaveza.net\/sv\/produkt\/outlook-2019-key-nyckel-license\/","title":{"rendered":"Outlook 2019 Product Key Nyckel License"},"content":{"rendered":"<p><strong>Microsoft Outlook 2019 - Den ultimata e-post- och produktivitetsl\u00f6sningen<\/strong><\/p>\n<h3><strong>Beskrivning<\/strong><\/h3>\n<p>Microsoft Outlook 2019 \u00e4r en <strong>kraftfull e-post- och kalenderapplikation<\/strong> utformad f\u00f6r <strong>yrkesverksamma, f\u00f6retag och privatpersoner<\/strong> som beh\u00f6ver <strong>s\u00f6ml\u00f6s kommunikation, schemal\u00e4ggning och uppgiftshantering<\/strong>. Med ett anv\u00e4ndarv\u00e4nligt gr\u00e4nssnitt, <strong>f\u00f6rb\u00e4ttrade s\u00e4kerhetsfunktioner och f\u00f6rb\u00e4ttrad prestanda<\/strong>Outlook 2019 \u00e4r den perfekta l\u00f6sningen f\u00f6r att hantera <strong>e-post, m\u00f6ten, kontakter och uppgifter p\u00e5 ett effektivt s\u00e4tt<\/strong>.<\/p>\n<p>Oavsett om du arbetar p\u00e5 ett kontor eller p\u00e5 distans s\u00e4kerst\u00e4ller Outlook 2019 <strong>smidigt samarbete och organisation<\/strong>och h\u00e5ller dig uppkopplad och produktiv.<\/p>\n<h3><strong>Viktiga funktioner<\/strong><\/h3>\n<p>\u2705 <strong>Effektiviserad e-posthantering<\/strong> - Organisera din inkorg med <strong>Fokuserad inkorg, kategorier och filter<\/strong>.<br \/>\n\u2705 <strong>F\u00f6rb\u00e4ttrad kalender och schemal\u00e4ggning<\/strong> - Schemal\u00e4gg enkelt m\u00f6ten, st\u00e4ll in p\u00e5minnelser och synkronisera kalendrar.<br \/>\n\u2705 <strong>Avancerad s\u00e4kerhet och integritet<\/strong> - Inbyggt skydd mot <strong>n\u00e4tfiske, skadlig kod och skr\u00e4ppost<\/strong>.<br \/>\n\u2705 <strong>St\u00f6d f\u00f6r offlinel\u00e4ge<\/strong> - F\u00e5 tillg\u00e5ng till e-post, kalender och uppgifter <strong>utan internetuppkoppling<\/strong>.<br \/>\n\u2705 <strong>Integrerad hubb f\u00f6r kontakter och m\u00e4nniskor<\/strong> - Hantera kontakter effektivt med <strong>enhetliga adressb\u00f6cker<\/strong>.<br \/>\n\u2705 <strong>F\u00f6rb\u00e4ttrad s\u00f6kfunktionalitet<\/strong> - Hitta snabbt e-postmeddelanden, bilagor och kalenderh\u00e4ndelser.<br \/>\n\u2705 <strong>Integration av uppgifter och anteckningar<\/strong> - H\u00e5ll dig produktiv med <strong>uppgiftslistor, klisterlappar och p\u00e5minnelser<\/strong>.<br \/>\n\u2705 <strong>S\u00f6ml\u00f6s support f\u00f6r Microsoft 365 och Exchange<\/strong> - Arbetar med <strong>Microsoft Exchange, OneDrive och SharePoint<\/strong>.<br \/>\n\u2705 <strong>St\u00f6d f\u00f6r flera e-postkonton<\/strong> - Hantera enkelt <strong>Gmail-, Yahoo-, Outlook.com- och IMAP\/POP-konton<\/strong>.<br \/>\n\u2705 <strong>Automatisering av autosvar och regler<\/strong> - St\u00e4ll in <strong>svar utanf\u00f6r kontoret, filter och automatiseringsregler<\/strong>.<br \/>\n\u2705 <strong>Uppdaterat anv\u00e4ndargr\u00e4nssnitt<\/strong> - A <strong>modernt, \u00f6versk\u00e5dligt anv\u00e4ndargr\u00e4nssnitt<\/strong> f\u00f6r b\u00e4ttre l\u00e4sbarhet och effektivitet.<\/p>\n<h3><strong>Minimala systemkrav<\/strong><\/h3>\n<ul>\n<li><strong>Processor<\/strong>: 1,6 GHz eller snabbare, 2-k\u00e4rnig processor<\/li>\n<li class=\"translation-block\"><strong>RAM<\/strong>: 4 GB (64-bitars) \/ 2 GB (32-bitars)<\/li>\n<li class=\"translation-block\"><strong>Lagring<\/strong>: 4 GB tillg\u00e4ngligt diskutrymme<\/li>\n<li class=\"translation-block\"><strong>Display<\/strong>: 1280\u00d7768 uppl\u00f6sning eller h\u00f6gre<\/li>\n<li><strong>Operativsystem<\/strong>: Windows 10 \/ Windows 11 \/ Windows Server 2019<\/li>\n<li class=\"translation-block\"><strong>Grafik<\/strong>: DirectX 9 eller senare med WDDM 2.0+ drivrutin<\/li>\n<li><strong>Internetanslutning<\/strong>: Kr\u00e4vs f\u00f6r aktivering, uppdateringar och molnintegration<\/li>\n<\/ul>\n<h3><strong>Varf\u00f6r v\u00e4lja Microsoft Outlook 2019?<\/strong><\/h3>\n<p>\ud83d\udd39 <strong>Professionell e-posthantering<\/strong> - <strong>H\u00e5ll dig organiserad<\/strong> med smart sortering av inkorgen, filter och sp\u00e5rning av e-post.<br \/>\n\ud83d\udd39 <strong>S\u00f6ml\u00f6s kalenderintegration<\/strong> - Schema <strong>m\u00f6ten, p\u00e5minnelser och evenemang<\/strong> med l\u00e4tthet.<br \/>\n\ud83d\udd39 <strong>F\u00f6rb\u00e4ttrad s\u00e4kerhet<\/strong> - Inbyggd <strong>skydd mot n\u00e4tfiske, skadlig programvara och skr\u00e4ppostfiltrering<\/strong>.<br \/>\n\ud83d\udd39 <strong>Perfekt f\u00f6r aff\u00e4rs- och privatbruk<\/strong> - St\u00f6d f\u00f6r <strong>flera e-postkonton och Microsoft 365-tj\u00e4nster<\/strong>.<br \/>\n\ud83d\udd39 <strong>Offline\u00e5tkomst och produktivitetsverktyg<\/strong> - Arbeta var som helst, n\u00e4r som helst, med <strong>offline-l\u00e4ge, uppgifter och anteckningar<\/strong>.<\/p>\n<p>Uppgradera till <strong>Microsoft Outlook 2019<\/strong> idag och uppleva <strong>b\u00e4ttre e-postkommunikation, schemal\u00e4ggning och produktivitet<\/strong>! \ud83d\udce7\ud83d\udcc5\ud83d\ude80<\/p>","protected":false},"excerpt":{"rendered":"<p>Microsoft Outlook 2019 \u2013 The Ultimate Email &amp; Productivity Solution Description Microsoft Outlook 2019 is a powerful email and calendar application designed for professionals, businesses, and individuals who need seamless communication, scheduling, and task management. With a user-friendly interface, enhanced security features, and improved performance, Outlook 2019 is the perfect solution for managing emails, appointments, [&hellip;]<\/p>","protected":false},"featured_media":1007,"comment_status":"open","ping_status":"closed","template":"","meta":{"_gspb_post_css":""},"product_brand":[],"product_cat":[62],"product_tag":[74],"class_list":{"0":"post-971","1":"product","2":"type-product","3":"status-publish","4":"has-post-thumbnail","6":"product_cat-office","7":"product_tag-outlook","9":"first","10":"instock","11":"shipping-taxable","12":"product-type-external"},"_links":{"self":[{"href":"https:\/\/keysdock.tajnaveza.net\/sv\/wp-json\/wp\/v2\/product\/971","targetHints":{"allow":["GET"]}}],"collection":[{"href":"https:\/\/keysdock.tajnaveza.net\/sv\/wp-json\/wp\/v2\/product"}],"about":[{"href":"https:\/\/keysdock.tajnaveza.net\/sv\/wp-json\/wp\/v2\/types\/product"}],"replies":[{"embeddable":true,"href":"https:\/\/keysdock.tajnaveza.net\/sv\/wp-json\/wp\/v2\/comments?post=971"}],"wp:featuredmedia":[{"embeddable":true,"href":"https:\/\/keysdock.tajnaveza.net\/sv\/wp-json\/wp\/v2\/media\/1007"}],"wp:attachment":[{"href":"https:\/\/keysdock.tajnaveza.net\/sv\/wp-json\/wp\/v2\/media?parent=971"}],"wp:term":[{"taxonomy":"product_brand","embeddable":true,"href":"https:\/\/keysdock.tajnaveza.net\/sv\/wp-json\/wp\/v2\/product_brand?post=971"},{"taxonomy":"product_cat","embeddable":true,"href":"https:\/\/keysdock.tajnaveza.net\/sv\/wp-json\/wp\/v2\/product_cat?post=971"},{"taxonomy":"product_tag","embeddable":true,"href":"https:\/\/keysdock.tajnaveza.net\/sv\/wp-json\/wp\/v2\/product_tag?post=971"}],"curies":[{"name":"wp","href":"https:\/\/api.w.org\/{rel}","templated":true}]}}