{"id":973,"date":"2025-03-15T21:07:43","date_gmt":"2025-03-15T21:07:43","guid":{"rendered":"https:\/\/keysdock.com\/?post_type=product&#038;p=973"},"modified":"2025-10-19T07:32:06","modified_gmt":"2025-10-19T07:32:06","slug":"access-2019-key-nyckel-license","status":"publish","type":"product","link":"https:\/\/keysdock.tajnaveza.net\/sv\/produkt\/access-2019-key-nyckel-license\/","title":{"rendered":"Access 2019 Product Key Nyckel License"},"content":{"rendered":"<p><strong>Microsoft Access 2019 - kraftfull databashantering f\u00f6r f\u00f6retag och yrkesverksamma<\/strong><\/p>\n<h3><strong>Beskrivning<\/strong><\/h3>\n<p>Microsoft Access 2019 \u00e4r en <strong>m\u00e5ngsidigt och anv\u00e4ndarv\u00e4nligt databashanteringssystem (DBMS)<\/strong> utformad f\u00f6r <strong>f\u00f6retag, yrkesverksamma och utvecklare<\/strong> som beh\u00f6ver ett effektivt s\u00e4tt att <strong>lagra, organisera och analysera data<\/strong>. Med <strong>intuitiva mallar, avancerade fr\u00e5gefunktioner och s\u00f6ml\u00f6s integration med Microsoft 365<\/strong>Access 2019 till\u00e5ter anv\u00e4ndare att <strong>skapa och hantera databaser<\/strong> utan att det kr\u00e4vs djupg\u00e5ende teknisk expertis.<\/p>\n<p>Oavsett om du hanterar kundregister, inventarier eller finansiella data ger Microsoft Access 2019 <strong>robusta verktyg f\u00f6r dataarrangemang, rapportering och automatisering<\/strong>.<\/p>\n<h3><strong>Viktiga funktioner<\/strong><\/h3>\n<p>\u2705 <strong>L\u00e4ttanv\u00e4nda databasmallar<\/strong> - Skapa snabbt databaser med hj\u00e4lp av <strong>f\u00f6rbyggda mallar<\/strong> f\u00f6r olika aff\u00e4rsbehov.<br \/>\n\u2705 <strong>Avancerade fr\u00e5ge- och rapporteringsverktyg<\/strong> - Anv\u00e4ndning <strong>SQL, makron och Visual Basic for Applications (VBA)<\/strong> f\u00f6r automatisering av data.<br \/>\n\u2705 <strong>S\u00f6ml\u00f6s integration med Microsoft 365 och SQL Server<\/strong> - Anslut din databas med <strong>Excel, SharePoint och molnbaserade tj\u00e4nster<\/strong>.<br \/>\n\u2705 <strong>Automatisering av formul\u00e4r och datainmatning<\/strong> - Skapa <strong>anpassade formul\u00e4r, automatisera arbetsfl\u00f6den och f\u00f6rb\u00e4ttra anv\u00e4ndarinteraktionen<\/strong>.<br \/>\n\u2705 <strong>F\u00f6rb\u00e4ttrad s\u00e4kerhet och dataskydd<\/strong> - S\u00e4kra databaser med <strong>l\u00f6senordsskydd och kryptering<\/strong>.<br \/>\n\u2705 <strong>Kraftfulla verktyg f\u00f6r import och export av data<\/strong> - Enkelt att importera\/exportera data fr\u00e5n <strong>Excel, XML, ODBC och mycket mer<\/strong>.<br \/>\n\u2705 <strong>St\u00f6d f\u00f6r relationsdatabaser<\/strong> - <strong>Hantera komplexa datarelationer<\/strong> med l\u00e4nkade tabeller och fr\u00e5gor.<br \/>\n\u2705 <strong>Samarbete mellan flera anv\u00e4ndare<\/strong> - Dela databaser p\u00e5 ett s\u00e4kert s\u00e4tt mellan team och organisationer.<br \/>\n\u2705 <strong>F\u00f6rb\u00e4ttrad prestanda och stabilitet<\/strong> - Snabbare exekvering av fr\u00e5gor och <strong>Optimerad databasprestanda<\/strong>.<br \/>\n\u2705 <strong>Moderniserade diagram och datavisualisering<\/strong> - Skapa <strong>interaktiva rapporter och instrumentpaneler<\/strong> f\u00f6r dataanalys.<br \/>\n\u2705 <strong>Makro- och VBA-automatisering<\/strong> - Automatisera repetitiva uppgifter och <strong>f\u00f6rb\u00e4ttra effektiviteten i arbetsfl\u00f6det<\/strong>.<\/p>\n<h3><strong>Minimala systemkrav<\/strong><\/h3>\n<ul>\n<li class=\"translation-block\"><strong>Processor<\/strong>: 1,6 GHz eller snabbare, dubbelk\u00e4rnig processor<\/li>\n<li class=\"translation-block\"><strong>RAM<\/strong>: 4 GB (64-bitars) \/ 2 GB (32-bitars)<\/li>\n<li class=\"translation-block\"><strong>Lagring<\/strong>: 4 GB tillg\u00e4ngligt diskutrymme<\/li>\n<li class=\"translation-block\"><strong>Display<\/strong>: 1280\u00d7768 uppl\u00f6sning eller h\u00f6gre<\/li>\n<li><strong>Operativsystem<\/strong>: Windows 10 \/ Windows 11 \/ Windows Server 2019<\/li>\n<li class=\"translation-block\"><strong>Grafik<\/strong>: DirectX 9 eller senare med WDDM 2.0+ drivrutin<\/li>\n<li><strong>Internetanslutning<\/strong>: Kr\u00e4vs f\u00f6r aktivering, uppdateringar och molnintegration<\/li>\n<\/ul>\n<h3><strong>Varf\u00f6r v\u00e4lja Microsoft Access 2019?<\/strong><\/h3>\n<p>\ud83d\udd39 <strong>Perfekt f\u00f6r f\u00f6retag och yrkesverksamma<\/strong> - Hantera <strong>databaser, inventarier, kunddata och finansiella register<\/strong> l\u00e4tt.<br \/>\n\ud83d\udd39 <strong>Flexibel datahantering<\/strong> - St\u00f6d f\u00f6r <strong>stora datam\u00e4ngder, samarbete mellan flera anv\u00e4ndare och relationsdatabaser<\/strong>.<br \/>\n\ud83d\udd39 <strong>S\u00f6ml\u00f6s Microsoft-integration<\/strong> - Arbetar med <strong>Excel, SQL Server, Power BI och SharePoint<\/strong>.<br \/>\n\ud83d\udd39 <strong>Avancerad automatisering och kundanpassning<\/strong> - Anv\u00e4ndning <strong>VBA och makron<\/strong> f\u00f6r att effektivisera arbetsfl\u00f6den.<br \/>\n\ud83d\udd39 <strong>F\u00f6rb\u00e4ttrad s\u00e4kerhet och prestanda<\/strong> - Skydda k\u00e4nsliga data med <strong>l\u00f6senordskryptering och optimerad bearbetning<\/strong>.<\/p>\n<p>Uppgradera till <strong>Microsoft Access 2019<\/strong> idag och <strong>f\u00f6renkla datahanteringen, f\u00f6rb\u00e4ttra effektiviteten och frig\u00f6ra kraftfulla rapporteringsfunktioner<\/strong>! \ud83d\udcca\ud83d\udcbe\ud83d\ude80<\/p>","protected":false},"excerpt":{"rendered":"<p>Microsoft Access 2019 \u2013 Powerful Database Management for Businesses &amp; Professionals Description Microsoft Access 2019 is a versatile and user-friendly database management system (DBMS) designed for businesses, professionals, and developers who need an efficient way to store, organize, and analyze data. With intuitive templates, advanced query capabilities, and seamless integration with Microsoft 365, Access 2019 [&hellip;]<\/p>","protected":false},"featured_media":1009,"comment_status":"open","ping_status":"closed","template":"","meta":{"_gspb_post_css":""},"product_brand":[],"product_cat":[62],"product_tag":[75],"class_list":{"0":"post-973","1":"product","2":"type-product","3":"status-publish","4":"has-post-thumbnail","6":"product_cat-office","7":"product_tag-access","9":"first","10":"instock","11":"shipping-taxable","12":"product-type-external"},"_links":{"self":[{"href":"https:\/\/keysdock.tajnaveza.net\/sv\/wp-json\/wp\/v2\/product\/973","targetHints":{"allow":["GET"]}}],"collection":[{"href":"https:\/\/keysdock.tajnaveza.net\/sv\/wp-json\/wp\/v2\/product"}],"about":[{"href":"https:\/\/keysdock.tajnaveza.net\/sv\/wp-json\/wp\/v2\/types\/product"}],"replies":[{"embeddable":true,"href":"https:\/\/keysdock.tajnaveza.net\/sv\/wp-json\/wp\/v2\/comments?post=973"}],"wp:featuredmedia":[{"embeddable":true,"href":"https:\/\/keysdock.tajnaveza.net\/sv\/wp-json\/wp\/v2\/media\/1009"}],"wp:attachment":[{"href":"https:\/\/keysdock.tajnaveza.net\/sv\/wp-json\/wp\/v2\/media?parent=973"}],"wp:term":[{"taxonomy":"product_brand","embeddable":true,"href":"https:\/\/keysdock.tajnaveza.net\/sv\/wp-json\/wp\/v2\/product_brand?post=973"},{"taxonomy":"product_cat","embeddable":true,"href":"https:\/\/keysdock.tajnaveza.net\/sv\/wp-json\/wp\/v2\/product_cat?post=973"},{"taxonomy":"product_tag","embeddable":true,"href":"https:\/\/keysdock.tajnaveza.net\/sv\/wp-json\/wp\/v2\/product_tag?post=973"}],"curies":[{"name":"wp","href":"https:\/\/api.w.org\/{rel}","templated":true}]}}