{"id":974,"date":"2025-03-15T21:07:43","date_gmt":"2025-03-15T21:07:43","guid":{"rendered":"https:\/\/keysdock.com\/?post_type=product&#038;p=974"},"modified":"2025-10-19T07:31:55","modified_gmt":"2025-10-19T07:31:55","slug":"access-2021-key-nyckel-license","status":"publish","type":"product","link":"https:\/\/keysdock.tajnaveza.net\/sv\/produkt\/access-2021-key-nyckel-license\/","title":{"rendered":"Access 2021 Product Key Nyckel License"},"content":{"rendered":"<p><strong>K\u00f6p Access 2021 -licens till b\u00e4sta pris \u2013 livstidsaktivering ing\u00e5r.<\/strong><\/p>\n<h3><strong>Beskrivning<\/strong><\/h3>\n<p>Microsoft Access 2021 \u00e4r en <strong>kraftfullt och anv\u00e4ndarv\u00e4nligt databashanteringssystem (DBMS)<\/strong> utformad f\u00f6r <strong>f\u00f6retag, yrkesverksamma och utvecklare<\/strong> som beh\u00f6ver <strong>effektiv lagring, organisering och analys av data<\/strong>. Med <strong>f\u00f6rb\u00e4ttrad prestanda, f\u00f6rb\u00e4ttrad s\u00e4kerhet och s\u00f6ml\u00f6s integration med Microsoft 365<\/strong>, Access 2021 f\u00f6renklar processen f\u00f6r att <strong>skapa, hantera och automatisera databaser<\/strong> f\u00f6r aff\u00e4rsm\u00e4ssiga, finansiella eller operativa behov.<\/p>\n<p>Oavsett om du ska sp\u00e5ra lager, hantera kundregister eller generera rapporter, <strong>Microsoft Access 2021<\/strong> ger <strong>avancerade verktyg f\u00f6r relationsdatabaser, fr\u00e5gor och automatisering<\/strong>vilket g\u00f6r den till den perfekta l\u00f6sningen f\u00f6r datadrivna arbetsfl\u00f6den.<\/p>\n<h3><strong>Viktiga funktioner<\/strong><\/h3>\n<p>\u2705 <strong>L\u00e4ttanv\u00e4nda databasmallar<\/strong> - B\u00f6rja snabbt med <strong>f\u00f6rbyggda mallar<\/strong> f\u00f6r olika branscher och anv\u00e4ndningsomr\u00e5den.<br \/>\n\u2705 <strong>Avancerade fr\u00e5ge- och rapporteringsverktyg<\/strong> - Utnyttja <strong>SQL, makron och Visual Basic for Applications (VBA)<\/strong> f\u00f6r komplexa dataoperationer.<br \/>\n\u2705 <strong>F\u00f6rb\u00e4ttrad prestanda och stabilitet<\/strong> - <strong>Snabbare bearbetningshastigheter, optimerade fr\u00e5gor och minskad f\u00f6rdr\u00f6jning<\/strong>.<br \/>\n\u2705 <strong>F\u00f6rb\u00e4ttrad s\u00e4kerhet och datakryptering<\/strong> - Skydda databaser med <strong>l\u00f6senordsskydd, kryptering och fleranv\u00e4ndarbeh\u00f6righet<\/strong>.<br \/>\n\u2705 <strong>S\u00f6ml\u00f6s integration av Microsoft 365 och molnet<\/strong> - Synkronisera data med <strong>Excel, SharePoint, SQL Server och OneDrive<\/strong>.<br \/>\n\u2705 <strong>Moderniserade diagram och datavisualisering<\/strong> - Skapa <strong>interaktiva rapporter, instrumentpaneler och analyser i realtid<\/strong>.<br \/>\n\u2705 <strong>Ut\u00f6kad datakonnektivitet<\/strong> - Importera\/exportera data fr\u00e5n <strong>Excel, XML, ODBC, SQL och webbtj\u00e4nster<\/strong>.<br \/>\n\u2705 <strong>Samarbete mellan flera anv\u00e4ndare<\/strong> - <strong>Dela och redigera databaser samtidigt<\/strong> \u00f6ver team och avdelningar.<br \/>\n\u2705 <strong>VBA och makroautomatisering<\/strong> - <strong>Automatisera repetitiva uppgifter<\/strong>, f\u00f6rb\u00e4ttra effektiviteten och effektivisera arbetsfl\u00f6dena.<br \/>\n\u2705 <strong>Uppdaterat anv\u00e4ndargr\u00e4nssnitt<\/strong> - En uppfr\u00e4schad design f\u00f6r b\u00e4ttre <strong>navigering och tillg\u00e4nglighet<\/strong>.<\/p>\n<h3><strong>Minimala systemkrav<\/strong><\/h3>\n<ul>\n<li class=\"translation-block\"><strong>Processor<\/strong>: 1,6 GHz eller snabbare, dubbelk\u00e4rnig processor<\/li>\n<li class=\"translation-block\"><strong>RAM<\/strong>: 4 GB (64-bitars) \/ 2 GB (32-bitars)<\/li>\n<li class=\"translation-block\"><strong>Lagring<\/strong>: 4 GB tillg\u00e4ngligt diskutrymme<\/li>\n<li class=\"translation-block\"><strong>Display<\/strong>: 1280\u00d7768 uppl\u00f6sning eller h\u00f6gre<\/li>\n<li><strong>Operativsystem<\/strong>: Windows 10 \/ Windows 11<\/li>\n<li class=\"translation-block\"><strong>Grafik<\/strong>: DirectX 9 eller senare med WDDM 2.0+ drivrutin<\/li>\n<li><strong>Internetanslutning<\/strong>: Kr\u00e4vs f\u00f6r aktivering, uppdateringar och Microsoft 365-tj\u00e4nster<\/li>\n<\/ul>\n<h3><strong>Varf\u00f6r v\u00e4lja Microsoft Access 2021?<\/strong><\/h3>\n<p>\ud83d\udd39 <strong>Utformad f\u00f6r f\u00f6retag och yrkesverksamma<\/strong> - Hantera enkelt <strong>kunddata, inventarier, ekonomi och operativa register<\/strong>.<br \/>\n\ud83d\udd39 <strong>Robust och skalbar datahantering<\/strong> - <strong>St\u00f6djer stora datam\u00e4ngder<\/strong>, relationsdatabaser och milj\u00f6er med flera anv\u00e4ndare.<br \/>\n\ud83d\udd39 <strong>Redo f\u00f6r molnet och Microsoft 365<\/strong> - Integreras s\u00f6ml\u00f6st med <strong>Excel, Power BI, SQL Server och SharePoint<\/strong>.<br \/>\n\ud83d\udd39 <strong>Avancerad rapportering och automatisering<\/strong> - Skapa <strong>anpassade rapporter, automatiserade arbetsfl\u00f6den och \u00f6kad produktivitet<\/strong>.<br \/>\n\ud83d\udd39 <strong>Mycket s\u00e4ker och p\u00e5litlig<\/strong> - <strong>Skydda k\u00e4nsliga uppgifter<\/strong> med inbyggd <strong>krypterings- och s\u00e4kerhetsfunktioner<\/strong>.<\/p>\n<p>Uppgradera till <strong>Microsoft Access 2021<\/strong> idag och <strong>ta kontroll \u00f6ver dina data med avancerade verktyg f\u00f6r hantering, automatisering och analys<\/strong>! \ud83d\udcca\ud83d\udcbe\ud83d\ude80<\/p>","protected":false},"excerpt":{"rendered":"<p>Microsoft Access 2021 \u2013 The Ultimate Database Management Solution Description Microsoft Access 2021 is a powerful and user-friendly database management system (DBMS) designed for businesses, professionals, and developers who need efficient data storage, organization, and analysis. With improved performance, enhanced security, and seamless integration with Microsoft 365, Access 2021 simplifies the process of creating, managing, [&hellip;]<\/p>","protected":false},"featured_media":1010,"comment_status":"open","ping_status":"closed","template":"","meta":{"_gspb_post_css":""},"product_brand":[],"product_cat":[62],"product_tag":[75],"class_list":{"0":"post-974","1":"product","2":"type-product","3":"status-publish","4":"has-post-thumbnail","6":"product_cat-office","7":"product_tag-access","9":"first","10":"instock","11":"shipping-taxable","12":"product-type-external"},"_links":{"self":[{"href":"https:\/\/keysdock.tajnaveza.net\/sv\/wp-json\/wp\/v2\/product\/974","targetHints":{"allow":["GET"]}}],"collection":[{"href":"https:\/\/keysdock.tajnaveza.net\/sv\/wp-json\/wp\/v2\/product"}],"about":[{"href":"https:\/\/keysdock.tajnaveza.net\/sv\/wp-json\/wp\/v2\/types\/product"}],"replies":[{"embeddable":true,"href":"https:\/\/keysdock.tajnaveza.net\/sv\/wp-json\/wp\/v2\/comments?post=974"}],"wp:featuredmedia":[{"embeddable":true,"href":"https:\/\/keysdock.tajnaveza.net\/sv\/wp-json\/wp\/v2\/media\/1010"}],"wp:attachment":[{"href":"https:\/\/keysdock.tajnaveza.net\/sv\/wp-json\/wp\/v2\/media?parent=974"}],"wp:term":[{"taxonomy":"product_brand","embeddable":true,"href":"https:\/\/keysdock.tajnaveza.net\/sv\/wp-json\/wp\/v2\/product_brand?post=974"},{"taxonomy":"product_cat","embeddable":true,"href":"https:\/\/keysdock.tajnaveza.net\/sv\/wp-json\/wp\/v2\/product_cat?post=974"},{"taxonomy":"product_tag","embeddable":true,"href":"https:\/\/keysdock.tajnaveza.net\/sv\/wp-json\/wp\/v2\/product_tag?post=974"}],"curies":[{"name":"wp","href":"https:\/\/api.w.org\/{rel}","templated":true}]}}