{"id":975,"date":"2025-03-15T21:07:43","date_gmt":"2025-03-15T21:07:43","guid":{"rendered":"https:\/\/keysdock.com\/?post_type=product&#038;p=975"},"modified":"2026-02-07T05:56:36","modified_gmt":"2026-02-07T05:56:36","slug":"kaspersky-premium-2025-1-enhet-1-ar-licensnyckel","status":"publish","type":"product","link":"https:\/\/keysdock.tajnaveza.net\/sv\/produkt\/kaspersky-premium-2025-1-enhet-1-ar-licensnyckel\/","title":{"rendered":"Kaspersky Premium 2025 |1 enhet - 1 \u00e5r| Key Nyckel License"},"content":{"rendered":"<p><strong>Kaspersky Premium Antivirus - ultimat skydd f\u00f6r s\u00e4kerhet och integritet<\/strong><\/p>\n<h3><strong>Beskrivning<\/strong><\/h3>\n<p>Kaspersky Premium Antivirus \u00e4r ett <strong>avancerad, allt-i-ett-s\u00e4kerhetsl\u00f6sning<\/strong> utformad f\u00f6r <strong>omfattande skydd, integritet och prestandaoptimering<\/strong>. Den erbjuder <strong>Antivirusskydd i realtid, skydd mot ransomware, f\u00f6rebyggande av identitetsst\u00f6ld och integritetsverktyg<\/strong>, vilket s\u00e4kerst\u00e4ller en <strong>s\u00e4ker och smidig<\/strong> digital erfarenhet i hela <strong>Windows-, macOS-, Android- och iOS-enheter<\/strong>.<\/p>\n<p>Med <strong>AI-baserad hotdetektering, krypterad surfning och inbyggt VPN<\/strong>Kaspersky Premium Antivirus \u00e4r perfekt f\u00f6r <strong>hemanv\u00e4ndare, yrkesverksamma och familjer<\/strong> som kr\u00e4ver <strong>maximal s\u00e4kerhet, integritet och optimering av enhetens prestanda<\/strong>.<\/p>\n<h3><strong>Viktiga funktioner<\/strong><\/h3>\n<p>\u2705 <strong>Skydd mot hot i realtid<\/strong> - Uppt\u00e4cker och avl\u00e4gsnar <strong>virus, skadlig kod, spionprogram, utpressningstrojaner och avancerade cyberhot<\/strong>.<br \/>\n\u2705 <strong>Flerskiktat f\u00f6rsvar mot ransomware<\/strong> - Skyddar <strong>k\u00e4nsliga uppgifter fr\u00e5n kryptering<\/strong> och f\u00f6rhindrar ransomware-attacker.<br \/>\n\u2705 <strong>AI-drivet webbskydd och antiphishing<\/strong> - Block <strong>bedr\u00e4gliga webbplatser, onlinebedr\u00e4gerier och skadliga nedladdningar<\/strong>.<br \/>\n\u2705 <strong>S\u00e4ker brandv\u00e4gg och n\u00e4tverksskydd<\/strong> - Monitorer <strong>inkommande och utg\u00e5ende trafik<\/strong> f\u00f6r att f\u00f6rhindra obeh\u00f6rig \u00e5tkomst.<br \/>\n\u2705 <strong>Obegr\u00e4nsat VPN (s\u00e4ker surfning)<\/strong> - Krypterar <strong>internettrafik<\/strong> f\u00f6r anonym och privat surfning.<br \/>\n\u2705 <strong>Identitetsskydd &amp; L\u00f6senordshanterare<\/strong> - <strong>S\u00e4ker lagring av l\u00f6senord<\/strong> och skyddar personuppgifter fr\u00e5n st\u00f6ld.<br \/>\n\u2705 <strong>Skydd f\u00f6r webbkamera och mikrofon<\/strong> - F\u00f6rhindrar <strong>spionprogram fr\u00e5n att i hemlighet f\u00e5 tillg\u00e5ng till din kamera och mikrofon<\/strong>.<br \/>\n\u2705 <strong>\u00d6vervakning av Dark Web<\/strong> - Skannar <strong>den m\u00f6rka webben efter stulen personlig information och varnar dig f\u00f6r intr\u00e5ng<\/strong>.<br \/>\n\u2705 <strong>F\u00f6r\u00e4ldrakontroll och Safe Kids-l\u00e4ge<\/strong> - Monitorer <strong>sk\u00e4rmtid, blockerar skadligt inneh\u00e5ll och sp\u00e5rar enhetens plats<\/strong>.<br \/>\n\u2705 <strong>Smart reng\u00f6ring och optimering av prestanda<\/strong> - <strong>F\u00f6rb\u00e4ttrar systemets prestanda<\/strong> genom att ta bort skr\u00e4pfiler och oanv\u00e4nda appar.<br \/>\n\u2705 <strong>Skydd f\u00f6r USB-enheter och externa enheter<\/strong> - Skannar <strong>flyttbara lagringsenheter<\/strong> f\u00f6r att f\u00f6rhindra infektioner av skadlig kod.<br \/>\n\u2705 <strong>Automatiska programuppdateringar<\/strong> - S\u00e4kerst\u00e4ller <strong>installerade applikationer f\u00f6rblir s\u00e4kra och uppdaterade<\/strong>.<\/p>\n<h3><strong>Minimala systemkrav<\/strong><\/h3>\n<h4><strong>Windows<\/strong><\/h4>\n<ul>\n<li><strong>Processor<\/strong>: 1 GHz eller snabbare<\/li>\n<li><strong>RAM<\/strong>: Minst 2 GB<\/li>\n<li><strong>F\u00f6rvaring<\/strong>: 2 GB tillg\u00e4ngligt diskutrymme<\/li>\n<li><strong>Operativsystem<\/strong>: Windows 11, Windows 10, Windows 8.1, Windows 8, Windows 7 (SP1)<\/li>\n<li><strong>Internetanslutning<\/strong>: Kr\u00e4vs f\u00f6r aktivering, uppdateringar och molnbaserad s\u00e4kerhet<\/li>\n<\/ul>\n<h4><strong>macOS<\/strong><\/h4>\n<ul>\n<li><strong>Processor<\/strong>: Intel-baserad Mac eller Apple Silicon (M1\/M2)<\/li>\n<li><strong>RAM<\/strong>: Minst 2 GB<\/li>\n<li><strong>F\u00f6rvaring<\/strong>: 1,5 GB tillg\u00e4ngligt diskutrymme<\/li>\n<li><strong>Operativsystem<\/strong>: macOS 10.12 (Sierra) eller senare<\/li>\n<\/ul>\n<h4><strong>Android &amp; iOS<\/strong><\/h4>\n<ul>\n<li><strong>Operativsystem<\/strong>: Android 6.0 eller senare \/ iOS 12.0 eller senare<\/li>\n<li><strong>Funktioner tillg\u00e4ngliga<\/strong>: Antivirus, st\u00f6ldskydd, VPN och integritetsskydd<\/li>\n<\/ul>\n<h3><strong>Varf\u00f6r v\u00e4lja Kaspersky Premium Antivirus?<\/strong><\/h3>\n<p>\ud83d\udd39 <strong>Fullst\u00e4ndig s\u00e4kerhet p\u00e5 alla enheter<\/strong> - Omslag <strong>Windows, Mac, Android och iOS<\/strong>.<br \/>\n\ud83d\udd39 <strong>AI-drivet skydd mot skadlig kod och ransomware<\/strong> - Uppt\u00e4cker <strong>cyberhot omedelbart<\/strong> med avancerad AI-s\u00e4kerhet.<br \/>\n\ud83d\udd39 <strong>F\u00f6rb\u00e4ttrad integritet och identitetsskydd<\/strong> - <strong>VPN, \u00f6vervakning av dark web och l\u00f6senordshanterare<\/strong> h\u00e5lla personuppgifter s\u00e4kra.<br \/>\n\ud83d\udd39 <strong>Smart optimering av prestanda<\/strong> - F\u00f6rst\u00e4rkningar <strong>hastighet och effektivitet<\/strong> samtidigt som du s\u00e4krar dina enheter.<br \/>\n\ud83d\udd39 <strong>S\u00e4kra barn och f\u00f6r\u00e4ldrakontroll<\/strong> - S\u00e4kerst\u00e4ller <strong>familjes\u00e4kerhet med sk\u00e4rm\u00f6vervakning och filtrering p\u00e5 n\u00e4tet<\/strong>.<\/p>\n<p>Uppgradera till <strong>Kaspersky Premium Antivirus<\/strong> idag f\u00f6r <strong>h\u00f6gsta m\u00f6jliga niv\u00e5 av s\u00e4kerhet, integritet och prestandaoptimering<\/strong>! \ud83d\ude80\ud83d\udee1\ufe0f\ud83d\udd12<\/p>","protected":false},"excerpt":{"rendered":"<p>Kaspersky Premium Antivirus \u2013 Ultimate Security &amp; Privacy Protection Description Kaspersky Premium Antivirus is an advanced, all-in-one security solution designed for comprehensive protection, privacy, and performance optimization. It offers real-time antivirus protection, anti-ransomware defense, identity theft prevention, and privacy tools, ensuring a secure and smooth digital experience across Windows, macOS, Android, and iOS devices. With [&hellip;]<\/p>","protected":false},"featured_media":1011,"comment_status":"open","ping_status":"closed","template":"","meta":{"_gspb_post_css":""},"product_brand":[],"product_cat":[76],"product_tag":[77],"class_list":{"0":"post-975","1":"product","2":"type-product","3":"status-publish","4":"has-post-thumbnail","6":"product_cat-antivirus","7":"product_tag-kaspersky","9":"first","10":"instock","11":"shipping-taxable","12":"product-type-external"},"_links":{"self":[{"href":"https:\/\/keysdock.tajnaveza.net\/sv\/wp-json\/wp\/v2\/product\/975","targetHints":{"allow":["GET"]}}],"collection":[{"href":"https:\/\/keysdock.tajnaveza.net\/sv\/wp-json\/wp\/v2\/product"}],"about":[{"href":"https:\/\/keysdock.tajnaveza.net\/sv\/wp-json\/wp\/v2\/types\/product"}],"replies":[{"embeddable":true,"href":"https:\/\/keysdock.tajnaveza.net\/sv\/wp-json\/wp\/v2\/comments?post=975"}],"wp:featuredmedia":[{"embeddable":true,"href":"https:\/\/keysdock.tajnaveza.net\/sv\/wp-json\/wp\/v2\/media\/1011"}],"wp:attachment":[{"href":"https:\/\/keysdock.tajnaveza.net\/sv\/wp-json\/wp\/v2\/media?parent=975"}],"wp:term":[{"taxonomy":"product_brand","embeddable":true,"href":"https:\/\/keysdock.tajnaveza.net\/sv\/wp-json\/wp\/v2\/product_brand?post=975"},{"taxonomy":"product_cat","embeddable":true,"href":"https:\/\/keysdock.tajnaveza.net\/sv\/wp-json\/wp\/v2\/product_cat?post=975"},{"taxonomy":"product_tag","embeddable":true,"href":"https:\/\/keysdock.tajnaveza.net\/sv\/wp-json\/wp\/v2\/product_tag?post=975"}],"curies":[{"name":"wp","href":"https:\/\/api.w.org\/{rel}","templated":true}]}}