{"id":976,"date":"2025-03-15T21:07:43","date_gmt":"2025-03-15T21:07:43","guid":{"rendered":"https:\/\/keysdock.com\/?post_type=product&#038;p=976"},"modified":"2025-10-19T07:31:38","modified_gmt":"2025-10-19T07:31:38","slug":"kaspersky-plus-2025-1-enhet-1-ar-licensnyckel","status":"publish","type":"product","link":"https:\/\/keysdock.tajnaveza.net\/sv\/produkt\/kaspersky-plus-2025-1-enhet-1-ar-licensnyckel\/","title":{"rendered":"Kaspersky plus 2025 |1 enhet - 1 \u00e5r| Key Nyckel License"},"content":{"rendered":"<p><strong>Kaspersky Plus Antivirus - Avancerad s\u00e4kerhet, integritet och prestanda<\/strong><\/p>\n<h3><strong>Beskrivning<\/strong><\/h3>\n<p>Kaspersky Plus Antivirus \u00e4r ett <strong>funktionsrik s\u00e4kerhetssvit<\/strong> utformad f\u00f6r att tillhandah\u00e5lla <strong>f\u00f6rb\u00e4ttrat skydd, integritet och systemoptimering<\/strong> f\u00f6r <strong>Windows-, macOS-, Android- och iOS-enheter<\/strong>. Den erbjuder <strong>antivirusskydd i realtid, avancerade verktyg mot n\u00e4tfiske, ett inbyggt VPN och prestandaf\u00f6rb\u00e4ttrande funktioner<\/strong>, vilket s\u00e4kerst\u00e4ller en <strong>s\u00e4ker, privat och smidig digital upplevelse<\/strong>.<\/p>\n<p>Med <strong>AI-driven uppt\u00e4ckt av skadlig kod, s\u00e4ker surfning och identitetsskydd<\/strong>\u00e4r Kaspersky Plus perfekt f\u00f6r <strong>anv\u00e4ndare som beh\u00f6ver cybers\u00e4kerhet p\u00e5 n\u00e4sta niv\u00e5 utan att deras enheter blir l\u00e5ngsammare<\/strong>.<\/p>\n<h3><strong>Viktiga funktioner<\/strong><\/h3>\n<p>\u2705 <strong>Skydd mot hot i realtid<\/strong> - <strong>Blockerar virus, skadlig kod, spionprogram och utpressningstrojaner<\/strong> innan de kan skada din enhet.<br \/>\n\u2705 <strong>Ransomware-sk\u00f6ld i flera lager<\/strong> - F\u00f6rhindrar <strong>filkryptering attackerar och skyddar viktig data<\/strong>.<br \/>\n\u2705 <strong>AI-drivet webbskydd och antiphishing<\/strong> - Uppt\u00e4cker och blockerar <strong>bedr\u00e4gliga webbplatser, phishing-mejl och falska bankwebbplatser<\/strong>.<br \/>\n\u2705 <strong>Obegr\u00e4nsat VPN (s\u00e4ker surfning)<\/strong> - Krypterar <strong>internettrafik<\/strong> f\u00f6r anonyma och <strong>s\u00e4ker surfning p\u00e5 offentligt Wi-Fi<\/strong>.<br \/>\n\u2705 <strong>\u00d6vervakning av brandv\u00e4ggar och n\u00e4tverk<\/strong> - F\u00f6rhindrar <strong>obeh\u00f6rig \u00e5tkomst<\/strong> och <strong>h\u00e5ller hackare borta<\/strong> av ditt system.<br \/>\n\u2705 <strong>Skydd f\u00f6r webbkamera och mikrofon<\/strong> - Stoppar <strong>spionprogram fr\u00e5n att i hemlighet f\u00e5 tillg\u00e5ng till din webbkamera och mikrofon<\/strong>.<br \/>\n\u2705 <strong>Smart optimering av prestanda<\/strong> - Reng\u00f6r <strong>skr\u00e4pfiler, snabbar upp starttiden och f\u00f6rb\u00e4ttrar enhetens prestanda<\/strong>.<br \/>\n\u2705 <strong>\u00d6vervakning av Dark Web<\/strong> - Skannar <strong>den m\u00f6rka webben f\u00f6r stulna personuppgifter<\/strong> och varnar dig f\u00f6r s\u00e4kerhets\u00f6vertr\u00e4delser.<br \/>\n\u2705 <strong>S\u00e4ker bank och shopping p\u00e5 n\u00e4tet<\/strong> - <strong>Krypterar finansiella transaktioner<\/strong> och f\u00f6rhindrar bedr\u00e4gerier.<br \/>\n\u2705 <strong>L\u00f6senordshanterare<\/strong> - S\u00e4kert <strong>lagrar, fyller i automatiskt och genererar starka l\u00f6senord<\/strong>.<br \/>\n\u2705 <strong>F\u00f6r\u00e4ldrakontroll och Safe Kids-l\u00e4ge<\/strong> - Filter <strong>skadligt inneh\u00e5ll och begr\u00e4nsar sk\u00e4rmtiden f\u00f6r barn<\/strong>.<br \/>\n\u2705 <strong>Skydd av USB-enheter<\/strong> - Skannar <strong>externa lagringsenheter<\/strong> f\u00f6r skadlig kod och s\u00e4kerhetsrisker.<\/p>\n<h3><strong>Minimala systemkrav<\/strong><\/h3>\n<h4><strong>Windows<\/strong><\/h4>\n<ul>\n<li><strong>Processor<\/strong>: 1 GHz eller snabbare<\/li>\n<li><strong>RAM<\/strong>: Minst 2 GB<\/li>\n<li><strong>F\u00f6rvaring<\/strong>: 2 GB tillg\u00e4ngligt diskutrymme<\/li>\n<li><strong>Operativsystem<\/strong>: Windows 11, Windows 10, Windows 8.1, Windows 8, Windows 7 (SP1)<\/li>\n<li><strong>Internetanslutning<\/strong>: Kr\u00e4vs f\u00f6r aktivering, uppdateringar och molnbaserad s\u00e4kerhet<\/li>\n<\/ul>\n<h4><strong>macOS<\/strong><\/h4>\n<ul>\n<li><strong>Processor<\/strong>: Intel-baserad Mac eller Apple Silicon (M1\/M2)<\/li>\n<li><strong>RAM<\/strong>: Minst 2 GB<\/li>\n<li><strong>F\u00f6rvaring<\/strong>: 1,5 GB tillg\u00e4ngligt diskutrymme<\/li>\n<li><strong>Operativsystem<\/strong>: macOS 10.12 (Sierra) eller senare<\/li>\n<\/ul>\n<h4><strong>Android &amp; iOS<\/strong><\/h4>\n<ul>\n<li><strong>Operativsystem<\/strong>: Android 6.0 eller senare \/ iOS 12.0 eller senare<\/li>\n<li><strong>Funktioner tillg\u00e4ngliga<\/strong>: Antivirus, st\u00f6ldskydd, VPN och integritetsskydd<\/li>\n<\/ul>\n<h3><strong>Varf\u00f6r v\u00e4lja Kaspersky Plus Antivirus?<\/strong><\/h3>\n<p>\ud83d\udd39 <strong>All-in-One Security &amp; Performance Suite<\/strong> - <strong>Kombinerar antivirus-, VPN- och optimeringsverktyg<\/strong> i ett och samma paket.<br \/>\n\ud83d\udd39 <strong>Kraftfullt AI-drivet skydd<\/strong> - Uppt\u00e4cker och neutraliserar <strong>cyberhot i realtid<\/strong>.<br \/>\n\ud83d\udd39 <strong>Skydd av integritet och identitet<\/strong> - H\u00e5ller <strong>Personuppgifter s\u00e4kra<\/strong> med <strong>VPN, antisp\u00e5rning och l\u00f6senordshantering<\/strong>.<br \/>\n\ud83d\udd39 <strong>F\u00f6rb\u00e4ttrar prestanda f\u00f6r PC och mobil<\/strong> - <strong>Rensar upp i systemet<\/strong> och f\u00f6rb\u00e4ttrar <strong>hastighet &amp; effektivitet<\/strong>.<br \/>\n\ud83d\udd39 <strong>S\u00e4ker surfning och s\u00e4kra transaktioner<\/strong> - <strong>Skyddar dina finansiella uppgifter och f\u00f6rhindrar n\u00e4tfiskeattacker<\/strong>.<\/p>\n<p>Uppgradera till <strong>Kaspersky Plus Antivirus<\/strong> idag f\u00f6r <strong>S\u00e4kerhet, integritet och systemoptimering p\u00e5 n\u00e4sta niv\u00e5<\/strong>! \ud83d\ude80\ud83d\udee1\ufe0f\ud83d\udd12<\/p>","protected":false},"excerpt":{"rendered":"<p>Kaspersky Plus Antivirus \u2013 Advanced Security, Privacy &amp; Performance Description Kaspersky Plus Antivirus is a feature-rich security suite designed to provide enhanced protection, privacy, and system optimization for Windows, macOS, Android, and iOS devices. It offers real-time antivirus protection, advanced anti-phishing tools, a built-in VPN, and performance-boosting features, ensuring a safe, private, and smooth digital [&hellip;]<\/p>","protected":false},"featured_media":1012,"comment_status":"open","ping_status":"closed","template":"","meta":{"_gspb_post_css":""},"product_brand":[],"product_cat":[76],"product_tag":[77],"class_list":{"0":"post-976","1":"product","2":"type-product","3":"status-publish","4":"has-post-thumbnail","6":"product_cat-antivirus","7":"product_tag-kaspersky","9":"first","10":"instock","11":"shipping-taxable","12":"product-type-external"},"_links":{"self":[{"href":"https:\/\/keysdock.tajnaveza.net\/sv\/wp-json\/wp\/v2\/product\/976","targetHints":{"allow":["GET"]}}],"collection":[{"href":"https:\/\/keysdock.tajnaveza.net\/sv\/wp-json\/wp\/v2\/product"}],"about":[{"href":"https:\/\/keysdock.tajnaveza.net\/sv\/wp-json\/wp\/v2\/types\/product"}],"replies":[{"embeddable":true,"href":"https:\/\/keysdock.tajnaveza.net\/sv\/wp-json\/wp\/v2\/comments?post=976"}],"wp:featuredmedia":[{"embeddable":true,"href":"https:\/\/keysdock.tajnaveza.net\/sv\/wp-json\/wp\/v2\/media\/1012"}],"wp:attachment":[{"href":"https:\/\/keysdock.tajnaveza.net\/sv\/wp-json\/wp\/v2\/media?parent=976"}],"wp:term":[{"taxonomy":"product_brand","embeddable":true,"href":"https:\/\/keysdock.tajnaveza.net\/sv\/wp-json\/wp\/v2\/product_brand?post=976"},{"taxonomy":"product_cat","embeddable":true,"href":"https:\/\/keysdock.tajnaveza.net\/sv\/wp-json\/wp\/v2\/product_cat?post=976"},{"taxonomy":"product_tag","embeddable":true,"href":"https:\/\/keysdock.tajnaveza.net\/sv\/wp-json\/wp\/v2\/product_tag?post=976"}],"curies":[{"name":"wp","href":"https:\/\/api.w.org\/{rel}","templated":true}]}}