{"id":977,"date":"2025-03-15T21:07:44","date_gmt":"2025-03-15T21:07:44","guid":{"rendered":"https:\/\/keysdock.com\/?post_type=product&#038;p=977"},"modified":"2025-10-19T07:35:10","modified_gmt":"2025-10-19T07:35:10","slug":"kaspersky-plus-2025-1-enhet-1-ar-licensnyckel-2","status":"publish","type":"product","link":"https:\/\/keysdock.tajnaveza.net\/sv\/produkt\/kaspersky-plus-2025-1-enhet-1-ar-licensnyckel-2\/","title":{"rendered":"Kaspersky Standard 2025 |1 enhet - 1 \u00e5r| Key Nyckel License"},"content":{"rendered":"<p><strong>K\u00f6p Kaspersky plus 2025 licensnyckel f\u00f6r 1 enhet (1 \u00e5r) till b\u00e4sta pris. plus antivirus.<\/strong><\/p>\n<h3><strong>Beskrivning<\/strong><\/h3>\n<p>Kaspersky Standard Antivirus \u00e4r ett <strong>l\u00e4ttviktig men \u00e4nd\u00e5 kraftfull s\u00e4kerhetsl\u00f6sning<\/strong> utformad f\u00f6r att tillhandah\u00e5lla <strong>n\u00f6dv\u00e4ndigt skydd<\/strong> mot <strong>virus, skadlig kod, utpressningstrojaner, n\u00e4tfiskeattacker och hot p\u00e5 n\u00e4tet<\/strong>. Med <strong>hotdetektering i realtid, avancerad webbs\u00e4kerhet och verktyg f\u00f6r prestandaoptimering<\/strong>s\u00e4kerst\u00e4ller det att din <strong>Windows- och macOS-enheter f\u00f6rblir s\u00e4kra och snabba<\/strong> utan att sakta ner dem.<\/p>\n<p>Kaspersky Standard Antivirus levererar <strong>AI-driven s\u00e4kerhet<\/strong>, <strong>n\u00e4tverksskydd<\/strong>, och <strong>verktyg f\u00f6r f\u00f6rb\u00e4ttrad integritet<\/strong>vilket g\u00f6r den till ett perfekt val f\u00f6r <strong>hemanv\u00e4ndare, proffs och spelare<\/strong> som vill ha en <strong>effektiv s\u00e4kerhetsl\u00f6sning utan kr\u00e5ngel<\/strong>.<\/p>\n<h3><strong>Viktiga funktioner<\/strong><\/h3>\n<p>\u2705 <strong>Antivirusskydd i realtid<\/strong> - Uppt\u00e4cker och avl\u00e4gsnar <strong>virus, skadlig kod, trojaner, utpressningstrojaner och rootkits<\/strong>.<br \/>\n\u2705 <strong>Avancerat f\u00f6rsvar mot ransomware<\/strong> - F\u00f6rhindrar <strong>obeh\u00f6rig filkryptering och ransomware-attacker<\/strong>.<br \/>\n\u2705 <strong>Webbskydd &amp; Anti-Phishing<\/strong> - Block <strong>falska webbplatser, skadliga nedladdningar och n\u00e4tfiskef\u00f6rs\u00f6k<\/strong>.<br \/>\n\u2705 <strong>N\u00e4tverkss\u00e4kerhet &amp; brandv\u00e4gg<\/strong> - Monitorer <strong>inkommande och utg\u00e5ende trafik<\/strong> f\u00f6r att f\u00f6rhindra cyberhot.<br \/>\n\u2705 <strong>Optimerad prestanda<\/strong> - Runs <strong>tyst i bakgrunden<\/strong>, s\u00e4kerst\u00e4lla <strong>minimal p\u00e5verkan p\u00e5 systemets hastighet<\/strong>.<br \/>\n\u2705 <strong>Spel- och streamingl\u00e4ge<\/strong> - F\u00f6rhindrar avbrott <strong>n\u00e4r du spelar spel eller tittar p\u00e5 video<\/strong>.<br \/>\n\u2705 <strong>Smart skanning och automatisk uppdatering<\/strong> - <strong>Automatiska uppdateringar av virusdatabasen och schemalagda skanningar<\/strong> h\u00e5ll din enhet skyddad.<br \/>\n\u2705 <strong>S\u00e4ker surfning p\u00e5 webben<\/strong> - Block <strong>skadliga l\u00e4nkar, sp\u00e5rare och adware<\/strong> f\u00f6r en s\u00e4krare surfupplevelse.<br \/>\n\u2705 <strong>Skydd av USB-enheter<\/strong> - Skannar <strong>externa enheter och USB-minnen<\/strong> f\u00f6r att f\u00f6rhindra infektioner av skadlig kod.<\/p>\n<h3><strong>Minimala systemkrav<\/strong><\/h3>\n<h4><strong>Windows<\/strong><\/h4>\n<ul>\n<li><strong>Processor<\/strong>: 1 GHz eller snabbare<\/li>\n<li><strong>RAM<\/strong>: Minst 2 GB<\/li>\n<li><strong>F\u00f6rvaring<\/strong>: 1,5 GB tillg\u00e4ngligt diskutrymme<\/li>\n<li><strong>Operativsystem<\/strong>: Windows 11, Windows 10, Windows 8.1, Windows 8, Windows 7 (SP1)<\/li>\n<li><strong>Internetanslutning<\/strong>: Kr\u00e4vs f\u00f6r aktivering, uppdateringar och molnbaserad s\u00e4kerhet<\/li>\n<\/ul>\n<h4><strong>macOS<\/strong><\/h4>\n<ul>\n<li><strong>Processor<\/strong>: Intel-baserad Mac eller Apple Silicon (M1\/M2)<\/li>\n<li><strong>RAM<\/strong>: Minst 2 GB<\/li>\n<li><strong>F\u00f6rvaring<\/strong>: 1,5 GB tillg\u00e4ngligt diskutrymme<\/li>\n<li><strong>Operativsystem<\/strong>: macOS 10.12 (Sierra) eller senare<\/li>\n<\/ul>\n<h3><strong>Varf\u00f6r v\u00e4lja Kaspersky Standard Antivirus?<\/strong><\/h3>\n<p>\ud83d\udd39 <strong>L\u00e4ttvikt och snabb s\u00e4kerhet<\/strong> - <strong>K\u00f6rs effektivt<\/strong> utan att sakta ner din PC eller Mac.<br \/>\n\ud83d\udd39 <strong>Avancerat skydd mot skadlig kod och ransomware<\/strong> - <strong>Blockerar hot fr\u00e5n virus, spionprogram och utpressningstrojaner<\/strong> i realtid.<br \/>\n\ud83d\udd39 <strong>S\u00e4ker surfning och skydd mot n\u00e4tfiske<\/strong> - Skyddar mot <strong>skadliga l\u00e4nkar och bedr\u00e4gerier p\u00e5 n\u00e4tet<\/strong>.<br \/>\n\ud83d\udd39 <strong>Automatiska uppdateringar och smart skanning<\/strong> - <strong>H\u00e5ller s\u00e4kerheten uppdaterad<\/strong> med uppdateringar i realtid.<br \/>\n\ud83d\udd39 <strong>Perfekt f\u00f6r hemmabruk och professionell anv\u00e4ndning<\/strong> - Idealisk f\u00f6r <strong>vardaglig surfning, spel och arbetsuppgifter<\/strong>.<\/p>\n<p>Uppgradera till <strong>Kaspersky Standard Antivirus<\/strong> idag f\u00f6r <strong>snabbt, tillf\u00f6rlitligt och kraftfullt skydd<\/strong>! \ud83d\ude80\ud83d\udee1\ufe0f\ud83d\udd12<\/p>","protected":false},"excerpt":{"rendered":"<p>Kaspersky Standard Antivirus \u2013 Essential Protection for Your Digital Life Description Kaspersky Standard Antivirus is a lightweight yet powerful security solution designed to provide essential protection against viruses, malware, ransomware, phishing attacks, and online threats. With real-time threat detection, advanced web security, and performance optimization tools, it ensures your Windows and macOS devices remain secure [&hellip;]<\/p>","protected":false},"featured_media":1013,"comment_status":"open","ping_status":"closed","template":"","meta":{"_gspb_post_css":""},"product_brand":[],"product_cat":[76],"product_tag":[77],"class_list":{"0":"post-977","1":"product","2":"type-product","3":"status-publish","4":"has-post-thumbnail","6":"product_cat-antivirus","7":"product_tag-kaspersky","9":"first","10":"instock","11":"shipping-taxable","12":"product-type-external"},"_links":{"self":[{"href":"https:\/\/keysdock.tajnaveza.net\/sv\/wp-json\/wp\/v2\/product\/977","targetHints":{"allow":["GET"]}}],"collection":[{"href":"https:\/\/keysdock.tajnaveza.net\/sv\/wp-json\/wp\/v2\/product"}],"about":[{"href":"https:\/\/keysdock.tajnaveza.net\/sv\/wp-json\/wp\/v2\/types\/product"}],"replies":[{"embeddable":true,"href":"https:\/\/keysdock.tajnaveza.net\/sv\/wp-json\/wp\/v2\/comments?post=977"}],"wp:featuredmedia":[{"embeddable":true,"href":"https:\/\/keysdock.tajnaveza.net\/sv\/wp-json\/wp\/v2\/media\/1013"}],"wp:attachment":[{"href":"https:\/\/keysdock.tajnaveza.net\/sv\/wp-json\/wp\/v2\/media?parent=977"}],"wp:term":[{"taxonomy":"product_brand","embeddable":true,"href":"https:\/\/keysdock.tajnaveza.net\/sv\/wp-json\/wp\/v2\/product_brand?post=977"},{"taxonomy":"product_cat","embeddable":true,"href":"https:\/\/keysdock.tajnaveza.net\/sv\/wp-json\/wp\/v2\/product_cat?post=977"},{"taxonomy":"product_tag","embeddable":true,"href":"https:\/\/keysdock.tajnaveza.net\/sv\/wp-json\/wp\/v2\/product_tag?post=977"}],"curies":[{"name":"wp","href":"https:\/\/api.w.org\/{rel}","templated":true}]}}