{"id":978,"date":"2025-03-15T21:07:44","date_gmt":"2025-03-15T21:07:44","guid":{"rendered":"https:\/\/keysdock.com\/?post_type=product&#038;p=978"},"modified":"2025-10-31T17:20:45","modified_gmt":"2025-10-31T17:20:45","slug":"kaspersky-total-security-antivirus-product-key-activation-1year-1pc","status":"publish","type":"product","link":"https:\/\/keysdock.tajnaveza.net\/sv\/produkt\/kaspersky-total-security-antivirus-product-key-activation-1year-1pc\/","title":{"rendered":"Kaspersky Total Security 2025 |1 enhet - 1 \u00e5r| Key Nyckel License"},"content":{"rendered":"<p><strong>K\u00f6p Kaspersky Total Security 2025 licensnyckel f\u00f6r 1 enhet (1 \u00e5r) till b\u00e4sta pris. Komplett skydd.<\/strong><\/p>\n<h3><strong>Beskrivning<\/strong><\/h3>\n<p>Kaspersky Total Security \u00e4r en <strong>allt-i-ett-svit f\u00f6r cybers\u00e4kerhet<\/strong> utformad f\u00f6r att tillhandah\u00e5lla <strong>maximalt skydd, integritet och prestandaoptimering<\/strong> f\u00f6r <strong>Windows-, macOS-, Android- och iOS-enheter<\/strong>. Den erbjuder <strong>Antivirus i realtid, ransomware-skydd, s\u00e4ker VPN, l\u00f6senordshantering, f\u00f6r\u00e4ldrakontroll och \u00f6vervakning av dark web<\/strong>, s\u00e4kerst\u00e4lla <strong>en s\u00e4ker och smidig digital upplevelse<\/strong> f\u00f6r individer och familjer.<\/p>\n<p>Med <strong>s\u00e4kerhet i flera lager, AI-driven hotdetektering och integritetsh\u00f6jande verktyg<\/strong>Kaspersky Total Security \u00e4r perfekt f\u00f6r <strong>anv\u00e4ndare som beh\u00f6ver ett f\u00f6rstklassigt skydd mot cyberhot utan att kompromissa med systemets prestanda<\/strong>.<\/p>\n<h3><strong>Viktiga funktioner<\/strong><\/h3>\n<p>\u2705 <strong>Antivirus- och malwareskydd i realtid<\/strong> - Block <strong>virus, skadlig kod, spionprogram, utpressningsprogram och nolldagsattacker<\/strong>.<br \/>\n\u2705 <strong>Sk\u00f6ld f\u00f6r avancerad ransomware<\/strong> - F\u00f6rhindrar <strong>filkryptering angriper och skyddar k\u00e4nsliga data<\/strong>.<br \/>\n\u2705 <strong>AI-drivet webbskydd och antiphishing<\/strong> - Uppt\u00e4cker och blockerar <strong>falska webbplatser, phishing-mejl och bedr\u00e4gliga banksidor<\/strong>.<br \/>\n\u2705 <strong>S\u00e4ker VPN (obegr\u00e4nsad data)<\/strong> - Krypterar <strong>internettrafik<\/strong> f\u00f6r privatpersoner och <strong>s\u00e4ker surfning p\u00e5 offentligt Wi-Fi<\/strong>.<br \/>\n\u2705 <strong>\u00d6vervakning av brandv\u00e4ggar och n\u00e4tverk<\/strong> - Block <strong>intr\u00e5ng, hackningsf\u00f6rs\u00f6k och obeh\u00f6rig \u00e5tkomst<\/strong>.<br \/>\n\u2705 <strong>Skydd f\u00f6r webbkamera och mikrofon<\/strong> - F\u00f6rhindrar <strong>spionprogram fr\u00e5n att kapa din webbkamera och mikrofon<\/strong>.<br \/>\n\u2705 <strong>\u00d6vervakning av Dark Web<\/strong> - Skannar <strong>den m\u00f6rka webben f\u00f6r stulna personuppgifter<\/strong> och meddelar dig om \u00f6vertr\u00e4delser.<br \/>\n\u2705 <strong>S\u00e4ker internetbank och shopping<\/strong> - Krypterar <strong>finansiella transaktioner<\/strong> och f\u00f6rhindrar bedr\u00e4gerier.<br \/>\n\u2705 <strong>L\u00f6senordshanterare<\/strong> - Butiker <strong>starka l\u00f6senord<\/strong> s\u00e4kert och fyller automatiskt i referenser.<br \/>\n\u2705 <strong>F\u00f6r\u00e4ldrakontroll och Safe Kids-l\u00e4ge<\/strong> - Filter <strong>skadligt inneh\u00e5ll, sp\u00e5rar sk\u00e4rmtid och lokaliserar barnens enheter<\/strong>.<br \/>\n\u2705 <strong>Smart systemrensning och optimering<\/strong> - Avl\u00e4gsnar <strong>skr\u00e4pfiler, snabbar upp starttiden och f\u00f6rb\u00e4ttrar prestandan<\/strong>.<br \/>\n\u2705 <strong>Skydd f\u00f6r USB och externa enheter<\/strong> - Skannar <strong>flyttbara lagringsenheter<\/strong> f\u00f6r att f\u00f6rhindra infektioner av skadlig kod.<br \/>\n\u2705 <strong>Automatiska programuppdateringar<\/strong> - S\u00e4kerst\u00e4ller <strong>installerade applikationer f\u00f6rblir s\u00e4kra och uppdaterade<\/strong>.<\/p>\n<h3><strong>Minimala systemkrav<\/strong><\/h3>\n<h4><strong>Windows<\/strong><\/h4>\n<ul>\n<li><strong>Processor<\/strong>: 1 GHz eller snabbare<\/li>\n<li><strong>RAM<\/strong>: Minst 2 GB<\/li>\n<li><strong>F\u00f6rvaring<\/strong>: 2 GB tillg\u00e4ngligt diskutrymme<\/li>\n<li><strong>Operativsystem<\/strong>: Windows 11, Windows 10, Windows 8.1, Windows 8, Windows 7 (SP1)<\/li>\n<li><strong>Internetanslutning<\/strong>: Kr\u00e4vs f\u00f6r aktivering, uppdateringar och molnbaserad s\u00e4kerhet<\/li>\n<\/ul>\n<h4><strong>macOS<\/strong><\/h4>\n<ul>\n<li><strong>Processor<\/strong>: Intel-baserad Mac eller Apple Silicon (M1\/M2)<\/li>\n<li><strong>RAM<\/strong>: Minst 2 GB<\/li>\n<li><strong>F\u00f6rvaring<\/strong>: 1,5 GB tillg\u00e4ngligt diskutrymme<\/li>\n<li><strong>Operativsystem<\/strong>: macOS 10.12 (Sierra) eller senare<\/li>\n<\/ul>\n<h4><strong>Android &amp; iOS<\/strong><\/h4>\n<ul>\n<li><strong>Operativsystem<\/strong>: Android 6.0 eller senare \/ iOS 12.0 eller senare<\/li>\n<li><strong>Funktioner tillg\u00e4ngliga<\/strong>: Antivirus, st\u00f6ldskydd, VPN och integritetsskydd<\/li>\n<\/ul>\n<h3><strong>Varf\u00f6r v\u00e4lja Kaspersky Total Security?<\/strong><\/h3>\n<p>\ud83d\udd39 <strong>All-in-One-s\u00e4kerhet f\u00f6r alla enheter<\/strong> - Omslag <strong>Windows, Mac, Android och iOS<\/strong> i en <strong>enstaka prenumeration<\/strong>.<br \/>\n\ud83d\udd39 <strong>Maximalt skydd f\u00f6r cybers\u00e4kerhet<\/strong> - Block <strong>virus, utpressningstrojaner, spionprogram och n\u00e4tfiskef\u00f6rs\u00f6k<\/strong> i realtid.<br \/>\n\ud83d\udd39 <strong>F\u00f6rb\u00e4ttrad integritet och identitetss\u00e4kerhet<\/strong> - Inkluderar <strong>VPN, antisp\u00e5rning och \u00f6vervakning av dark web<\/strong>.<br \/>\n\ud83d\udd39 <strong>Smart optimering av prestanda<\/strong> - F\u00f6rb\u00e4ttrar <strong>hastighet och systemeffektivitet<\/strong> samtidigt som du s\u00e4krar dina enheter.<br \/>\n\ud83d\udd39 <strong>S\u00e4kra barn och f\u00f6r\u00e4ldrakontroll<\/strong> - Tillhandah\u00e5ller <strong>\u00f6vervakning av sk\u00e4rmtid och webbfiltrering<\/strong> f\u00f6r barns\u00e4kerhet.<\/p>\n<p>Uppgradera till <strong>Kaspersky Total Security<\/strong> idag f\u00f6r <strong>h\u00f6gsta m\u00f6jliga niv\u00e5 av s\u00e4kerhet, integritet och prestandaoptimering<\/strong>! \ud83d\ude80\ud83d\udee1\ufe0f\ud83d\udd12<\/p>","protected":false},"excerpt":{"rendered":"<p>Kaspersky Total Security \u2013 Ultimate Protection for Your Digital Life Description Kaspersky Total Security is an all-in-one cybersecurity suite designed to provide maximum protection, privacy, and performance optimization for Windows, macOS, Android, and iOS devices. It offers real-time antivirus defense, ransomware protection, secure VPN, password management, parental controls, and dark web monitoring, ensuring a safe [&hellip;]<\/p>","protected":false},"featured_media":1014,"comment_status":"open","ping_status":"closed","template":"","meta":{"_gspb_post_css":""},"product_brand":[],"product_cat":[76],"product_tag":[77],"class_list":{"0":"post-978","1":"product","2":"type-product","3":"status-publish","4":"has-post-thumbnail","6":"product_cat-antivirus","7":"product_tag-kaspersky","9":"first","10":"instock","11":"shipping-taxable","12":"product-type-external"},"_links":{"self":[{"href":"https:\/\/keysdock.tajnaveza.net\/sv\/wp-json\/wp\/v2\/product\/978","targetHints":{"allow":["GET"]}}],"collection":[{"href":"https:\/\/keysdock.tajnaveza.net\/sv\/wp-json\/wp\/v2\/product"}],"about":[{"href":"https:\/\/keysdock.tajnaveza.net\/sv\/wp-json\/wp\/v2\/types\/product"}],"replies":[{"embeddable":true,"href":"https:\/\/keysdock.tajnaveza.net\/sv\/wp-json\/wp\/v2\/comments?post=978"}],"wp:featuredmedia":[{"embeddable":true,"href":"https:\/\/keysdock.tajnaveza.net\/sv\/wp-json\/wp\/v2\/media\/1014"}],"wp:attachment":[{"href":"https:\/\/keysdock.tajnaveza.net\/sv\/wp-json\/wp\/v2\/media?parent=978"}],"wp:term":[{"taxonomy":"product_brand","embeddable":true,"href":"https:\/\/keysdock.tajnaveza.net\/sv\/wp-json\/wp\/v2\/product_brand?post=978"},{"taxonomy":"product_cat","embeddable":true,"href":"https:\/\/keysdock.tajnaveza.net\/sv\/wp-json\/wp\/v2\/product_cat?post=978"},{"taxonomy":"product_tag","embeddable":true,"href":"https:\/\/keysdock.tajnaveza.net\/sv\/wp-json\/wp\/v2\/product_tag?post=978"}],"curies":[{"name":"wp","href":"https:\/\/api.w.org\/{rel}","templated":true}]}}