{"id":980,"date":"2025-03-15T21:07:44","date_gmt":"2025-03-15T21:07:44","guid":{"rendered":"https:\/\/keysdock.com\/?post_type=product&#038;p=980"},"modified":"2025-10-19T07:34:36","modified_gmt":"2025-10-19T07:34:36","slug":"eset-internet-security-2025-1-enhet-1-ar-licensnyckel","status":"publish","type":"product","link":"https:\/\/keysdock.tajnaveza.net\/sv\/produkt\/eset-internet-security-2025-1-enhet-1-ar-licensnyckel\/","title":{"rendered":"Eset Internet Security 2025 |1 enhet - 1 \u00e5r| Key Nyckel License"},"content":{"rendered":"<p><strong>ESET Internet Security - Avancerat skydd f\u00f6r s\u00e4kerhet och integritet p\u00e5 n\u00e4tet<\/strong><\/p>\n<h3><strong>Beskrivning<\/strong><\/h3>\n<p>ESET Internet Security \u00e4r en <strong>omfattande s\u00e4kerhetspaket<\/strong> utformad f\u00f6r <strong>Windows-, macOS- och Android-anv\u00e4ndare<\/strong> som beh\u00f6ver <strong>f\u00f6rb\u00e4ttrat skydd mot virus, utpressningstrojaner, n\u00e4tfiske och hot p\u00e5 n\u00e4tet<\/strong>. Den tillhandah\u00e5ller <strong>realtidsskydd, brandv\u00e4ggss\u00e4kerhet, verktyg mot n\u00e4tfiske och skydd f\u00f6r webbkameror<\/strong>, vilket s\u00e4kerst\u00e4ller en <strong>s\u00e4ker, privat och optimerad digital upplevelse<\/strong>.<\/p>\n<p>Med <strong>AI-driven hotdetektering, n\u00e4tverksskydd och banks\u00e4kerhet<\/strong>ESET Internet Security \u00e4r perfekt f\u00f6r <strong>hemanv\u00e4ndare, proffs och spelare<\/strong> som vill ha avancerad s\u00e4kerhet utan prestandaf\u00f6rs\u00e4mringar.<\/p>\n<h3><strong>Viktiga funktioner<\/strong><\/h3>\n<p>\u2705 <strong>Skydd mot skadlig kod och antivirus i realtid<\/strong> - Uppt\u00e4cker och blockerar <strong>virus, utpressningstrojaner, spionprogram, rootkits och trojaner<\/strong> innan de infekterar din enhet.<br \/>\n\u2705 <strong>Sk\u00f6ld f\u00f6r avancerad ransomware<\/strong> - F\u00f6rhindrar <strong>obeh\u00f6rig kryptering av filer<\/strong> och stoppar ransomware-attacker.<br \/>\n\u2705 <strong>Brandv\u00e4gg &amp; n\u00e4tverksskydd<\/strong> - Block <strong>intr\u00e5ng, hackningsf\u00f6rs\u00f6k och obeh\u00f6rig \u00e5tkomst<\/strong> till din dator och hemmets Wi-Fi-n\u00e4tverk.<br \/>\n\u2705 <strong>Skydd f\u00f6r webbkamera och mikrofon<\/strong> - F\u00f6rhindrar <strong>obeh\u00f6rig \u00e5tkomst till din kamera och mikrofon<\/strong> f\u00f6r att skydda den personliga integriteten.<br \/>\n\u2705 <strong>S\u00e4ker internetbank och betalningsskydd<\/strong> - Krypterar <strong>finansiella transaktioner och skyddar bankers webbplatser<\/strong> fr\u00e5n keyloggers och bedragare.<br \/>\n\u2705 <strong>AI-drivet webbskydd och antiphishing<\/strong> - Stoppar <strong>falska webbplatser, phishing-meddelanden och bedr\u00e4gliga transaktioner<\/strong>.<br \/>\n\u2705 <strong>Wi-Fi-s\u00e4kerhetsskanner<\/strong> - Uppt\u00e4cker <strong>svaga l\u00f6senord och s\u00e5rbarheter i s\u00e4kerheten<\/strong> i ditt hemn\u00e4tverk.<br \/>\n\u2705 <strong>F\u00f6r\u00e4ldrakontroll<\/strong> - Ger dig m\u00f6jlighet att <strong>begr\u00e4nsa ol\u00e4mpligt inneh\u00e5ll, s\u00e4tta anv\u00e4ndningsgr\u00e4nser och \u00f6vervaka online-aktiviteter<\/strong>.<br \/>\n\u2705 <strong>Gamer-l\u00e4ge<\/strong> - <strong>Minimerar systemp\u00e5verkan och meddelanden<\/strong> under spel eller aktiviteter med full sk\u00e4rm.<br \/>\n\u2705 <strong>Blockering av exploateringsverktyg<\/strong> - Skyddar mot <strong>s\u00e5rbarheter i webbl\u00e4sare och programvara som anv\u00e4nds av cyberbrottslingar<\/strong>.<br \/>\n\u2705 <strong>Skydd f\u00f6r USB-enheter och externa enheter<\/strong> - Skannar <strong>USB-enheter och flyttbar lagring<\/strong> f\u00f6r hot fr\u00e5n skadlig kod.<br \/>\n\u2705 <strong>Minimal systemp\u00e5verkan och snabb prestanda<\/strong> - Runs <strong>tyst i bakgrunden<\/strong> utan att sakta ner ditt system.<\/p>\n<h3><strong>Minimala systemkrav<\/strong><\/h3>\n<h4><strong>Windows<\/strong><\/h4>\n<ul>\n<li><strong>Processor<\/strong>: 1 GHz eller snabbare<\/li>\n<li><strong>RAM<\/strong>: Minst 2 GB<\/li>\n<li><strong>F\u00f6rvaring<\/strong>: 1 GB tillg\u00e4ngligt diskutrymme<\/li>\n<li><strong>Operativsystem<\/strong>: Windows 11, Windows 10, Windows 8.1, Windows 8, Windows 7 (SP1)<\/li>\n<li><strong>Internetanslutning<\/strong>: Kr\u00e4vs f\u00f6r aktivering, uppdateringar och molnbaserad hotdetektering<\/li>\n<\/ul>\n<h4><strong>macOS<\/strong><\/h4>\n<ul>\n<li><strong>Processor<\/strong>: Intel-baserad Mac eller Apple Silicon (M1\/M2)<\/li>\n<li><strong>RAM<\/strong>: Minst 2 GB<\/li>\n<li><strong>F\u00f6rvaring<\/strong>: 1,5 GB tillg\u00e4ngligt diskutrymme<\/li>\n<li><strong>Operativsystem<\/strong>: macOS 10.12 (Sierra) eller senare<\/li>\n<\/ul>\n<h4><strong>Android<\/strong><\/h4>\n<ul>\n<li><strong>Operativsystem<\/strong>: Android 6.0 eller senare<\/li>\n<li><strong>Funktioner tillg\u00e4ngliga<\/strong>: <strong>Antivirus, st\u00f6ldskydd, appl\u00e5s och webbskydd<\/strong><\/li>\n<\/ul>\n<h3><strong>Varf\u00f6r v\u00e4lja ESET Internet Security?<\/strong><\/h3>\n<p>\ud83d\udd39 <strong>Komplett skydd online<\/strong> - <strong>Skyddar mot skadlig kod, n\u00e4tfiske och finansiella bedr\u00e4gerier<\/strong> i realtid.<br \/>\n\ud83d\udd39 <strong>Avancerad integritet och identitetss\u00e4kerhet<\/strong> - Block <strong>hackningsf\u00f6rs\u00f6k, webbkameraspioner och keyloggers<\/strong>.<br \/>\n\ud83d\udd39 <strong>Optimerad f\u00f6r hastighet och prestanda<\/strong> - <strong>K\u00f6rs tyst med minimal systemp\u00e5verkan<\/strong>.<br \/>\n\ud83d\udd39 <strong>Idealisk f\u00f6r hem- och f\u00f6retagsanv\u00e4ndare<\/strong> - S\u00e4kerst\u00e4ller <strong>s\u00e4kra transaktioner, s\u00e4ker surfning och f\u00f6r\u00e4ldrakontroll<\/strong>.<br \/>\n\ud83d\udd39 <strong>S\u00e4kerhet \u00f6ver plattformsgr\u00e4nserna<\/strong> - <strong>Skyddar Windows-, Mac- och Android-enheter<\/strong> i ett abonnemang.<\/p>\n<p>Uppgradera till <strong>ESET Internet-s\u00e4kerhet<\/strong> idag f\u00f6r <strong>avancerad cybers\u00e4kerhet, integritetsskydd och optimerad prestanda<\/strong>! \ud83d\ude80\ud83d\udee1\ufe0f\ud83d\udd12<\/p>","protected":false},"excerpt":{"rendered":"<p>ESET Internet Security \u2013 Advanced Protection for Online Safety &amp; Privacy Description ESET Internet Security is a comprehensive security suite designed for Windows, macOS, and Android users who need enhanced protection against viruses, ransomware, phishing, and online threats. It provides real-time protection, firewall security, anti-phishing tools, and webcam protection, ensuring a safe, private, and optimized [&hellip;]<\/p>","protected":false},"featured_media":1016,"comment_status":"open","ping_status":"closed","template":"","meta":{"_gspb_post_css":""},"product_brand":[],"product_cat":[76],"product_tag":[78],"class_list":{"0":"post-980","1":"product","2":"type-product","3":"status-publish","4":"has-post-thumbnail","6":"product_cat-antivirus","7":"product_tag-eset","9":"first","10":"instock","11":"shipping-taxable","12":"product-type-external"},"_links":{"self":[{"href":"https:\/\/keysdock.tajnaveza.net\/sv\/wp-json\/wp\/v2\/product\/980","targetHints":{"allow":["GET"]}}],"collection":[{"href":"https:\/\/keysdock.tajnaveza.net\/sv\/wp-json\/wp\/v2\/product"}],"about":[{"href":"https:\/\/keysdock.tajnaveza.net\/sv\/wp-json\/wp\/v2\/types\/product"}],"replies":[{"embeddable":true,"href":"https:\/\/keysdock.tajnaveza.net\/sv\/wp-json\/wp\/v2\/comments?post=980"}],"wp:featuredmedia":[{"embeddable":true,"href":"https:\/\/keysdock.tajnaveza.net\/sv\/wp-json\/wp\/v2\/media\/1016"}],"wp:attachment":[{"href":"https:\/\/keysdock.tajnaveza.net\/sv\/wp-json\/wp\/v2\/media?parent=980"}],"wp:term":[{"taxonomy":"product_brand","embeddable":true,"href":"https:\/\/keysdock.tajnaveza.net\/sv\/wp-json\/wp\/v2\/product_brand?post=980"},{"taxonomy":"product_cat","embeddable":true,"href":"https:\/\/keysdock.tajnaveza.net\/sv\/wp-json\/wp\/v2\/product_cat?post=980"},{"taxonomy":"product_tag","embeddable":true,"href":"https:\/\/keysdock.tajnaveza.net\/sv\/wp-json\/wp\/v2\/product_tag?post=980"}],"curies":[{"name":"wp","href":"https:\/\/api.w.org\/{rel}","templated":true}]}}