{"id":981,"date":"2025-03-15T21:07:44","date_gmt":"2025-03-15T21:07:44","guid":{"rendered":"https:\/\/keysdock.com\/?post_type=product&#038;p=981"},"modified":"2025-10-19T07:34:27","modified_gmt":"2025-10-19T07:34:27","slug":"eset-smart-security-premium-2025-1-enhet-1-ar-licensnyckel","status":"publish","type":"product","link":"https:\/\/keysdock.tajnaveza.net\/sv\/produkt\/eset-smart-security-premium-2025-1-enhet-1-ar-licensnyckel\/","title":{"rendered":"Eset Smart Security Premium 2025 |1 enhet - 1 \u00e5r| \n Key Nyckel License"},"content":{"rendered":"<p><strong>K\u00f6p ESET Smart Security Premium 2025 licensnyckel f\u00f6r 1 enhet (1 \u00e5r) till b\u00e4sta pris. Avancerat skydd.<\/strong><\/p>\n<h3><strong>Beskrivning<\/strong><\/h3>\n<p>ESET Smart Security Premium \u00e4r en <strong>avancerad s\u00e4kerhetssvit i flera lager<\/strong> utformad f\u00f6r att erbjuda <strong>fullst\u00e4ndigt skydd, integritet och prestandaoptimering<\/strong> f\u00f6r <strong>Windows-, macOS- och Android-enheter<\/strong>. Den kombinerar <strong>antivirusf\u00f6rsvar i realtid, avancerad brandv\u00e4gg, st\u00f6ldskyddsfunktioner och l\u00f6senordshantering<\/strong>och s\u00e4kerst\u00e4lla att din <strong>data, identitet och online-aktiviteter f\u00f6rblir s\u00e4kra fr\u00e5n cyberhot<\/strong>.<\/p>\n<p>Med <strong>AI-driven hotdetektering, banks\u00e4kerhet och anti-ransomware-skydd<\/strong>ESET Smart Security Premium \u00e4r perfekt f\u00f6r <strong>hemanv\u00e4ndare, professionella anv\u00e4ndare och f\u00f6retag<\/strong> letar efter <strong>den b\u00e4sta cybers\u00e4kerheten utan att kompromissa med systemets prestanda<\/strong>.<\/p>\n<h3><strong>Viktiga funktioner<\/strong><\/h3>\n<p>\u2705 <strong>Antivirus- och malwareskydd i realtid<\/strong> - Uppt\u00e4cker och avl\u00e4gsnar <strong>virus, spionprogram, utpressningsprogram och rootkits<\/strong> innan de kan infektera ditt system.<br \/>\n\u2705 <strong>Sk\u00f6ld f\u00f6r avancerad ransomware<\/strong> - F\u00f6rhindrar <strong>obeh\u00f6rig kryptering av personliga filer<\/strong> och stoppar ransomware-attacker.<br \/>\n\u2705 <strong>Brandv\u00e4gg &amp; n\u00e4tverksskydd<\/strong> - Block <strong>intr\u00e5ng, hackningsf\u00f6rs\u00f6k och obeh\u00f6rig \u00e5tkomst<\/strong> till din enhet och ditt hemn\u00e4tverk.<br \/>\n\u2705 <strong>Skydd f\u00f6r webbkamera och mikrofon<\/strong> - F\u00f6rhindrar <strong>Spionagef\u00f6rs\u00f6k p\u00e5 din kamera och mikrofon<\/strong> f\u00f6r att skydda den personliga integriteten.<br \/>\n\u2705 <strong>S\u00e4ker internetbank och betalningsskydd<\/strong> - Krypterar <strong>finansiella transaktioner<\/strong> och s\u00e4kerst\u00e4ller <strong>s\u00e4ker internetbank<\/strong>.<br \/>\n\u2705 <strong>AI-driven antiphishing och webbskydd<\/strong> - Uppt\u00e4cker och blockerar <strong>falska webbplatser, n\u00e4tfiskebedr\u00e4gerier och bedr\u00e4gliga l\u00e4nkar<\/strong>.<br \/>\n\u2705 <strong>Wi-Fi-s\u00e4kerhetsskanner<\/strong> - Skannar <strong>Wi-Fi-n\u00e4tverk i hemmet och offentliga n\u00e4tverk<\/strong> f\u00f6r s\u00e4kerhetsproblem.<br \/>\n\u2705 <strong>L\u00f6senordshanterare<\/strong> - S\u00e4kert <strong>lagrar och fyller automatiskt i l\u00f6senord<\/strong> f\u00f6r \u00f6kad s\u00e4kerhet och bekv\u00e4mlighet.<br \/>\n\u2705 <strong>F\u00f6r\u00e4ldrakontroll<\/strong> - Ger dig m\u00f6jlighet att <strong>blockera ol\u00e4mpligt inneh\u00e5ll och s\u00e4tta tidsgr\u00e4nser f\u00f6r barn<\/strong>.<br \/>\n\u2705 <strong>Gamer-l\u00e4ge och tyst k\u00f6rning<\/strong> - Minimerar aviseringar och bakgrundss\u00f6kningar f\u00f6r <strong>oavbrutet spelande eller streaming<\/strong>.<br \/>\n\u2705 <strong>Blockering av exploateringsverktyg<\/strong> - Skyddar mot <strong>s\u00e5rbarheter i webbl\u00e4sare och programvara<\/strong> som hackare utnyttjar.<br \/>\n\u2705 <strong>Skydd f\u00f6r USB-enheter och externa enheter<\/strong> - Skannar <strong>USB-enheter och extern lagring<\/strong> f\u00f6r att f\u00f6rhindra infektioner av skadlig kod.<br \/>\n\u2705 <strong>St\u00f6ldskyddsfunktioner<\/strong> - Sp\u00e5r <strong>borttappade eller stulna enheter<\/strong>, vilket g\u00f6r att du kan <strong>fj\u00e4rrl\u00e5sa, lokalisera eller radera<\/strong> din enhet.<br \/>\n\u2705 <strong>Minimal systemp\u00e5verkan och snabb prestanda<\/strong> - <strong>Optimerad f\u00f6r snabbhet<\/strong> med <strong>l\u00e5g resursf\u00f6rbrukning<\/strong>.<\/p>\n<h3><strong>Minimala systemkrav<\/strong><\/h3>\n<h4><strong>Windows<\/strong><\/h4>\n<ul>\n<li><strong>Processor<\/strong>: 1 GHz eller snabbare<\/li>\n<li><strong>RAM<\/strong>: Minst 2 GB<\/li>\n<li><strong>F\u00f6rvaring<\/strong>: 1 GB tillg\u00e4ngligt diskutrymme<\/li>\n<li><strong>Operativsystem<\/strong>: Windows 11, Windows 10, Windows 8.1, Windows 8, Windows 7 (SP1)<\/li>\n<li><strong>Internetanslutning<\/strong>: Kr\u00e4vs f\u00f6r aktivering, uppdateringar och molnbaserad s\u00e4kerhet<\/li>\n<\/ul>\n<h4><strong>macOS<\/strong><\/h4>\n<ul>\n<li><strong>Processor<\/strong>: Intel-baserad Mac eller Apple Silicon (M1\/M2)<\/li>\n<li><strong>RAM<\/strong>: Minst 2 GB<\/li>\n<li><strong>F\u00f6rvaring<\/strong>: 1,5 GB tillg\u00e4ngligt diskutrymme<\/li>\n<li><strong>Operativsystem<\/strong>: macOS 10.12 (Sierra) eller senare<\/li>\n<\/ul>\n<h4><strong>Android<\/strong><\/h4>\n<ul>\n<li><strong>Operativsystem<\/strong>: Android 6.0 eller senare<\/li>\n<li><strong>Funktioner tillg\u00e4ngliga<\/strong>: <strong>Antivirus, st\u00f6ldskydd, appl\u00e5s och webbskydd<\/strong><\/li>\n<\/ul>\n<h3><strong>Varf\u00f6r v\u00e4lja ESET Smart Security Premium?<\/strong><\/h3>\n<p>\ud83d\udd39 <strong>Omfattande skydd mot cyberhot<\/strong> - F\u00f6rsvarar mot <strong>virus, utpressningstrojaner, n\u00e4tfiske och hackare<\/strong>.<br \/>\n\ud83d\udd39 <strong>Skydd av integritet och identitet<\/strong> - H\u00e5ller <strong>dina l\u00f6senord, webbkamera, mikrofon och onlinetransaktioner \u00e4r s\u00e4kra<\/strong>.<br \/>\n\ud83d\udd39 <strong>Optimerad f\u00f6r prestanda<\/strong> - <strong>K\u00f6rs tyst i bakgrunden med minimal systemp\u00e5verkan<\/strong>.<br \/>\n\ud83d\udd39 <strong>Idealisk f\u00f6r hemmabruk och professionell anv\u00e4ndning<\/strong> - Tillhandah\u00e5ller <strong>s\u00e4kra transaktioner, s\u00e4ker surfning och avancerade verktyg f\u00f6r st\u00f6ldskydd<\/strong>.<br \/>\n\ud83d\udd39 <strong>S\u00e4kerhet \u00f6ver plattformsgr\u00e4nserna<\/strong> - Skyddar <strong>Windows-, Mac- och Android-enheter<\/strong> i en enda prenumeration.<\/p>\n<p>Uppgradera till <strong>ESET Smart Security Premium<\/strong> idag f\u00f6r <strong>den b\u00e4sta kombinationen av cybers\u00e4kerhet, integritet och systemoptimering<\/strong>! \ud83d\ude80\ud83d\udee1\ufe0f\ud83d\udd12<\/p>","protected":false},"excerpt":{"rendered":"<p>ESET Smart Security Premium \u2013 Ultimate Protection for Your Digital Life Description ESET Smart Security Premium is an advanced, multi-layered security suite designed to offer complete protection, privacy, and performance optimization for Windows, macOS, and Android devices. It combines real-time antivirus defense, advanced firewall, anti-theft features, and password management, ensuring your data, identity, and online [&hellip;]<\/p>","protected":false},"featured_media":1017,"comment_status":"open","ping_status":"closed","template":"","meta":{"_gspb_post_css":""},"product_brand":[],"product_cat":[76],"product_tag":[78],"class_list":{"0":"post-981","1":"product","2":"type-product","3":"status-publish","4":"has-post-thumbnail","6":"product_cat-antivirus","7":"product_tag-eset","9":"first","10":"instock","11":"shipping-taxable","12":"product-type-external"},"_links":{"self":[{"href":"https:\/\/keysdock.tajnaveza.net\/sv\/wp-json\/wp\/v2\/product\/981","targetHints":{"allow":["GET"]}}],"collection":[{"href":"https:\/\/keysdock.tajnaveza.net\/sv\/wp-json\/wp\/v2\/product"}],"about":[{"href":"https:\/\/keysdock.tajnaveza.net\/sv\/wp-json\/wp\/v2\/types\/product"}],"replies":[{"embeddable":true,"href":"https:\/\/keysdock.tajnaveza.net\/sv\/wp-json\/wp\/v2\/comments?post=981"}],"wp:featuredmedia":[{"embeddable":true,"href":"https:\/\/keysdock.tajnaveza.net\/sv\/wp-json\/wp\/v2\/media\/1017"}],"wp:attachment":[{"href":"https:\/\/keysdock.tajnaveza.net\/sv\/wp-json\/wp\/v2\/media?parent=981"}],"wp:term":[{"taxonomy":"product_brand","embeddable":true,"href":"https:\/\/keysdock.tajnaveza.net\/sv\/wp-json\/wp\/v2\/product_brand?post=981"},{"taxonomy":"product_cat","embeddable":true,"href":"https:\/\/keysdock.tajnaveza.net\/sv\/wp-json\/wp\/v2\/product_cat?post=981"},{"taxonomy":"product_tag","embeddable":true,"href":"https:\/\/keysdock.tajnaveza.net\/sv\/wp-json\/wp\/v2\/product_tag?post=981"}],"curies":[{"name":"wp","href":"https:\/\/api.w.org\/{rel}","templated":true}]}}