{"id":983,"date":"2025-03-15T21:07:44","date_gmt":"2025-03-15T21:07:44","guid":{"rendered":"https:\/\/keysdock.com\/?post_type=product&#038;p=983"},"modified":"2025-10-19T07:33:52","modified_gmt":"2025-10-19T07:33:52","slug":"avast-ultimate-2025-1-enhet-1-ar-licensnyckel","status":"publish","type":"product","link":"https:\/\/keysdock.tajnaveza.net\/sv\/produkt\/avast-ultimate-2025-1-enhet-1-ar-licensnyckel\/","title":{"rendered":"Avast Ultimate 2025 |1 enhet - 1 \u00e5r| Key Nyckel License"},"content":{"rendered":"<p><strong>Avast Ultimate - Allt-i-ett-sviten f\u00f6r s\u00e4kerhet, prestanda och integritet<\/strong><\/p>\n<h3><strong>Beskrivning<\/strong><\/h3>\n<p>Avast Ultimate \u00e4r en <strong>premium allt-i-ett s\u00e4kerhetspaket<\/strong> som tillhandah\u00e5ller <strong>omfattande skydd, systemoptimering och integritetsverktyg<\/strong> f\u00f6r din <strong>Windows-, macOS-, Android- och iOS-enheter<\/strong>. Den inneh\u00e5ller <strong>Avast Premium Security, Avast Cleanup Premium, Avast SecureLine VPN och Avast AntiTrack<\/strong>, s\u00e4kerst\u00e4lla <strong>fullst\u00e4ndig s\u00e4kerhet online, b\u00e4ttre enhetsprestanda och f\u00f6rb\u00e4ttrad integritet<\/strong>.<\/p>\n<p>Med <strong>skydd i realtid mot skadlig kod, utpressningstrojaner, n\u00e4tfiskeattacker och cyberhot<\/strong>, tillsammans med <strong>Verktyg f\u00f6r VPN-kryptering och systemoptimering<\/strong>Avast Ultimate \u00e4r det perfekta paketet f\u00f6r <strong>anv\u00e4ndare som vill ha maximal s\u00e4kerhet, hastighet och integritet p\u00e5 n\u00e4tet<\/strong>.<\/p>\n<h3><strong>Inkluderade produkter<\/strong><\/h3>\n<ul>\n<li><strong>Avast Premium Security<\/strong> - Avancerad <strong>antivirus, brandv\u00e4gg, ransomware-skydd och webbs\u00e4kerhet<\/strong>.<\/li>\n<li><strong>Avast Cleanup Premium<\/strong> - Optimerar <strong>PC-prestanda, tar bort skr\u00e4pfiler och \u00f6kar hastigheten<\/strong>.<\/li>\n<li><strong>Avast SecureLine VPN<\/strong> - Krypterar internettrafik f\u00f6r <strong>privat och anonym surfning<\/strong>.<\/li>\n<li><strong>Avast AntiTrack<\/strong> - Block <strong>sp\u00e5rare p\u00e5 n\u00e4tet, hindrar annons\u00f6rer fr\u00e5n att profilera dig och f\u00f6rb\u00e4ttrar den digitala integriteten<\/strong>.<\/li>\n<\/ul>\n<h3><strong>Viktiga funktioner<\/strong><\/h3>\n<p>\u2705 <strong>Fullst\u00e4ndigt skydd mot antivirus och ransomware<\/strong> - Block <strong>virus, skadlig kod, spionprogram och n\u00e4tfiskehot<\/strong>.<br \/>\n\u2705 <strong>Avancerad brandv\u00e4gg och webbs\u00e4kerhet<\/strong> - <strong>Tv\u00e5v\u00e4gs brandv\u00e4gg, skydd mot n\u00e4tfiske och s\u00e4ker surfning<\/strong>.<br \/>\n\u2705 <strong>Borttagning av skr\u00e4p och bloatware<\/strong> - <strong>Rensar cache, duplicerade filer och o\u00f6nskade appar<\/strong> f\u00f6r att frig\u00f6ra diskutrymme.<br \/>\n\u2705 <strong>Automatiska programvaru- och drivrutinsuppdateringar<\/strong> - S\u00e4kerst\u00e4ller din <strong>PC:n f\u00f6rblir optimerad och s\u00e4ker<\/strong>.<br \/>\n\u2705 <strong>Skydd f\u00f6r webbkamera och mikrofon<\/strong> - F\u00f6rhindrar <strong>obeh\u00f6rig \u00e5tkomst till din webbkamera och mikrofon<\/strong>.<br \/>\n\u2705 <strong>S\u00e4ker VPN (obegr\u00e4nsad data)<\/strong> - <strong>Krypterar dina aktiviteter p\u00e5 n\u00e4tet<\/strong> f\u00f6r privat surfning och s\u00e4krare anslutningar.<br \/>\n\u2705 <strong>Skydd mot sp\u00e5rning<\/strong> - Block <strong>webbsp\u00e5rare och annonsn\u00e4tverk fr\u00e5n att \u00f6vervaka din aktivitet<\/strong>.<br \/>\n\u2705 <strong>Snabbare datorprestanda<\/strong> - <strong>Avaktiverar on\u00f6diga startprogram<\/strong> och optimerar systemresurserna.<br \/>\n\u2705 <strong>S\u00e4ker internetbank och shopping<\/strong> - Skyddar <strong>finansiella transaktioner och f\u00f6rhindrar bankbedr\u00e4gerier<\/strong>.<br \/>\n\u2705 <strong>F\u00f6r\u00e4ldrakontroll och st\u00f6ldskyddsfunktioner<\/strong> - S\u00e4kerst\u00e4ller <strong>familjes\u00e4kerhet och skyddar enheter fr\u00e5n st\u00f6ld<\/strong>.<\/p>\n<h3><strong>Minimala systemkrav<\/strong><\/h3>\n<h4><strong>Windows<\/strong><\/h4>\n<ul>\n<li><strong>Processor<\/strong>: 1 GHz eller snabbare<\/li>\n<li><strong>RAM<\/strong>: Minst 2 GB<\/li>\n<li><strong>F\u00f6rvaring<\/strong>: 2 GB tillg\u00e4ngligt diskutrymme<\/li>\n<li><strong>Operativsystem<\/strong>: Windows 11, Windows 10, Windows 8.1, Windows 8, Windows 7 (SP1)<\/li>\n<li><strong>Internetanslutning<\/strong>: Kr\u00e4vs f\u00f6r aktivering, uppdateringar och molnbaserad hotdetektering<\/li>\n<\/ul>\n<h4><strong>macOS<\/strong><\/h4>\n<ul>\n<li><strong>Processor<\/strong>: Intel-baserad Mac eller Apple Silicon (M1\/M2)<\/li>\n<li><strong>RAM<\/strong>: Minst 2 GB<\/li>\n<li><strong>F\u00f6rvaring<\/strong>: 1 GB tillg\u00e4ngligt diskutrymme<\/li>\n<li><strong>Operativsystem<\/strong>: macOS 10.10 (Yosemite) eller senare<\/li>\n<\/ul>\n<h4><strong>Android &amp; iOS<\/strong><\/h4>\n<ul>\n<li><strong>Operativsystem<\/strong>: Android 6.0 eller senare \/ iOS 12.0 eller senare<\/li>\n<li><strong>Funktioner tillg\u00e4ngliga<\/strong>: Antivirus, st\u00f6ldskydd, VPN och webbskydd<\/li>\n<\/ul>\n<h3><strong>Varf\u00f6r v\u00e4lja Avast Ultimate?<\/strong><\/h3>\n<p>\ud83d\udd39 <strong>Fullst\u00e4ndigt skydd f\u00f6r alla enheter<\/strong> - A <strong>en enda prenumeration t\u00e4cker Windows, Mac, Android och iOS<\/strong>.<br \/>\n\ud83d\udd39 <strong>All-in-One Security &amp; Performance Suite<\/strong> - Kombinationer <strong>verktyg f\u00f6r antivirus, optimering, VPN och sekretess<\/strong>.<br \/>\n\ud83d\udd39 <strong>Obegr\u00e4nsat s\u00e4kert VPN<\/strong> - <strong>Bl\u00e4ddra anonymt<\/strong> och <strong>skydda k\u00e4nslig information<\/strong> med <strong>kryptering av milit\u00e4r kvalitet<\/strong>.<br \/>\n\ud83d\udd39 <strong>Snabbare, renare och s\u00e4krare dator<\/strong> - F\u00f6rst\u00e4rkningar <strong>prestanda, tar bort skr\u00e4p och \u00e5tg\u00e4rdar systemproblem<\/strong>.<br \/>\n\ud83d\udd39 <strong>Maximalt integritetsskydd<\/strong> - Block <strong>sp\u00e5rare, annonser och cyberbrottslingar fr\u00e5n att samla in personuppgifter<\/strong>.<\/p>\n<p>Uppgradera till <strong>Avast Ultimate<\/strong> idag och njut av <strong>den h\u00f6gsta niv\u00e5n av s\u00e4kerhet, integritet och prestanda f\u00f6r alla dina enheter<\/strong>! \ud83d\ude80\ud83d\udee1\ufe0f\ud83d\udd12<\/p>","protected":false},"excerpt":{"rendered":"<p>Avast Ultimate \u2013 The All-in-One Security, Performance &amp; Privacy Suite Description Avast Ultimate is a premium all-in-one security suite that provides comprehensive protection, system optimization, and privacy tools for your Windows, macOS, Android, and iOS devices. It includes Avast Premium Security, Avast Cleanup Premium, Avast SecureLine VPN, and Avast AntiTrack, ensuring complete online safety, better [&hellip;]<\/p>","protected":false},"featured_media":1019,"comment_status":"open","ping_status":"closed","template":"","meta":{"_gspb_post_css":""},"product_brand":[],"product_cat":[76],"product_tag":[79],"class_list":{"0":"post-983","1":"product","2":"type-product","3":"status-publish","4":"has-post-thumbnail","6":"product_cat-antivirus","7":"product_tag-avast","9":"first","10":"instock","11":"shipping-taxable","12":"product-type-external"},"_links":{"self":[{"href":"https:\/\/keysdock.tajnaveza.net\/sv\/wp-json\/wp\/v2\/product\/983","targetHints":{"allow":["GET"]}}],"collection":[{"href":"https:\/\/keysdock.tajnaveza.net\/sv\/wp-json\/wp\/v2\/product"}],"about":[{"href":"https:\/\/keysdock.tajnaveza.net\/sv\/wp-json\/wp\/v2\/types\/product"}],"replies":[{"embeddable":true,"href":"https:\/\/keysdock.tajnaveza.net\/sv\/wp-json\/wp\/v2\/comments?post=983"}],"wp:featuredmedia":[{"embeddable":true,"href":"https:\/\/keysdock.tajnaveza.net\/sv\/wp-json\/wp\/v2\/media\/1019"}],"wp:attachment":[{"href":"https:\/\/keysdock.tajnaveza.net\/sv\/wp-json\/wp\/v2\/media?parent=983"}],"wp:term":[{"taxonomy":"product_brand","embeddable":true,"href":"https:\/\/keysdock.tajnaveza.net\/sv\/wp-json\/wp\/v2\/product_brand?post=983"},{"taxonomy":"product_cat","embeddable":true,"href":"https:\/\/keysdock.tajnaveza.net\/sv\/wp-json\/wp\/v2\/product_cat?post=983"},{"taxonomy":"product_tag","embeddable":true,"href":"https:\/\/keysdock.tajnaveza.net\/sv\/wp-json\/wp\/v2\/product_tag?post=983"}],"curies":[{"name":"wp","href":"https:\/\/api.w.org\/{rel}","templated":true}]}}