{"id":995,"date":"2025-03-15T21:08:06","date_gmt":"2025-03-15T21:08:06","guid":{"rendered":"https:\/\/keysdock.com\/?post_type=product&#038;p=995"},"modified":"2025-10-19T07:36:20","modified_gmt":"2025-10-19T07:36:20","slug":"avast-driver-updater-2025-1-enhet-1-ar-licensnyckel","status":"publish","type":"product","link":"https:\/\/keysdock.tajnaveza.net\/sv\/produkt\/avast-driver-updater-2025-1-enhet-1-ar-licensnyckel\/","title":{"rendered":"Avast Driver Updater 2025 |1 enhet - 1 \u00e5r| Key Nyckel License"},"content":{"rendered":"<p><strong>K\u00f6p Avast Driver Updater 2025 licensnyckel f\u00f6r 1 enhet (1 \u00e5r) till b\u00e4sta pris. Uppdatera drivrutiner enkelt.<\/strong><\/p>\n<h3><strong>Beskrivning<\/strong><\/h3>\n<p>Avast Driver Updater \u00e4r ett <strong>verktyg f\u00f6r automatiserad f\u00f6rarhantering<\/strong> som s\u00e4kerst\u00e4ller att din <strong>PC:ns h\u00e5rdvarukomponenter och kringutrustning<\/strong> \u00e4r alltid ig\u00e5ng med <strong>senaste och mest stabila drivrutiner<\/strong>. Den <strong>skannar, uppdaterar och \u00e5tg\u00e4rdar f\u00f6r\u00e5ldrade, trasiga eller saknade drivrutiner<\/strong>, f\u00f6rb\u00e4ttra systemet <strong>prestanda, stabilitet och s\u00e4kerhet<\/strong>.<\/p>\n<p>Med en <strong>stor databas med f\u00f6rare<\/strong> och <strong>uppdateringar i realtid<\/strong>hj\u00e4lper Avast Driver Updater till att f\u00f6rhindra <strong>h\u00e5rdvarukonflikter, systemkrascher, eftersl\u00e4pande prestanda och kompatibilitetsproblem<\/strong>. Oavsett om du \u00e4r en spelare, professionell eller tillf\u00e4llig anv\u00e4ndare, s\u00e4kerst\u00e4ller detta verktyg <strong>optimal systemeffektivitet<\/strong>.<\/p>\n<h3><strong>Viktiga funktioner<\/strong><\/h3>\n<p>\u2705 <strong>Automatisk drivrutinsskanning och uppdateringar<\/strong> - Identifierar och uppdaterar <strong>\u00f6ver 25 miljoner f\u00f6rare<\/strong> f\u00f6r <strong>grafik, ljud, n\u00e4tverk och kringutrustning<\/strong>.<br \/>\n\u2705 <strong>Minskar antalet krascher och systemfel<\/strong> - H\u00e5ller drivrutinerna uppdaterade, <strong>\u00e5tg\u00e4rda problem som orsakar systemnedg\u00e5ngar, BSOD:er och instabilitet<\/strong>.<br \/>\n\u2705 <strong>F\u00f6rb\u00e4ttrar grafik- och spelprestanda<\/strong> - Uppdateringar <strong>GPU-drivrutiner<\/strong> f\u00f6r <strong>b\u00e4ttre FPS, smidigare rendering och optimerad prestanda<\/strong>.<br \/>\n\u2705 <strong>F\u00f6rb\u00e4ttrar ljud- och ljudkvalitet<\/strong> - S\u00e4kerst\u00e4ller <strong>klarare ljud, f\u00e4rre ljudavbrott och minskad distorsion<\/strong>.<br \/>\n\u2705 <strong>\u00d6kar stabiliteten i n\u00e4tverk och anslutningar<\/strong> - Korrigeringar <strong>Problem med drivrutiner f\u00f6r Wi-Fi, Bluetooth och Ethernet<\/strong> f\u00f6r en mer <strong>stabil internetuppkoppling<\/strong>.<br \/>\n\u2705 <strong>Uppdatering med ett klick<\/strong> - Uppdaterar alla drivrutiner med en <strong>ett enda klick<\/strong> f\u00f6r enkelhetens skull.<br \/>\n\u2705 <strong>S\u00e4kerhetskopiera och \u00e5terst\u00e4ll drivrutiner<\/strong> - Skapar automatiskt <strong>\u00c5terst\u00e4llningspunkter<\/strong> innan uppdateringar, vilket g\u00f6r att du kan <strong>rulla tillbaka<\/strong> om det beh\u00f6vs.<br \/>\n\u2705 <strong>F\u00f6rar\u00f6vervakning i realtid<\/strong> - Uppt\u00e4cker <strong>f\u00f6r\u00e5ldrade drivrutiner i realtid<\/strong> och varnar dig f\u00f6r uppdateringar.<br \/>\n\u2705 <strong>S\u00e4kra och WHQL-certifierade drivrutiner<\/strong> - <strong>S\u00e4kerst\u00e4ller att endast betrodda f\u00f6rare<\/strong> installeras f\u00f6r att f\u00f6rhindra kompatibilitetsproblem.<br \/>\n\u2705 <strong>Optimerad f\u00f6r Windows-prestanda<\/strong> - F\u00f6rhindrar <strong>systemnedg\u00e5ngar, frysningar och drivrutinsrelaterade fel<\/strong>.<\/p>\n<h3><strong>Minimala systemkrav<\/strong><\/h3>\n<ul>\n<li><strong>Processor<\/strong>: 1 GHz eller snabbare<\/li>\n<li><strong>RAM<\/strong>: Minst 256 MB<\/li>\n<li><strong>F\u00f6rvaring<\/strong>: 400 MB ledigt diskutrymme<\/li>\n<li><strong>Operativsystem<\/strong>: Windows 11, Windows 10, Windows 8.1, Windows 8, Windows 7 (SP1)<\/li>\n<li><strong>Internetanslutning<\/strong>: Kr\u00e4vs f\u00f6r drivrutinsuppdateringar och skanningar<\/li>\n<\/ul>\n<h3><strong>Varf\u00f6r v\u00e4lja Avast Driver Updater?<\/strong><\/h3>\n<p>\ud83d\udd39 <strong>Automatiserat underh\u00e5ll av f\u00f6rare<\/strong> - <strong>Skannar, uppdaterar och \u00e5tg\u00e4rdar drivrutiner utan anstr\u00e4ngning<\/strong>.<br \/>\n\ud83d\udd39 <strong>F\u00f6rb\u00e4ttrar prestanda och stabilitet<\/strong> - F\u00f6rhindrar <strong>PC-krascher, nedg\u00e5ngar och fel p\u00e5 h\u00e5rdvaran<\/strong>.<br \/>\n\ud83d\udd39 <strong>B\u00e4ttre spel och grafik<\/strong> - Uppdateringar <strong>GPU-drivrutiner<\/strong> f\u00f6r <strong>smidigare spelupplevelse och h\u00f6g visuell kvalitet<\/strong>.<br \/>\n\ud83d\udd39 <strong>Uppdateringar och \u00e5terkallelser med ett klick<\/strong> - L\u00e4tt och enkelt <strong>\u00e5terst\u00e4lla tidigare versioner<\/strong> om det beh\u00f6vs.<br \/>\n\ud83d\udd39 <strong>S\u00e4kra och verifierade f\u00f6rare<\/strong> - Endast nedladdningar <strong>officiella, WHQL-certifierade drivrutiner<\/strong>.<\/p>\n<p>Uppgradera till <strong>Avast Driver Updater<\/strong> idag och <strong>f\u00e5 en snabbare, stabilare och mer v\u00e4lfungerande dator<\/strong>! \ud83d\ude80\ud83d\udd27\ud83d\udcbb<\/p>","protected":false},"excerpt":{"rendered":"<p>Avast Driver Updater \u2013 Keep Your PC Running Smoothly with Updated Drivers Description Avast Driver Updater is an automated driver management tool that ensures your PC&#8217;s hardware components and peripherals are always running with the latest and most stable drivers. It scans, updates, and fixes outdated, broken, or missing drivers, enhancing system performance, stability, and [&hellip;]<\/p>","protected":false},"featured_media":1021,"comment_status":"open","ping_status":"closed","template":"","meta":{"_gspb_post_css":""},"product_brand":[],"product_cat":[76],"product_tag":[79],"class_list":{"0":"post-995","1":"product","2":"type-product","3":"status-publish","4":"has-post-thumbnail","6":"product_cat-antivirus","7":"product_tag-avast","9":"first","10":"instock","11":"shipping-taxable","12":"product-type-external"},"_links":{"self":[{"href":"https:\/\/keysdock.tajnaveza.net\/sv\/wp-json\/wp\/v2\/product\/995","targetHints":{"allow":["GET"]}}],"collection":[{"href":"https:\/\/keysdock.tajnaveza.net\/sv\/wp-json\/wp\/v2\/product"}],"about":[{"href":"https:\/\/keysdock.tajnaveza.net\/sv\/wp-json\/wp\/v2\/types\/product"}],"replies":[{"embeddable":true,"href":"https:\/\/keysdock.tajnaveza.net\/sv\/wp-json\/wp\/v2\/comments?post=995"}],"wp:featuredmedia":[{"embeddable":true,"href":"https:\/\/keysdock.tajnaveza.net\/sv\/wp-json\/wp\/v2\/media\/1021"}],"wp:attachment":[{"href":"https:\/\/keysdock.tajnaveza.net\/sv\/wp-json\/wp\/v2\/media?parent=995"}],"wp:term":[{"taxonomy":"product_brand","embeddable":true,"href":"https:\/\/keysdock.tajnaveza.net\/sv\/wp-json\/wp\/v2\/product_brand?post=995"},{"taxonomy":"product_cat","embeddable":true,"href":"https:\/\/keysdock.tajnaveza.net\/sv\/wp-json\/wp\/v2\/product_cat?post=995"},{"taxonomy":"product_tag","embeddable":true,"href":"https:\/\/keysdock.tajnaveza.net\/sv\/wp-json\/wp\/v2\/product_tag?post=995"}],"curies":[{"name":"wp","href":"https:\/\/api.w.org\/{rel}","templated":true}]}}