{"id":997,"date":"2025-03-15T21:08:06","date_gmt":"2025-03-15T21:08:06","guid":{"rendered":"https:\/\/keysdock.com\/?post_type=product&#038;p=997"},"modified":"2025-10-19T07:35:54","modified_gmt":"2025-10-19T07:35:54","slug":"bitdefender-total-security-2025-5-enheter-1-ar-licensnyckel","status":"publish","type":"product","link":"https:\/\/keysdock.tajnaveza.net\/sv\/produkt\/bitdefender-total-security-2025-5-enheter-1-ar-licensnyckel\/","title":{"rendered":"BitDefender Total Security 2025 |5 enheter - 1 \u00e5r| Key Nyckel License"},"content":{"rendered":"<p><strong>K\u00f6p BitDefender Total Security 2025 licensnyckel f\u00f6r 5 enheter (1 \u00e5r) till b\u00e4sta pris. Komplett skydd.<\/strong><\/p>\n<h3><strong>Beskrivning<\/strong><\/h3>\n<p>Bitdefender Total Security \u00e4r en <strong>avancerad, flerskiktad cybers\u00e4kerhetsl\u00f6sning<\/strong> utformad f\u00f6r att <strong>skydda dina enheter fr\u00e5n virus, skadlig kod, utpressningstrojaner, n\u00e4tfiske och hot p\u00e5 n\u00e4tet<\/strong>. Med <strong>st\u00f6d f\u00f6r flera plattformar<\/strong>, det s\u00e4krar <strong>Windows, macOS, Android och iOS<\/strong> enheter, s\u00e4kerst\u00e4lla <strong>fullst\u00e4ndig integritet, identitetsskydd och prestandaoptimering<\/strong>.<\/p>\n<p>Utrustad med <strong>AI-driven hotdetektering, s\u00e4kerhet i realtid och ett inbyggt VPN<\/strong>, Bitdefender Total Security levererar <strong>Cybers\u00e4kerhet p\u00e5 n\u00e4sta niv\u00e5 utan att kompromissa med hastighet eller anv\u00e4ndbarhet<\/strong>.<\/p>\n<h3><strong>Viktiga funktioner<\/strong><\/h3>\n<p>\u2705 <strong>Flerskiktat skydd<\/strong> - AI-drivna detekteringsblock <strong>skadlig kod, utpressningsprogram, spionprogram och rootkits<\/strong> innan de kan infektera din enhet.<br \/>\n\u2705 <strong>S\u00e4kerhet \u00f6ver plattformsgr\u00e4nserna<\/strong> - Arbetar p\u00e5 <strong>Windows, macOS, Android och iOS<\/strong>och erbjuder ett komplett skydd f\u00f6r alla enheter.<br \/>\n\u2705 <strong>Avancerat skydd mot utpressningstrojaner<\/strong> - F\u00f6rhindrar <strong>obeh\u00f6rig kryptering av filer<\/strong> med beteende\u00f6vervakning i realtid.<br \/>\n\u2705 <strong>Webbskydd &amp; Anti-Phishing<\/strong> - Block <strong>farliga webbplatser, bedr\u00e4gerier och bedr\u00e4gliga banksidor<\/strong>.<br \/>\n\u2705 <strong>Inbyggt VPN (200 MB\/dag)<\/strong> - <strong>Krypterar internettrafik<\/strong> f\u00f6r anonym och s\u00e4ker surfning.<br \/>\n\u2705 <strong>F\u00f6r\u00e4ldrakontroll<\/strong> - \u00d6vervaka och begr\u00e4nsa sk\u00e4rmtiden, sp\u00e5ra ditt barns aktiviteter p\u00e5 n\u00e4tet och filtrera ol\u00e4mpligt inneh\u00e5ll.<br \/>\n\u2705 <strong>St\u00f6ldskydd och sp\u00e5rning av enheter<\/strong> - Lokalisera, l\u00e5sa eller fj\u00e4rradera borttappade eller stulna enheter.<br \/>\n\u2705 <strong>Brandv\u00e4gg &amp; n\u00e4tverksskydd<\/strong> - F\u00f6rhindrar obeh\u00f6rig \u00e5tkomst till ditt system och s\u00e4krar offentliga Wi-Fi-anslutningar.<br \/>\n\u2705 <strong>Skydd f\u00f6r webbkamera och mikrofon<\/strong> - Block <strong>obeh\u00f6rig \u00e5tkomst<\/strong> till din kamera och mikrofon f\u00f6r att skydda din integritet.<br \/>\n\u2705 <strong>Autopilot-l\u00e4ge<\/strong> - AI-driven <strong>automatisk uppt\u00e4ckt och l\u00f6sning av hot<\/strong> utan att anv\u00e4ndaren beh\u00f6ver ingripa.<br \/>\n\u2705 <strong>Minimal systemp\u00e5verkan<\/strong> - Optimerad f\u00f6r hastighet och prestanda, vilket s\u00e4kerst\u00e4ller smidig anv\u00e4ndning av enheten.<br \/>\n\u2705 <strong>L\u00f6senordshanterare<\/strong> - Lagra och autofyll autentiseringsuppgifter f\u00f6r onlinekonton p\u00e5 ett s\u00e4kert s\u00e4tt.<\/p>\n<h3><strong>Minimala systemkrav<\/strong><\/h3>\n<h4><strong>Windows<\/strong><\/h4>\n<ul>\n<li><strong>Processor<\/strong>: Dubbelk\u00e4rnig 1,6 GHz eller snabbare<\/li>\n<li><strong>RAM<\/strong>: Minst 2 GB<\/li>\n<li><strong>F\u00f6rvaring<\/strong>: 2,5 GB ledigt diskutrymme<\/li>\n<li><strong>Operativsystem<\/strong>: Windows 11, Windows 10, Windows 8.1, Windows 7 (SP1)<\/li>\n<li><strong>Internetanslutning<\/strong>: Kr\u00e4vs f\u00f6r aktivering och uppdateringar<\/li>\n<\/ul>\n<h4><strong>macOS<\/strong><\/h4>\n<ul>\n<li><strong>Processor<\/strong>: Intel-baserad Mac eller Apple Silicon (M1\/M2)<\/li>\n<li><strong>RAM<\/strong>: Minst 2 GB<\/li>\n<li><strong>F\u00f6rvaring<\/strong>: 1 GB tillg\u00e4ngligt diskutrymme<\/li>\n<li><strong>Operativsystem<\/strong>: macOS 10.10 (Yosemite) eller senare<\/li>\n<\/ul>\n<h4><strong>Android<\/strong><\/h4>\n<ul>\n<li><strong>Operativsystem<\/strong>: Android 5.0 eller senare<\/li>\n<li><strong>Internetanslutning<\/strong>: Kr\u00e4vs f\u00f6r aktivering och realtidsskydd<\/li>\n<\/ul>\n<h4><strong>iOS (begr\u00e4nsade funktioner)<\/strong><\/h4>\n<ul>\n<li><strong>Operativsystem<\/strong>: iOS 12.0 eller senare<\/li>\n<li><strong>Funktioner tillg\u00e4ngliga<\/strong>: Webbskydd, st\u00f6ldskydd, VPN och \u00f6vervakning av kontos\u00e4kerhet<\/li>\n<\/ul>\n<h3><strong>Varf\u00f6r v\u00e4lja Bitdefender Total Security?<\/strong><\/h3>\n<p>\ud83d\udd39 <strong>Allt-i-ett-skydd<\/strong> - S\u00e4ker <strong>PC, Mac, smartphones och surfplattor<\/strong> med ett abonnemang.<br \/>\n\ud83d\udd39 <strong>AI-baserad s\u00e4kerhet<\/strong> - Skydd i realtid med <strong>uppt\u00e4ckt av beteendem\u00e4ssiga hot<\/strong>.<br \/>\n\ud83d\udd39 <strong>Integritet och s\u00e4kerhet p\u00e5 n\u00e4tet<\/strong> - <strong>Skydd f\u00f6r VPN, webbkamera och mikrofon<\/strong> f\u00f6r fullst\u00e4ndig integritet.<br \/>\n\ud83d\udd39 <strong>F\u00f6r\u00e4ldrakontroll och st\u00f6ldskydd<\/strong> - H\u00e5ll dina barn och enheter <strong>s\u00e4ker fr\u00e5n faror p\u00e5 n\u00e4tet<\/strong>.<br \/>\n\ud83d\udd39 <strong>Minimal systemp\u00e5verkan<\/strong> - <strong>Optimerad f\u00f6r snabbhet<\/strong> utan att sakta ner dina enheter.<\/p>\n<p>Uppgradera till <strong>Bitdefender Total s\u00e4kerhet<\/strong> idag f\u00f6r <strong>fullst\u00e4ndigt digitalt skydd och integritet p\u00e5 alla dina enheter<\/strong>! \ud83d\ude80\ud83d\udee1\ufe0f\ud83d\udd12<\/p>","protected":false},"excerpt":{"rendered":"<p>Bitdefender Total Security \u2013 All-in-One Protection for Your Digital Life Description Bitdefender Total Security is an advanced, multi-layered cybersecurity solution designed to protect your devices from viruses, malware, ransomware, phishing, and online threats. With cross-platform support, it secures Windows, macOS, Android, and iOS devices, ensuring complete privacy, identity protection, and performance optimization. Equipped with AI-powered [&hellip;]<\/p>","protected":false},"featured_media":1023,"comment_status":"open","ping_status":"closed","template":"","meta":{"_gspb_post_css":""},"product_brand":[],"product_cat":[76],"product_tag":[80],"class_list":{"0":"post-997","1":"product","2":"type-product","3":"status-publish","4":"has-post-thumbnail","6":"product_cat-antivirus","7":"product_tag-bitdefender","9":"first","10":"instock","11":"shipping-taxable","12":"product-type-external"},"_links":{"self":[{"href":"https:\/\/keysdock.tajnaveza.net\/sv\/wp-json\/wp\/v2\/product\/997","targetHints":{"allow":["GET"]}}],"collection":[{"href":"https:\/\/keysdock.tajnaveza.net\/sv\/wp-json\/wp\/v2\/product"}],"about":[{"href":"https:\/\/keysdock.tajnaveza.net\/sv\/wp-json\/wp\/v2\/types\/product"}],"replies":[{"embeddable":true,"href":"https:\/\/keysdock.tajnaveza.net\/sv\/wp-json\/wp\/v2\/comments?post=997"}],"wp:featuredmedia":[{"embeddable":true,"href":"https:\/\/keysdock.tajnaveza.net\/sv\/wp-json\/wp\/v2\/media\/1023"}],"wp:attachment":[{"href":"https:\/\/keysdock.tajnaveza.net\/sv\/wp-json\/wp\/v2\/media?parent=997"}],"wp:term":[{"taxonomy":"product_brand","embeddable":true,"href":"https:\/\/keysdock.tajnaveza.net\/sv\/wp-json\/wp\/v2\/product_brand?post=997"},{"taxonomy":"product_cat","embeddable":true,"href":"https:\/\/keysdock.tajnaveza.net\/sv\/wp-json\/wp\/v2\/product_cat?post=997"},{"taxonomy":"product_tag","embeddable":true,"href":"https:\/\/keysdock.tajnaveza.net\/sv\/wp-json\/wp\/v2\/product_tag?post=997"}],"curies":[{"name":"wp","href":"https:\/\/api.w.org\/{rel}","templated":true}]}}