{"id":998,"date":"2025-03-15T21:08:06","date_gmt":"2025-03-15T21:08:06","guid":{"rendered":"https:\/\/keysdock.com\/?post_type=product&#038;p=998"},"modified":"2026-02-16T05:49:37","modified_gmt":"2026-02-16T05:49:37","slug":"bitdefender-antivirus-plus-2025-1-enhet-1-ar-licensnyckel","status":"publish","type":"product","link":"https:\/\/keysdock.tajnaveza.net\/sv\/produkt\/bitdefender-antivirus-plus-2025-1-enhet-1-ar-licensnyckel\/","title":{"rendered":"BitDefender Antivirus Plus 2025 |1 enhet - 1 \u00e5r| Key Nyckel License"},"content":{"rendered":"<p><strong>K\u00f6p BitDefender Antivirus Plus 2025 licensnyckel f\u00f6r 1 enhet (1 \u00e5r) till b\u00e4sta pris. Grundl\u00e4ggande skydd.<\/strong><\/p>\n<h3><strong>Beskrivning<\/strong><\/h3>\n<p>Bitdefender Antivirus Plus \u00e4r ett <strong>l\u00e4ttviktig, kraftfull och AI-driven s\u00e4kerhetsl\u00f6sning<\/strong> utformad f\u00f6r <strong>Windows-anv\u00e4ndare<\/strong> som beh\u00f6ver <strong>skydd i realtid mot virus, skadlig kod, ransomware, n\u00e4tfiske och hot p\u00e5 n\u00e4tet<\/strong>. Den erbjuder <strong>avancerade cybers\u00e4kerhetsfunktioner<\/strong>, inklusive <strong>skydd mot utpressningstrojaner i flera lager, ett s\u00e4kert VPN och verktyg mot n\u00e4tfiske<\/strong>och samtidigt s\u00e4kerst\u00e4lla <strong>minimal p\u00e5verkan p\u00e5 systemets prestanda<\/strong>.<\/p>\n<p>Med <strong>automatisk hotdetektering och f\u00f6rb\u00e4ttrad webbs\u00e4kerhet<\/strong>Bitdefender Antivirus Plus \u00e4r perfekt f\u00f6r <strong>vardagliga anv\u00e4ndare<\/strong> som vill ha en <strong>snabbt, s\u00e4kert och bekymmersfritt<\/strong> erfarenhet av databehandling.<\/p>\n<h3><strong>Viktiga funktioner<\/strong><\/h3>\n<p>\u2705 <strong>Hotdetektering i realtid<\/strong> - Block <strong>virus, trojaner, spionprogram och avancerad skadlig kod<\/strong> innan de kan infektera ditt system.<br \/>\n\u2705 <strong>Avancerat skydd mot utpressningstrojaner<\/strong> - Flerskiktat f\u00f6rsvar f\u00f6rhindrar <strong>filkryptering och ransomware-attacker<\/strong>.<br \/>\n\u2705 <strong>Webbskydd &amp; Anti-Phishing<\/strong> - Block <strong>falska banksajter, n\u00e4tfiskebedr\u00e4gerier och bedr\u00e4gerier p\u00e5 n\u00e4tet<\/strong>.<br \/>\n\u2705 <strong>Bitdefender VPN (200 MB\/dag)<\/strong> - Krypterar din internettrafik f\u00f6r <strong>s\u00e4ker och privat surfning<\/strong>.<br \/>\n\u2705 <strong>Antisp\u00e5rning<\/strong> - F\u00f6rhindrar webbplatser fr\u00e5n att sp\u00e5ra ditt surfbeteende och samla in personuppgifter.<br \/>\n\u2705 <strong>S\u00e4kerhet f\u00f6r internetbank (Safepay\u2122)<\/strong> - Skyddar <strong>finansiella transaktioner och online-shopping<\/strong> fr\u00e5n cyberhot.<br \/>\n\u2705 <strong>R\u00e4ddningsl\u00e4ge<\/strong> - Eliminerar <strong>envis skadlig kod, rootkits och infektioner i startsektorn<\/strong> genom att k\u00f6ra en s\u00e4ker genoms\u00f6kning innan systemet startas.<br \/>\n\u2705 <strong>Autopilot och AI-driven s\u00e4kerhet<\/strong> - Automatiskt <strong>detekterar och neutraliserar<\/strong> s\u00e4kerhetshot utan manuella ingrepp.<br \/>\n\u2705 <strong>Minimal systemp\u00e5verkan<\/strong> - <strong>Optimerad f\u00f6r hastighet och prestanda<\/strong>vilket g\u00f6r att det inte blir n\u00e5gra avmattningar under spel eller multitasking.<br \/>\n\u2705 <strong>Flerskiktat f\u00f6rsvar mot skadlig programvara<\/strong> - Anv\u00e4ndningsomr\u00e5den <strong>heuristisk analys, molnbaserad scanning och beteendedetektering<\/strong> f\u00f6r att stoppa nolldagarshot.<br \/>\n\u2705 <strong>L\u00f6senordshanterare<\/strong> - S\u00e4ker lagring och autofyllning <strong>inloggningsuppgifter<\/strong> f\u00f6r alla dina konton.<br \/>\n\u2705 <strong>S\u00e5rbarhetsskanner<\/strong> - Uppt\u00e4cker <strong>f\u00f6r\u00e5ldrad programvara, svaga l\u00f6senord och s\u00e5rbarheter i systemet<\/strong> innan de blir s\u00e4kerhetsrisker.<\/p>\n<h3><strong>Minimala systemkrav<\/strong><\/h3>\n<ul>\n<li><strong>Processor<\/strong>: Dubbelk\u00e4rnig 1,6 GHz eller snabbare<\/li>\n<li><strong>RAM<\/strong>: Minst 2 GB<\/li>\n<li><strong>F\u00f6rvaring<\/strong>: 2,5 GB tillg\u00e4ngligt diskutrymme<\/li>\n<li><strong>Operativsystem<\/strong>: Windows 11, Windows 10, Windows 8.1, Windows 7 (SP1)<\/li>\n<li><strong>Internetanslutning<\/strong>: Kr\u00e4vs f\u00f6r aktivering, uppdateringar och molnbaserad skanning<\/li>\n<\/ul>\n<h3><strong>Varf\u00f6r v\u00e4lja Bitdefender Antivirus Plus?<\/strong><\/h3>\n<p>\ud83d\udd39 <strong>Essential Protection f\u00f6r Windows<\/strong> - F\u00f6rsvarar mot <strong>virus, spionprogram, utpressningstrojaner och hot p\u00e5 n\u00e4tet<\/strong>.<br \/>\n\ud83d\udd39 <strong>Ultrasnabb prestanda<\/strong> - <strong>L\u00e4ttviktig s\u00e4kerhetsmotor<\/strong> som inte g\u00f6r din dator l\u00e5ngsammare.<br \/>\n\ud83d\udd39 <strong>S\u00e4kra online-transaktioner<\/strong> - <strong>Safepay\u2122 och anti-phishing<\/strong> verktyg skyddar bank- och shopping\u00e4renden.<br \/>\n\ud83d\udd39 <strong>VPN f\u00f6r s\u00e4ker surfning<\/strong> - Bl\u00e4ddra <strong>anonymt<\/strong> med <strong>Bitdefender VPN (200 MB\/dag ing\u00e5r)<\/strong>.<br \/>\n\ud83d\udd39 <strong>St\u00e4ll in och gl\u00f6m s\u00e4kerhet<\/strong> - <strong>Autopilotl\u00e4ge automatiskt<\/strong> optimerar s\u00e4kerhetsinst\u00e4llningarna f\u00f6r ett problemfritt skydd.<\/p>\n<p>Uppgradera till <strong>Bitdefender Antivirus Plus<\/strong> idag och <strong>snabbt, intelligent och tillf\u00f6rlitligt skydd f\u00f6r din Windows-dator<\/strong>! \ud83d\ude80\ud83d\udee1\ufe0f\ud83d\udd12<\/p>","protected":false},"excerpt":{"rendered":"<p>Bitdefender Antivirus Plus \u2013 Essential Protection for Windows PCs Description Bitdefender Antivirus Plus is a lightweight, powerful, and AI-driven security solution designed for Windows users who need real-time protection against viruses, malware, ransomware, phishing, and online threats. It offers advanced cybersecurity features, including multi-layered ransomware protection, a secure VPN, and anti-phishing tools, all while ensuring [&hellip;]<\/p>","protected":false},"featured_media":1024,"comment_status":"open","ping_status":"closed","template":"","meta":{"_gspb_post_css":""},"product_brand":[],"product_cat":[76],"product_tag":[80],"class_list":{"0":"post-998","1":"product","2":"type-product","3":"status-publish","4":"has-post-thumbnail","6":"product_cat-antivirus","7":"product_tag-bitdefender","9":"first","10":"instock","11":"shipping-taxable","12":"product-type-external"},"_links":{"self":[{"href":"https:\/\/keysdock.tajnaveza.net\/sv\/wp-json\/wp\/v2\/product\/998","targetHints":{"allow":["GET"]}}],"collection":[{"href":"https:\/\/keysdock.tajnaveza.net\/sv\/wp-json\/wp\/v2\/product"}],"about":[{"href":"https:\/\/keysdock.tajnaveza.net\/sv\/wp-json\/wp\/v2\/types\/product"}],"replies":[{"embeddable":true,"href":"https:\/\/keysdock.tajnaveza.net\/sv\/wp-json\/wp\/v2\/comments?post=998"}],"wp:featuredmedia":[{"embeddable":true,"href":"https:\/\/keysdock.tajnaveza.net\/sv\/wp-json\/wp\/v2\/media\/1024"}],"wp:attachment":[{"href":"https:\/\/keysdock.tajnaveza.net\/sv\/wp-json\/wp\/v2\/media?parent=998"}],"wp:term":[{"taxonomy":"product_brand","embeddable":true,"href":"https:\/\/keysdock.tajnaveza.net\/sv\/wp-json\/wp\/v2\/product_brand?post=998"},{"taxonomy":"product_cat","embeddable":true,"href":"https:\/\/keysdock.tajnaveza.net\/sv\/wp-json\/wp\/v2\/product_cat?post=998"},{"taxonomy":"product_tag","embeddable":true,"href":"https:\/\/keysdock.tajnaveza.net\/sv\/wp-json\/wp\/v2\/product_tag?post=998"}],"curies":[{"name":"wp","href":"https:\/\/api.w.org\/{rel}","templated":true}]}}