{"id":999,"date":"2025-03-15T21:08:06","date_gmt":"2025-03-15T21:08:06","guid":{"rendered":"https:\/\/keysdock.com\/?post_type=product&#038;p=999"},"modified":"2025-10-19T07:35:35","modified_gmt":"2025-10-19T07:35:35","slug":"bitdefender-internet-security-2025-1-enhet-1-ar-licensnyckel","status":"publish","type":"product","link":"https:\/\/keysdock.tajnaveza.net\/sv\/produkt\/bitdefender-internet-security-2025-1-enhet-1-ar-licensnyckel\/","title":{"rendered":"BitDefender Internet Security 2025 |1 enhet - 1 \u00e5r| Key Nyckel License"},"content":{"rendered":"<p><strong>K\u00f6p BitDefender Internet Security 2025 licensnyckel f\u00f6r 1 enhet (1 \u00e5r) till b\u00e4sta pris. S\u00e4ker online.<\/strong><\/p>\n<h3><strong>Beskrivning<\/strong><\/h3>\n<p>Bitdefender Internet Security \u00e4r en <strong>avancerad s\u00e4kerhetsl\u00f6sning<\/strong> utformad speciellt f\u00f6r <strong>Windows-anv\u00e4ndare<\/strong> som beh\u00f6ver <strong>f\u00f6rb\u00e4ttrat skydd mot onlinehot, virus, ransomware, n\u00e4tfiske och cyberattacker<\/strong>. Med <strong>s\u00e4kerhet i flera lager, en inbyggd brandv\u00e4gg och funktioner med fokus p\u00e5 integritet<\/strong>ger det en <strong>snabb, s\u00e4ker och bekymmersfri digital upplevelse<\/strong>.<\/p>\n<p>Denna utg\u00e5va <strong>g\u00e5r ut\u00f6ver traditionellt antivirusskydd<\/strong> genom att inkludera en <strong>s\u00e4ker brandv\u00e4gg, antisp\u00e5rning, skydd f\u00f6r webbkamera och mikrofon samt f\u00f6r\u00e4ldrakontroll<\/strong>vilket g\u00f6r det till ett utm\u00e4rkt val f\u00f6r <strong>b\u00e5de privat- och f\u00f6retagsanv\u00e4ndare<\/strong>.<\/p>\n<h3><strong>Viktiga funktioner<\/strong><\/h3>\n<p>\u2705 <strong>Skydd mot skadlig kod och virus i realtid<\/strong> - Anv\u00e4ndningsomr\u00e5den <strong>AI-driven s\u00e4kerhet<\/strong> f\u00f6r att uppt\u00e4cka och avl\u00e4gsna <strong>virus, trojaner, spionprogram och rootkits<\/strong> innan de kan orsaka skada.<br \/>\n\u2705 <strong>Flerskiktat skydd mot ransomware<\/strong> - Stoppar <strong>ransomware-attacker<\/strong> och <strong>f\u00f6rhindrar kryptering av personliga filer<\/strong>.<br \/>\n\u2705 <strong>Tv\u00e5v\u00e4gs brandv\u00e4gg<\/strong> - <strong>\u00d6vervakar n\u00e4tverkstrafik<\/strong> f\u00f6r att blockera obeh\u00f6rig \u00e5tkomst och f\u00f6rhindra hackningsf\u00f6rs\u00f6k.<br \/>\n\u2705 <strong>Skydd f\u00f6r webbkamera och mikrofon<\/strong> - <strong>F\u00f6rhindrar obeh\u00f6rig \u00e5tkomst<\/strong> till kameran och mikrofonen, vilket skyddar din integritet.<br \/>\n\u2705 <strong>S\u00e4ker bank- och shoppingverksamhet p\u00e5 n\u00e4tet (Safepay\u2122)<\/strong> - <strong>Krypterad webbl\u00e4sare<\/strong> f\u00f6r s\u00e4kra finansiella transaktioner.<br \/>\n\u2705 <strong>Anti-Phishing &amp; webbskydd<\/strong> - Block <strong>bedr\u00e4gliga webbplatser, onlinebedr\u00e4gerier och falska banksidor<\/strong>.<br \/>\n\u2705 <strong>Bitdefender VPN (200 MB\/dag)<\/strong> - Krypterar din <strong>internettrafik<\/strong> f\u00f6r att h\u00e5lla surfningen s\u00e4ker och privat.<br \/>\n\u2705 <strong>Anti-Spam &amp; e-posts\u00e4kerhet<\/strong> - Skyddar mot <strong>skadliga e-postbilagor, n\u00e4tfiskebedr\u00e4gerier och skr\u00e4ppost<\/strong>.<br \/>\n\u2705 <strong>F\u00f6r\u00e4ldrakontroll<\/strong> - Ger dig m\u00f6jlighet att <strong>s\u00e4tta gr\u00e4nser f\u00f6r sk\u00e4rmtid, blockera ol\u00e4mpligt inneh\u00e5ll och sp\u00e5ra online-aktivitet<\/strong>.<br \/>\n\u2705 <strong>S\u00e4kerhetsr\u00e5dgivare f\u00f6r Wi-Fi<\/strong> - Skannar <strong>Wi-Fi-n\u00e4tverk<\/strong> efter s\u00e5rbarheter och varnar dig f\u00f6r potentiella risker.<br \/>\n\u2705 <strong>Avancerat hotf\u00f6rsvar<\/strong> - Anv\u00e4ndningsomr\u00e5den <strong>beteendem\u00e4ssig uppt\u00e4ckt<\/strong> f\u00f6r att identifiera och blockera <strong>nolldagsattacker<\/strong> innan de kan skada ditt system.<br \/>\n\u2705 <strong>Minimal systemp\u00e5verkan<\/strong> - Utformad f\u00f6r <strong>snabb prestanda<\/strong>vilket g\u00f6r att det inte blir n\u00e5gra avmattningar under spel eller multitasking.<\/p>\n<h3><strong>Minimala systemkrav<\/strong><\/h3>\n<ul>\n<li><strong>Processor<\/strong>: Dubbelk\u00e4rnig 1,6 GHz eller snabbare<\/li>\n<li><strong>RAM<\/strong>: Minst 2 GB<\/li>\n<li><strong>F\u00f6rvaring<\/strong>: 2,5 GB tillg\u00e4ngligt diskutrymme<\/li>\n<li><strong>Operativsystem<\/strong>: Windows 11, Windows 10, Windows 8.1, Windows 7 (SP1)<\/li>\n<li><strong>Internetanslutning<\/strong>: Kr\u00e4vs f\u00f6r aktivering, uppdateringar och molnbaserad skanning<\/li>\n<\/ul>\n<h3><strong>Varf\u00f6r v\u00e4lja Bitdefender Internet Security?<\/strong><\/h3>\n<p>\ud83d\udd39 <strong>Helt\u00e4ckande skydd<\/strong> - <strong>Skyddar mot skadlig kod, utpressningstrojaner och cyberhot<\/strong> med avancerade s\u00e4kerhetslager.<br \/>\n\ud83d\udd39 <strong>S\u00e4kra online-transaktioner<\/strong> - <strong>Safepay\u2122 och anti-phishing-verktyg<\/strong> skydda bank\u00e4renden och shopping p\u00e5 n\u00e4tet.<br \/>\n\ud83d\udd39 <strong>Brandv\u00e4gg och integritetsskydd<\/strong> - F\u00f6rhindrar <strong>hackningsf\u00f6rs\u00f6k och obeh\u00f6rig \u00e5tkomst<\/strong> till personuppgifter.<br \/>\n\ud83d\udd39 <strong>Webbkamera- och mikrofons\u00e4kerhet<\/strong> - <strong>Blockerar spionprogram fr\u00e5n att i hemlighet f\u00e5 tillg\u00e5ng till din kamera och mikrofon<\/strong>.<br \/>\n\ud83d\udd39 <strong>F\u00f6r\u00e4ldrakontroll och antispam<\/strong> - H\u00e5ller din familj och e-postinkorg <strong>s\u00e4ker fr\u00e5n hot p\u00e5 n\u00e4tet<\/strong>.<\/p>\n<p>Uppgradera till <strong>Bitdefender Internet-s\u00e4kerhet<\/strong> idag och njut av <strong>en s\u00e4ker, privat och blixtsnabb Windows-upplevelse<\/strong>! \ud83d\ude80\ud83d\udee1\ufe0f\ud83d\udd12<\/p>","protected":false},"excerpt":{"rendered":"<p>Bitdefender Internet Security \u2013 Advanced Protection for Windows PCs Description Bitdefender Internet Security is an advanced security solution designed specifically for Windows users who need enhanced protection against online threats, viruses, ransomware, phishing, and cyber attacks. With multi-layered security, a built-in firewall, and privacy-focused features, it provides a fast, secure, and worry-free digital experience. This [&hellip;]<\/p>","protected":false},"featured_media":1025,"comment_status":"open","ping_status":"closed","template":"","meta":{"_gspb_post_css":""},"product_brand":[],"product_cat":[76],"product_tag":[80],"class_list":{"0":"post-999","1":"product","2":"type-product","3":"status-publish","4":"has-post-thumbnail","6":"product_cat-antivirus","7":"product_tag-bitdefender","9":"first","10":"instock","11":"shipping-taxable","12":"product-type-external"},"_links":{"self":[{"href":"https:\/\/keysdock.tajnaveza.net\/sv\/wp-json\/wp\/v2\/product\/999","targetHints":{"allow":["GET"]}}],"collection":[{"href":"https:\/\/keysdock.tajnaveza.net\/sv\/wp-json\/wp\/v2\/product"}],"about":[{"href":"https:\/\/keysdock.tajnaveza.net\/sv\/wp-json\/wp\/v2\/types\/product"}],"replies":[{"embeddable":true,"href":"https:\/\/keysdock.tajnaveza.net\/sv\/wp-json\/wp\/v2\/comments?post=999"}],"wp:featuredmedia":[{"embeddable":true,"href":"https:\/\/keysdock.tajnaveza.net\/sv\/wp-json\/wp\/v2\/media\/1025"}],"wp:attachment":[{"href":"https:\/\/keysdock.tajnaveza.net\/sv\/wp-json\/wp\/v2\/media?parent=999"}],"wp:term":[{"taxonomy":"product_brand","embeddable":true,"href":"https:\/\/keysdock.tajnaveza.net\/sv\/wp-json\/wp\/v2\/product_brand?post=999"},{"taxonomy":"product_cat","embeddable":true,"href":"https:\/\/keysdock.tajnaveza.net\/sv\/wp-json\/wp\/v2\/product_cat?post=999"},{"taxonomy":"product_tag","embeddable":true,"href":"https:\/\/keysdock.tajnaveza.net\/sv\/wp-json\/wp\/v2\/product_tag?post=999"}],"curies":[{"name":"wp","href":"https:\/\/api.w.org\/{rel}","templated":true}]}}